{"id":26572,"date":"2022-06-26T15:13:39","date_gmt":"2022-06-26T15:13:39","guid":{"rendered":"https:\/\/www.tanieblaszaki.pl\/polityka-prywatnosci\/"},"modified":"2022-07-03T09:07:06","modified_gmt":"2022-07-03T09:07:06","slug":"polityka-prywatnosci","status":"publish","type":"page","link":"https:\/\/www.tanieblaszaki.pl\/sk\/polityka-prywatnosci\/","title":{"rendered":"Polityka prywatno\u015bci"},"content":{"rendered":"\t\t<div data-elementor-type=\"wp-page\" data-elementor-id=\"26572\" class=\"elementor elementor-26572\">\n\t\t\t\t\t\t<section class=\"elementor-section elementor-top-section elementor-element elementor-element-790f50c elementor-section-boxed elementor-section-height-default elementor-section-height-default\" data-id=\"790f50c\" data-element_type=\"section\" data-e-type=\"section\" data-settings=\"{&quot;background_background&quot;:&quot;gradient&quot;}\">\n\t\t\t\t\t\t<div class=\"elementor-container elementor-column-gap-default\">\n\t\t\t\t\t<div class=\"elementor-column elementor-col-100 elementor-top-column elementor-element elementor-element-adecf87\" data-id=\"adecf87\" data-element_type=\"column\" data-e-type=\"column\">\n\t\t\t<div class=\"elementor-widget-wrap elementor-element-populated\">\n\t\t\t\t\t\t<div class=\"elementor-element elementor-element-96b0496 elementor-widget elementor-widget-image-box\" data-id=\"96b0496\" data-element_type=\"widget\" data-e-type=\"widget\" data-widget_type=\"image-box.default\">\n\t\t\t\t<div class=\"elementor-widget-container\">\n\t\t\t\t\t<div class=\"elementor-image-box-wrapper\"><div class=\"elementor-image-box-content\"><h1 class=\"elementor-image-box-title\">Polityka prywatno\u015bci<\/h1><\/div><\/div>\t\t\t\t<\/div>\n\t\t\t\t<\/div>\n\t\t\t\t\t<\/div>\n\t\t<\/div>\n\t\t\t\t\t<\/div>\n\t\t<\/section>\n\t\t\t\t<section class=\"elementor-section elementor-top-section elementor-element elementor-element-2ecab58 elementor-section-boxed elementor-section-height-default elementor-section-height-default\" data-id=\"2ecab58\" data-element_type=\"section\" data-e-type=\"section\">\n\t\t\t\t\t\t<div class=\"elementor-container elementor-column-gap-default\">\n\t\t\t\t\t<div class=\"elementor-column elementor-col-100 elementor-top-column elementor-element elementor-element-c399b87\" data-id=\"c399b87\" data-element_type=\"column\" data-e-type=\"column\">\n\t\t\t<div class=\"elementor-widget-wrap elementor-element-populated\">\n\t\t\t\t\t\t<div class=\"elementor-element elementor-element-57c1323 elementor-widget elementor-widget-text-editor\" data-id=\"57c1323\" data-element_type=\"widget\" data-e-type=\"widget\" data-widget_type=\"text-editor.default\">\n\t\t\t\t<div class=\"elementor-widget-container\">\n\t\t\t\t\t\t\t\t\t<p>Na dokon\u010denie procesu objedn\u00e1vky je potrebn\u00e9 poskytn\u00fa\u0165 \u00fadaje, t. j. meno, e-mailov\u00fa adresu, telef\u00f3nne \u010d\u00edslo a adresu doru\u010denia. Poskytnutie \u00fadajov je dobrovo\u013en\u00e9, ale je potrebn\u00e9 na uskuto\u010dnenie objedn\u00e1vky. Spr\u00e1vcom va\u0161ich osobn\u00fdch \u00fadajov je <strong>EKOSTAL Damian Bia\u0142o\u0144, so s\u00eddlom v Rupni\u00f3w 296, 34-652 Nowe Rybie<\/strong>.<\/p><p>S cie\u013eom zabezpe\u010di\u0165 bezpe\u010dnos\u0165 zveren\u00fdch \u00fadajov sme vypracovali postupy, ktor\u00e9 zabra\u0148uj\u00fa spr\u00edstupneniu \u00fadajov neopr\u00e1vnen\u00fdm osob\u00e1m. V ka\u017edej f\u00e1ze monitorujeme pou\u017e\u00edvanie va\u0161ich osobn\u00fdch \u00fadajov a s\u00falad postupov s pr\u00edslu\u0161n\u00fdmi pr\u00e1vnymi predpismi &#8211; vr\u00e1tane z\u00e1kona o ochrane \u00fadajov, poskytovania elektronick\u00fdch slu\u017eieb, z\u00e1kona RODO.<\/p><p>\u00dadaje o objedn\u00e1vke sa sprac\u00favaj\u00fa po dobu potrebn\u00fa na spracovanie objedn\u00e1vky a do uplynutia preml\u010dacej lehoty pre zmluvn\u00e9 n\u00e1roky. Po uplynut\u00ed tohto obdobia m\u00f4\u017eeme \u00fadaje sprac\u00fava\u0165 na \u0161tatistick\u00e9 \u00fa\u010dely. Po uplynut\u00ed preml\u010dacej lehoty pre zmluvn\u00e9 n\u00e1roky m\u00e1te mo\u017enos\u0165 vymaza\u0165 svoje osobn\u00e9 \u00fadaje z na\u0161ej datab\u00e1zy alebo ich prenies\u0165 v s\u00falade s \u010dl\u00e1nkom 20 RODO.<\/p><p>Na webovej str\u00e1nke <a href=\"https:\/\/www.tanieblaszaki.pl\">www.tanieblaszaki.pl<\/a> Pou\u017e\u00edvame analytick\u00e9 n\u00e1stroje, t. j. Google Analytics a Google AdWords, aby sme zlep\u0161ili na\u0161e obchodn\u00e9 ponuky a spr\u00e1vne fungovanie webovej str\u00e1nky. Pomocou mechanizmu spr\u00e1vy nastaven\u00ed s\u00faborov cookie m\u00f4\u017eete obmedzi\u0165 inform\u00e1cie, ktor\u00e9 zhroma\u017e\u010fujeme o va\u0161om spr\u00e1van\u00ed na na\u0161ej webovej lokalite, vr\u00e1tane obsahu, ktor\u00fd ste si pozreli.<\/p><p>Ak m\u00e1te ak\u00e9ko\u013evek obavy t\u00fdkaj\u00face sa na\u0161ich z\u00e1sad ochrany osobn\u00fdch \u00fadajov, nev\u00e1hajte n\u00e1s kontaktova\u0165: <a href=\"mailto:kontakt@tanieblaszaki.pl\">kontakt@tanieblaszaki.pl<\/a><\/p>\t\t\t\t\t\t\t\t<\/div>\n\t\t\t\t<\/div>\n\t\t\t\t\t<\/div>\n\t\t<\/div>\n\t\t\t\t\t<\/div>\n\t\t<\/section>\n\t\t\t\t<\/div>\n\t\t","protected":false},"excerpt":{"rendered":"<p>Polityka prywatno\u015bci Na dokon\u010denie procesu objedn\u00e1vky je potrebn\u00e9 poskytn\u00fa\u0165 \u00fadaje, t. j. meno, e-mailov\u00fa adresu, telef\u00f3nne \u010d\u00edslo a adresu doru\u010denia. Poskytnutie \u00fadajov je dobrovo\u013en\u00e9, ale je potrebn\u00e9 na uskuto\u010dnenie objedn\u00e1vky. Spr\u00e1vcom va\u0161ich osobn\u00fdch \u00fadajov je EKOSTAL Damian Bia\u0142o\u0144, so s\u00eddlom v Rupni\u00f3w 296, 34-652 Nowe Rybie. S cie\u013eom zabezpe\u010di\u0165 bezpe\u010dnos\u0165 zveren\u00fdch \u00fadajov sme vypracovali postupy, [&hellip;]<\/p>\n","protected":false},"author":1,"featured_media":0,"parent":0,"menu_order":0,"comment_status":"closed","ping_status":"open","template":"","meta":{"site-sidebar-layout":"no-sidebar","site-content-layout":"page-builder","ast-site-content-layout":"default","site-content-style":"default","site-sidebar-style":"default","ast-global-header-display":"","ast-banner-title-visibility":"","ast-main-header-display":"","ast-hfb-above-header-display":"","ast-hfb-below-header-display":"","ast-hfb-mobile-header-display":"","site-post-title":"disabled","ast-breadcrumbs-content":"","ast-featured-img":"disabled","footer-sml-layout":"","ast-disable-related-posts":"","theme-transparent-header-meta":"","adv-header-id-meta":"","stick-header-meta":"","header-above-stick-meta":"","header-main-stick-meta":"","header-below-stick-meta":"","astra-migrate-meta-layouts":"default","ast-page-background-enabled":"default","ast-page-background-meta":{"desktop":{"background-color":"","background-image":"","background-repeat":"repeat","background-position":"center center","background-size":"auto","background-attachment":"scroll","background-type":"","background-media":"","overlay-type":"","overlay-color":"","overlay-opacity":"","overlay-gradient":""},"tablet":{"background-color":"","background-image":"","background-repeat":"repeat","background-position":"center center","background-size":"auto","background-attachment":"scroll","background-type":"","background-media":"","overlay-type":"","overlay-color":"","overlay-opacity":"","overlay-gradient":""},"mobile":{"background-color":"","background-image":"","background-repeat":"repeat","background-position":"center center","background-size":"auto","background-attachment":"scroll","background-type":"","background-media":"","overlay-type":"","overlay-color":"","overlay-opacity":"","overlay-gradient":""}},"ast-content-background-meta":{"desktop":{"background-color":"var(--ast-global-color-5)","background-image":"","background-repeat":"repeat","background-position":"center center","background-size":"auto","background-attachment":"scroll","background-type":"","background-media":"","overlay-type":"","overlay-color":"","overlay-opacity":"","overlay-gradient":""},"tablet":{"background-color":"var(--ast-global-color-5)","background-image":"","background-repeat":"repeat","background-position":"center center","background-size":"auto","background-attachment":"scroll","background-type":"","background-media":"","overlay-type":"","overlay-color":"","overlay-opacity":"","overlay-gradient":""},"mobile":{"background-color":"var(--ast-global-color-5)","background-image":"","background-repeat":"repeat","background-position":"center center","background-size":"auto","background-attachment":"scroll","background-type":"","background-media":"","overlay-type":"","overlay-color":"","overlay-opacity":"","overlay-gradient":""}},"footnotes":""},"class_list":["post-26572","page","type-page","status-publish","hentry"],"_links":{"self":[{"href":"https:\/\/www.tanieblaszaki.pl\/sk\/wp-json\/wp\/v2\/pages\/26572","targetHints":{"allow":["GET"]}}],"collection":[{"href":"https:\/\/www.tanieblaszaki.pl\/sk\/wp-json\/wp\/v2\/pages"}],"about":[{"href":"https:\/\/www.tanieblaszaki.pl\/sk\/wp-json\/wp\/v2\/types\/page"}],"author":[{"embeddable":true,"href":"https:\/\/www.tanieblaszaki.pl\/sk\/wp-json\/wp\/v2\/users\/1"}],"replies":[{"embeddable":true,"href":"https:\/\/www.tanieblaszaki.pl\/sk\/wp-json\/wp\/v2\/comments?post=26572"}],"version-history":[{"count":0,"href":"https:\/\/www.tanieblaszaki.pl\/sk\/wp-json\/wp\/v2\/pages\/26572\/revisions"}],"wp:attachment":[{"href":"https:\/\/www.tanieblaszaki.pl\/sk\/wp-json\/wp\/v2\/media?parent=26572"}],"curies":[{"name":"wp","href":"https:\/\/api.w.org\/{rel}","templated":true}]}}