{"id":26500,"date":"2018-12-07T12:51:06","date_gmt":"2018-12-07T12:51:06","guid":{"rendered":"https:\/\/www.tanieblaszaki.pl\/o-spolocnosti\/"},"modified":"2022-07-03T08:58:27","modified_gmt":"2022-07-03T08:58:27","slug":"o-spolocnosti","status":"publish","type":"page","link":"https:\/\/www.tanieblaszaki.pl\/sk\/o-spolocnosti\/","title":{"rendered":"O spolo\u010dnosti"},"content":{"rendered":"\t\t<div data-elementor-type=\"wp-post\" data-elementor-id=\"26500\" class=\"elementor elementor-26500\">\n\t\t\t\t\t\t<section class=\"elementor-section elementor-top-section elementor-element elementor-element-65ddfad3 elementor-section-boxed elementor-section-height-default elementor-section-height-default\" data-id=\"65ddfad3\" data-element_type=\"section\" data-e-type=\"section\" data-settings=\"{&quot;background_background&quot;:&quot;gradient&quot;}\">\n\t\t\t\t\t\t<div class=\"elementor-container elementor-column-gap-default\">\n\t\t\t\t\t<div class=\"elementor-column elementor-col-100 elementor-top-column elementor-element elementor-element-c947ffe\" data-id=\"c947ffe\" data-element_type=\"column\" data-e-type=\"column\">\n\t\t\t<div class=\"elementor-widget-wrap elementor-element-populated\">\n\t\t\t\t\t\t<div class=\"elementor-element elementor-element-35eed52 elementor-widget elementor-widget-image-box\" data-id=\"35eed52\" data-element_type=\"widget\" data-e-type=\"widget\" data-widget_type=\"image-box.default\">\n\t\t\t\t<div class=\"elementor-widget-container\">\n\t\t\t\t\t<div class=\"elementor-image-box-wrapper\"><div class=\"elementor-image-box-content\"><h1 class=\"elementor-image-box-title\">O SPOLO\u010cNOSTI<\/h1><\/div><\/div>\t\t\t\t<\/div>\n\t\t\t\t<\/div>\n\t\t\t\t\t<\/div>\n\t\t<\/div>\n\t\t\t\t\t<\/div>\n\t\t<\/section>\n\t\t\t\t<section class=\"elementor-section elementor-top-section elementor-element elementor-element-j7o7r8q elementor-section-content-middle elementor-section-boxed elementor-section-height-default elementor-section-height-default\" data-id=\"j7o7r8q\" data-element_type=\"section\" data-e-type=\"section\">\n\t\t\t\t\t\t<div class=\"elementor-container elementor-column-gap-no\">\n\t\t\t\t\t<div class=\"elementor-column elementor-col-33 elementor-top-column elementor-element elementor-element-885cb99\" data-id=\"885cb99\" data-element_type=\"column\" data-e-type=\"column\">\n\t\t\t<div class=\"elementor-widget-wrap elementor-element-populated\">\n\t\t\t\t\t\t<div class=\"elementor-element elementor-element-50ddc50 elementor-widget elementor-widget-heading\" data-id=\"50ddc50\" data-element_type=\"widget\" data-e-type=\"widget\" data-widget_type=\"heading.default\">\n\t\t\t\t<div class=\"elementor-widget-container\">\n\t\t\t\t\t<h2 class=\"elementor-heading-title elementor-size-default\">O spolo\u010dnosti - v\u00fdrobca gar\u00e1\u017e\u00ed z Malopo\u013eska<\/h2>\t\t\t\t<\/div>\n\t\t\t\t<\/div>\n\t\t\t\t\t<\/div>\n\t\t<\/div>\n\t\t\t\t<div class=\"elementor-column elementor-col-66 elementor-top-column elementor-element elementor-element-105f188\" data-id=\"105f188\" data-element_type=\"column\" data-e-type=\"column\">\n\t\t\t<div class=\"elementor-widget-wrap elementor-element-populated\">\n\t\t\t\t\t\t<div class=\"elementor-element elementor-element-4918b41 elementor-widget elementor-widget-text-editor\" data-id=\"4918b41\" data-element_type=\"widget\" data-e-type=\"widget\" data-widget_type=\"text-editor.default\">\n\t\t\t\t<div class=\"elementor-widget-container\">\n\t\t\t\t\t\t\t\t\t<p><storng>EKOSTAL<\/strong> je r\u00fdchlo rast\u00faca spolo\u010dnos\u0165, ktor\u00e1 si stanovila za cie\u013e spokojnos\u0165 z\u00e1kazn\u00edkov. Ako v\u00fdrobca plechov\u00fdch gar\u00e1\u017e\u00ed pou\u017e\u00edvame vysokokvalitn\u00e9 materi\u00e1ly a na\u0161e gar\u00e1\u017ee sa vyzna\u010duj\u00fa vysokou odolnos\u0165ou, estetikou a pevnos\u0165ou spracovania. M\u00e1me t\u00edm zamestnancov, ktor\u00ed dok\u00e1\u017eu splni\u0165 va\u0161e o\u010dak\u00e1vania, poradi\u0165 a navrhn\u00fa\u0165 najlep\u0161ie rie\u0161enie. Ku ka\u017ed\u00e9mu z\u00e1kazn\u00edkovi sa sna\u017e\u00edme pristupova\u0165 individu\u00e1lne.<p>\t\t\t\t\t\t\t\t<\/div>\n\t\t\t\t<\/div>\n\t\t\t\t\t<\/div>\n\t\t<\/div>\n\t\t\t\t\t<\/div>\n\t\t<\/section>\n\t\t\t\t<section class=\"elementor-section elementor-top-section elementor-element elementor-element-kndak2q elementor-section-content-middle elementor-section-boxed elementor-section-height-default elementor-section-height-default\" data-id=\"kndak2q\" data-element_type=\"section\" data-e-type=\"section\" data-settings=\"{&quot;background_background&quot;:&quot;classic&quot;}\">\n\t\t\t\t\t\t<div class=\"elementor-container elementor-column-gap-no\">\n\t\t\t\t\t<div class=\"elementor-column elementor-col-66 elementor-top-column elementor-element elementor-element-2b10226\" data-id=\"2b10226\" data-element_type=\"column\" data-e-type=\"column\">\n\t\t\t<div class=\"elementor-widget-wrap elementor-element-populated\">\n\t\t\t\t\t\t<div class=\"elementor-element elementor-element-fc6092a elementor-widget elementor-widget-image\" data-id=\"fc6092a\" data-element_type=\"widget\" data-e-type=\"widget\" data-widget_type=\"image.default\">\n\t\t\t\t<div class=\"elementor-widget-container\">\n\t\t\t\t\t\t\t\t\t\t\t\t\t\t\t<img fetchpriority=\"high\" decoding=\"async\" width=\"1920\" height=\"1440\" src=\"https:\/\/www.tanieblaszaki.pl\/wp-content\/uploads\/2022\/06\/received_188948206044721-scaled.jpeg\" class=\"attachment-full size-full wp-image-25926\" alt=\"\" srcset=\"https:\/\/www.tanieblaszaki.pl\/wp-content\/uploads\/2022\/06\/received_188948206044721-scaled.jpeg 1920w, https:\/\/www.tanieblaszaki.pl\/wp-content\/uploads\/2022\/06\/received_188948206044721-300x225.jpeg 300w, https:\/\/www.tanieblaszaki.pl\/wp-content\/uploads\/2022\/06\/received_188948206044721-1024x768.jpeg 1024w, https:\/\/www.tanieblaszaki.pl\/wp-content\/uploads\/2022\/06\/received_188948206044721-768x576.jpeg 768w, https:\/\/www.tanieblaszaki.pl\/wp-content\/uploads\/2022\/06\/received_188948206044721-1536x1152.jpeg 1536w, https:\/\/www.tanieblaszaki.pl\/wp-content\/uploads\/2022\/06\/received_188948206044721-2048x1536.jpeg 2048w, https:\/\/www.tanieblaszaki.pl\/wp-content\/uploads\/2022\/06\/received_188948206044721-600x450.jpeg 600w\" sizes=\"(max-width: 1920px) 100vw, 1920px\" \/>\t\t\t\t\t\t\t\t\t\t\t\t\t\t\t<\/div>\n\t\t\t\t<\/div>\n\t\t\t\t\t<\/div>\n\t\t<\/div>\n\t\t\t\t<div class=\"elementor-column elementor-col-33 elementor-top-column elementor-element elementor-element-1e8e919\" data-id=\"1e8e919\" data-element_type=\"column\" data-e-type=\"column\">\n\t\t\t<div class=\"elementor-widget-wrap elementor-element-populated\">\n\t\t\t\t\t\t<div class=\"elementor-element elementor-element-755d715 elementor-widget elementor-widget-heading\" data-id=\"755d715\" data-element_type=\"widget\" data-e-type=\"widget\" data-widget_type=\"heading.default\">\n\t\t\t\t<div class=\"elementor-widget-container\">\n\t\t\t\t\t<h2 class=\"elementor-heading-title elementor-size-default\">Predaj a mont\u00e1\u017e plechov\u00fdch gar\u00e1\u017e\u00ed<\/h2>\t\t\t\t<\/div>\n\t\t\t\t<\/div>\n\t\t\t\t<div class=\"elementor-element elementor-element-cf39eb3 elementor-widget elementor-widget-text-editor\" data-id=\"cf39eb3\" data-element_type=\"widget\" data-e-type=\"widget\" data-widget_type=\"text-editor.default\">\n\t\t\t\t<div class=\"elementor-widget-container\">\n\t\t\t\t\t\t\t\t\t<p>Pon\u00fakame <strong>predaj a mont\u00e1\u017e plechov\u00fdch gar\u00e1\u017e\u00ed<\/strong>, ako aj \u010fal\u0161ie kovov\u00e9 kon\u0161trukcie, napr\u00edklad koterce pre psov, b\u00fady a in\u00e9 na po\u017eiadanie, za najni\u017e\u0161ie ceny na trhu<\/strong>. Na\u0161a ponuka je zameran\u00e1 na individu\u00e1lnych z\u00e1kazn\u00edkov, ako aj na firmy a in\u0161tit\u00facie. Pou\u017e\u00edvame bezpe\u010dn\u00e9, funk\u010dn\u00e9 a overen\u00e9 rie\u0161enia.<\/p>\t\t\t\t\t\t\t\t<\/div>\n\t\t\t\t<\/div>\n\t\t\t\t<div class=\"elementor-element elementor-element-6c7085c elementor-widget elementor-widget-text-editor\" data-id=\"6c7085c\" data-element_type=\"widget\" data-e-type=\"widget\" data-widget_type=\"text-editor.default\">\n\t\t\t\t<div class=\"elementor-widget-container\">\n\t\t\t\t\t\t\t\t\t<ul><li>plechov\u00e9 gar\u00e1\u017ee<\/li><li>koterce pre psov<\/li><li>plechov\u00e9 pr\u00edstre\u0161ky<\/li><li>kiosky<\/li><li>kovov\u00e9 kon\u0161trukcie<\/li><li>in\u00e9<\/li><\/ul>\t\t\t\t\t\t\t\t<\/div>\n\t\t\t\t<\/div>\n\t\t\t\t\t<\/div>\n\t\t<\/div>\n\t\t\t\t\t<\/div>\n\t\t<\/section>\n\t\t\t\t<section class=\"elementor-section elementor-top-section elementor-element elementor-element-ndtqqjd elementor-section-boxed elementor-section-height-default elementor-section-height-default\" data-id=\"ndtqqjd\" data-element_type=\"section\" data-e-type=\"section\">\n\t\t\t\t\t\t<div class=\"elementor-container elementor-column-gap-no\">\n\t\t\t\t\t<div class=\"elementor-column elementor-col-33 elementor-top-column elementor-element elementor-element-c927f23\" data-id=\"c927f23\" data-element_type=\"column\" data-e-type=\"column\">\n\t\t\t<div class=\"elementor-widget-wrap elementor-element-populated\">\n\t\t\t\t\t\t<div class=\"elementor-element elementor-element-bf8264c elementor-widget elementor-widget-heading\" data-id=\"bf8264c\" data-element_type=\"widget\" data-e-type=\"widget\" data-widget_type=\"heading.default\">\n\t\t\t\t<div class=\"elementor-widget-container\">\n\t\t\t\t\t<h2 class=\"elementor-heading-title elementor-size-default\">Plechov\u00e9 gar\u00e1\u017ee z Limanowej<\/h2>\t\t\t\t<\/div>\n\t\t\t\t<\/div>\n\t\t\t\t\t<\/div>\n\t\t<\/div>\n\t\t\t\t<div class=\"elementor-column elementor-col-66 elementor-top-column elementor-element elementor-element-61ca281\" data-id=\"61ca281\" data-element_type=\"column\" data-e-type=\"column\">\n\t\t\t<div class=\"elementor-widget-wrap elementor-element-populated\">\n\t\t\t\t\t\t<div class=\"elementor-element elementor-element-338057a elementor-widget elementor-widget-text-editor\" data-id=\"338057a\" data-element_type=\"widget\" data-e-type=\"widget\" data-widget_type=\"text-editor.default\">\n\t\t\t\t<div class=\"elementor-widget-container\">\n\t\t\t\t\t\t\t\t\t<p>Na\u0161a spolo\u010dnos\u0165 sa nach\u00e1dza v bl\u00edzkosti <strong>Limanowej<\/strong>, ale <strong>p\u00f4sob\u00edme na celo\u0161t\u00e1tnej \u00farovni \u2013 <\/strong>zabezpe\u010dujeme mont\u00e1\u017e a prepravu. Nev\u00e1hajte n\u00e1s kontaktova\u0165 pre kompletnej\u0161iu ponuku a individu\u00e1lne rie\u0161enia \u2013 <strong><a href=\"https:\/\/www.tanieblaszaki.pl\/kontakt\/\">Kontaktujte n\u00e1s<\/a>!<\/strong><\/p>\t\t\t\t\t\t\t\t<\/div>\n\t\t\t\t<\/div>\n\t\t\t\t\t<\/div>\n\t\t<\/div>\n\t\t\t\t\t<\/div>\n\t\t<\/section>\n\t\t\t\t<\/div>\n\t\t","protected":false},"excerpt":{"rendered":"<p>O SPOLO\u010cNOSTI O spolo\u010dnosti &#8211; v\u00fdrobca gar\u00e1\u017e\u00ed z Malopo\u013eska EKOSTAL je r\u00fdchlo rast\u00faca spolo\u010dnos\u0165, ktor\u00e1 si stanovila za cie\u013e spokojnos\u0165 z\u00e1kazn\u00edkov. Ako v\u00fdrobca plechov\u00fdch gar\u00e1\u017e\u00ed pou\u017e\u00edvame vysokokvalitn\u00e9 materi\u00e1ly a na\u0161e gar\u00e1\u017ee sa vyzna\u010duj\u00fa vysokou odolnos\u0165ou, estetikou a pevnos\u0165ou spracovania. M\u00e1me t\u00edm zamestnancov, ktor\u00ed dok\u00e1\u017eu splni\u0165 va\u0161e o\u010dak\u00e1vania, poradi\u0165 a navrhn\u00fa\u0165 najlep\u0161ie rie\u0161enie. Ku ka\u017ed\u00e9mu z\u00e1kazn\u00edkovi [&hellip;]<\/p>\n","protected":false},"author":1,"featured_media":0,"parent":0,"menu_order":0,"comment_status":"closed","ping_status":"closed","template":"","meta":{"site-sidebar-layout":"no-sidebar","site-content-layout":"page-builder","ast-site-content-layout":"default","site-content-style":"default","site-sidebar-style":"default","ast-global-header-display":"","ast-banner-title-visibility":"","ast-main-header-display":"","ast-hfb-above-header-display":"","ast-hfb-below-header-display":"","ast-hfb-mobile-header-display":"","site-post-title":"disabled","ast-breadcrumbs-content":"","ast-featured-img":"disabled","footer-sml-layout":"","ast-disable-related-posts":"","theme-transparent-header-meta":"enabled","adv-header-id-meta":"","stick-header-meta":"","header-above-stick-meta":"","header-main-stick-meta":"","header-below-stick-meta":"","astra-migrate-meta-layouts":"default","ast-page-background-enabled":"default","ast-page-background-meta":{"desktop":{"background-color":"","background-image":"","background-repeat":"repeat","background-position":"center center","background-size":"auto","background-attachment":"scroll","background-type":"","background-media":"","overlay-type":"","overlay-color":"","overlay-opacity":"","overlay-gradient":""},"tablet":{"background-color":"","background-image":"","background-repeat":"repeat","background-position":"center center","background-size":"auto","background-attachment":"scroll","background-type":"","background-media":"","overlay-type":"","overlay-color":"","overlay-opacity":"","overlay-gradient":""},"mobile":{"background-color":"","background-image":"","background-repeat":"repeat","background-position":"center center","background-size":"auto","background-attachment":"scroll","background-type":"","background-media":"","overlay-type":"","overlay-color":"","overlay-opacity":"","overlay-gradient":""}},"ast-content-background-meta":{"desktop":{"background-color":"var(--ast-global-color-5)","background-image":"","background-repeat":"repeat","background-position":"center center","background-size":"auto","background-attachment":"scroll","background-type":"","background-media":"","overlay-type":"","overlay-color":"","overlay-opacity":"","overlay-gradient":""},"tablet":{"background-color":"var(--ast-global-color-5)","background-image":"","background-repeat":"repeat","background-position":"center center","background-size":"auto","background-attachment":"scroll","background-type":"","background-media":"","overlay-type":"","overlay-color":"","overlay-opacity":"","overlay-gradient":""},"mobile":{"background-color":"var(--ast-global-color-5)","background-image":"","background-repeat":"repeat","background-position":"center center","background-size":"auto","background-attachment":"scroll","background-type":"","background-media":"","overlay-type":"","overlay-color":"","overlay-opacity":"","overlay-gradient":""}},"footnotes":""},"class_list":["post-26500","page","type-page","status-publish","hentry"],"_links":{"self":[{"href":"https:\/\/www.tanieblaszaki.pl\/sk\/wp-json\/wp\/v2\/pages\/26500","targetHints":{"allow":["GET"]}}],"collection":[{"href":"https:\/\/www.tanieblaszaki.pl\/sk\/wp-json\/wp\/v2\/pages"}],"about":[{"href":"https:\/\/www.tanieblaszaki.pl\/sk\/wp-json\/wp\/v2\/types\/page"}],"author":[{"embeddable":true,"href":"https:\/\/www.tanieblaszaki.pl\/sk\/wp-json\/wp\/v2\/users\/1"}],"replies":[{"embeddable":true,"href":"https:\/\/www.tanieblaszaki.pl\/sk\/wp-json\/wp\/v2\/comments?post=26500"}],"version-history":[{"count":0,"href":"https:\/\/www.tanieblaszaki.pl\/sk\/wp-json\/wp\/v2\/pages\/26500\/revisions"}],"wp:attachment":[{"href":"https:\/\/www.tanieblaszaki.pl\/sk\/wp-json\/wp\/v2\/media?parent=26500"}],"curies":[{"name":"wp","href":"https:\/\/api.w.org\/{rel}","templated":true}]}}