{"id":26553,"date":"2022-06-28T17:26:43","date_gmt":"2022-06-28T17:26:43","guid":{"rendered":"https:\/\/www.tanieblaszaki.pl\/lemezgarazsok-rendelese\/"},"modified":"2022-07-03T10:02:30","modified_gmt":"2022-07-03T10:02:30","slug":"lemezgarazsok-rendelese","status":"publish","type":"page","link":"https:\/\/www.tanieblaszaki.pl\/hu\/lemezgarazsok-rendelese\/","title":{"rendered":"Lemezgar\u00e1zsok rendel\u00e9se"},"content":{"rendered":"\t\t<div data-elementor-type=\"wp-page\" data-elementor-id=\"26553\" class=\"elementor elementor-26553\">\n\t\t\t\t\t\t<section class=\"elementor-section elementor-top-section elementor-element elementor-element-ba80e8e elementor-section-boxed elementor-section-height-default elementor-section-height-default\" data-id=\"ba80e8e\" data-element_type=\"section\" data-e-type=\"section\" data-settings=\"{&quot;background_background&quot;:&quot;gradient&quot;}\">\n\t\t\t\t\t\t<div class=\"elementor-container elementor-column-gap-default\">\n\t\t\t\t\t<div class=\"elementor-column elementor-col-100 elementor-top-column elementor-element elementor-element-a349aca\" data-id=\"a349aca\" data-element_type=\"column\" data-e-type=\"column\">\n\t\t\t<div class=\"elementor-widget-wrap elementor-element-populated\">\n\t\t\t\t\t\t<div class=\"elementor-element elementor-element-3807ee9 elementor-widget elementor-widget-image-box\" data-id=\"3807ee9\" data-element_type=\"widget\" data-e-type=\"widget\" data-widget_type=\"image-box.default\">\n\t\t\t\t<div class=\"elementor-widget-container\">\n\t\t\t\t\t<div class=\"elementor-image-box-wrapper\"><div class=\"elementor-image-box-content\"><h1 class=\"elementor-image-box-title\">B\u00c1DOGGAR\u00c1ZSOK RENDEL\u00c9SE<\/h1><p class=\"elementor-image-box-description\">Ha konkr\u00e9t m\u00e9retekkel rendelkez\u0151 gar\u00e1zst szeretne rendelni, vagy \u00e1raj\u00e1nlatot szeretne kapni, k\u00e9rj\u00fck, haszn\u00e1lja az al\u00e1bbi \u0171rlapot. A gar\u00e1zs megrendel\u00e9s\u00e9nek menete a k\u00f6vetkez\u0151 - a k\u00e9relem be\u00e9rkez\u00e9se ut\u00e1n munkat\u00e1rsunk telefonon felveszi \u00d6nnel a kapcsolatot, hogy meger\u0151s\u00edtse a megrendel\u00e9s\u00e9t \u00e9s a megrendel\u00e9s minden r\u00e9szlet\u00e9t (min. sz\u00e1ll\u00edt\u00e1si id\u0151, megrendel\u00e9s \u00e1ra).<\/p><\/div><\/div>\t\t\t\t<\/div>\n\t\t\t\t<\/div>\n\t\t\t\t\t<\/div>\n\t\t<\/div>\n\t\t\t\t\t<\/div>\n\t\t<\/section>\n\t\t\t\t<section class=\"elementor-section elementor-top-section elementor-element elementor-element-d86c726 elementor-section-boxed elementor-section-height-default elementor-section-height-default\" data-id=\"d86c726\" data-element_type=\"section\" data-e-type=\"section\">\n\t\t\t\t\t\t<div class=\"elementor-container elementor-column-gap-default\">\n\t\t\t\t\t<div class=\"elementor-column elementor-col-100 elementor-top-column elementor-element elementor-element-d90beb9\" data-id=\"d90beb9\" data-element_type=\"column\" data-e-type=\"column\">\n\t\t\t<div class=\"elementor-widget-wrap elementor-element-populated\">\n\t\t\t\t\t\t<div class=\"elementor-element elementor-element-47ce3af elementor-widget elementor-widget-shortcode\" data-id=\"47ce3af\" data-element_type=\"widget\" data-e-type=\"widget\" data-widget_type=\"shortcode.default\">\n\t\t\t\t<div class=\"elementor-widget-container\">\n\t\t\t\t\t\t\t<div class=\"elementor-shortcode\">\n            <div \n                class=\"elfsight-widget-contact-form elfsight-widget\" \n                data-elfsight-contact-form-options=\"%7B%22ei%22%3A%22%22%2C%22fields%22%3A%5B%7B%22type%22%3A%22text%22%2C%22placeholder%22%3A%22%22%2C%22description%22%3A%22%22%2C%22label%22%3A%22N%5Cu00e9v%22%2C%22required%22%3Atrue%2C%22columnWidth%22%3A50%2C%22id%22%3A%22%5Bn%5Cu00e9v%5D%22%7D%2C%7B%22type%22%3A%22email%22%2C%22label%22%3A%22Email%22%2C%22description%22%3A%22%22%2C%22placeholder%22%3A%22%22%2C%22required%22%3Atrue%2C%22columnWidth%22%3A50%2C%22id%22%3A%22%5Bemail%5D%22%7D%2C%7B%22type%22%3A%22phone%22%2C%22label%22%3A%22Telefonsz%5Cu00e1m%22%2C%22placeholder%22%3A%22%22%2C%22description%22%3A%22%22%2C%22required%22%3Atrue%2C%22columnWidth%22%3A50%2C%22id%22%3A%22%5Btelefonsz%5Cu00e1m%5D%22%7D%2C%7B%22type%22%3A%22text%22%2C%22placeholder%22%3A%22%22%2C%22description%22%3A%22%22%2C%22label%22%3A%22Sz%5Cu00e1ll%5Cu00edt%5Cu00e1si%20c%5Cu00edm%22%2C%22required%22%3Afalse%2C%22columnWidth%22%3A50%2C%22id%22%3A%22%5Bsz%5Cu00e1ll%5Cu00edt%5Cu00e1si-c%5Cu00edm%5D%22%7D%2C%7B%22type%22%3A%22text%22%2C%22label%22%3A%22Sz%5Cu00e9less%5Cu00e9g%20%28m%29%22%2C%22name%22%3A%22%22%2C%22placeholder%22%3A%22%22%2C%22options%22%3A%22Option%201%5CnOption%202%22%2C%22scaleNumbersMin%22%3A1%2C%22scaleNumbersMax%22%3A10%2C%22leftCaption%22%3A%22Not%20likely%22%2C%22rightCaption%22%3A%22Very%20likely%22%2C%22fileLinkCaption%22%3A%22Choose%20file%22%2C%22fileDragCaption%22%3A%22or%20drag%20%26%20drop%20here%22%2C%22text%22%3A%22Text%22%2C%22title%22%3A%22Heading%22%2C%22caption%22%3A%22%22%2C%22value%22%3A%22%22%2C%22labelText%22%3A%22Label%22%2C%22dateTime%22%3A%22date%22%2C%22dateFormat%22%3A%22d.m.Y%22%2C%22timeFormat%22%3A%22H%3Ai%22%2C%22starsCount%22%3A5%2C%22required%22%3Afalse%2C%22description%22%3A%22%22%2C%22columnWidth%22%3A50%2C%22elementColumnWidth%22%3A100%2C%22fileAllowedAll%22%3Atrue%2C%22fileAllowed%22%3A%5B%22.jpg%22%2C%22.jpeg%22%2C%22.png%22%2C%22.gif%22%2C%22.txt%22%2C%22.pdf%22%2C%22.doc%22%2C%22.docx%22%2C%22.pages%22%2C%22.numbers%22%2C%22.xls%22%2C%22.xlsx%22%2C%22.odt%22%2C%22.ppt%22%2C%22.pptx%22%2C%22.pps%22%2C%22.ppsx%22%2C%22.html%22%5D%2C%22fileMax%22%3A25%2C%22fields%22%3A%22%22%2C%22id%22%3A%22%5Bsz%5Cu00e9less%5Cu00e9g-%28m%29%5D%22%7D%2C%7B%22type%22%3A%22text%22%2C%22label%22%3A%22Hossz%5Cu00fas%5Cu00e1g%20%28m%29%22%2C%22name%22%3A%22%22%2C%22placeholder%22%3A%22%22%2C%22options%22%3A%22Option%201%5CnOption%202%22%2C%22scaleNumbersMin%22%3A1%2C%22scaleNumbersMax%22%3A10%2C%22leftCaption%22%3A%22Not%20likely%22%2C%22rightCaption%22%3A%22Very%20likely%22%2C%22fileLinkCaption%22%3A%22Choose%20file%22%2C%22fileDragCaption%22%3A%22or%20drag%20%26%20drop%20here%22%2C%22text%22%3A%22Text%22%2C%22title%22%3A%22Heading%22%2C%22caption%22%3A%22%22%2C%22value%22%3A%22%22%2C%22labelText%22%3A%22Label%22%2C%22dateTime%22%3A%22date%22%2C%22dateFormat%22%3A%22d.m.Y%22%2C%22timeFormat%22%3A%22H%3Ai%22%2C%22starsCount%22%3A5%2C%22required%22%3Afalse%2C%22description%22%3A%22%22%2C%22columnWidth%22%3A50%2C%22elementColumnWidth%22%3A100%2C%22fileAllowedAll%22%3Atrue%2C%22fileAllowed%22%3A%5B%22.jpg%22%2C%22.jpeg%22%2C%22.png%22%2C%22.gif%22%2C%22.txt%22%2C%22.pdf%22%2C%22.doc%22%2C%22.docx%22%2C%22.pages%22%2C%22.numbers%22%2C%22.xls%22%2C%22.xlsx%22%2C%22.odt%22%2C%22.ppt%22%2C%22.pptx%22%2C%22.pps%22%2C%22.ppsx%22%2C%22.html%22%5D%2C%22fileMax%22%3A25%2C%22fields%22%3A%22%22%2C%22id%22%3A%22%5Bhossz%5Cu00fas%5Cu00e1g-%28m%29%5D%22%7D%2C%7B%22type%22%3A%22checkbox%22%2C%22label%22%3A%22A%20nyit%5Cu00e1s%20m%5Cu00f3dja%22%2C%22name%22%3A%22%22%2C%22placeholder%22%3A%22%22%2C%22options%22%3A%22Oldalra%20ny%5Cu00edl%5Cu00f3%20ajt%5Cu00f3%5CnFenti%20ajt%5Cu00f3%22%2C%22scaleNumbersMin%22%3A1%2C%22scaleNumbersMax%22%3A10%2C%22leftCaption%22%3A%22Not%20likely%22%2C%22rightCaption%22%3A%22Very%20likely%22%2C%22fileLinkCaption%22%3A%22Choose%20file%22%2C%22fileDragCaption%22%3A%22or%20drag%20%26%20drop%20here%22%2C%22text%22%3A%22Text%22%2C%22title%22%3A%22Heading%22%2C%22caption%22%3A%22%22%2C%22value%22%3A%22%22%2C%22labelText%22%3A%22Label%22%2C%22dateTime%22%3A%22date%22%2C%22dateFormat%22%3A%22d.m.Y%22%2C%22timeFormat%22%3A%22H%3Ai%22%2C%22starsCount%22%3A5%2C%22required%22%3Afalse%2C%22description%22%3A%22%22%2C%22columnWidth%22%3A100%2C%22elementColumnWidth%22%3A100%2C%22fileAllowedAll%22%3Atrue%2C%22fileAllowed%22%3A%5B%22.jpg%22%2C%22.jpeg%22%2C%22.png%22%2C%22.gif%22%2C%22.txt%22%2C%22.pdf%22%2C%22.doc%22%2C%22.docx%22%2C%22.pages%22%2C%22.numbers%22%2C%22.xls%22%2C%22.xlsx%22%2C%22.odt%22%2C%22.ppt%22%2C%22.pptx%22%2C%22.pps%22%2C%22.ppsx%22%2C%22.html%22%5D%2C%22fileMax%22%3A25%2C%22fields%22%3A%22%22%2C%22id%22%3A%22%5Ba-nyit%5Cu00e1s-m%5Cu00f3dja%5D%22%7D%2C%7B%22type%22%3A%22checkbox%22%2C%22label%22%3A%22Gar%5Cu00e1zs%20burkolat%22%2C%22name%22%3A%22%22%2C%22placeholder%22%3A%22%22%2C%22options%22%3A%22Horganyzott%20lemez%5CnAkril%20lap%20%28sz%5Cu00edn%29%22%2C%22scaleNumbersMin%22%3A1%2C%22scaleNumbersMax%22%3A10%2C%22leftCaption%22%3A%22Not%20likely%22%2C%22rightCaption%22%3A%22Very%20likely%22%2C%22fileLinkCaption%22%3A%22Choose%20file%22%2C%22fileDragCaption%22%3A%22or%20drag%20%26%20drop%20here%22%2C%22text%22%3A%22Text%22%2C%22title%22%3A%22Heading%22%2C%22caption%22%3A%22%22%2C%22value%22%3A%22%22%2C%22labelText%22%3A%22Label%22%2C%22dateTime%22%3A%22date%22%2C%22dateFormat%22%3A%22d.m.Y%22%2C%22timeFormat%22%3A%22H%3Ai%22%2C%22starsCount%22%3A5%2C%22required%22%3Afalse%2C%22description%22%3A%22%22%2C%22columnWidth%22%3A100%2C%22elementColumnWidth%22%3A100%2C%22fileAllowedAll%22%3Atrue%2C%22fileAllowed%22%3A%5B%22.jpg%22%2C%22.jpeg%22%2C%22.png%22%2C%22.gif%22%2C%22.txt%22%2C%22.pdf%22%2C%22.doc%22%2C%22.docx%22%2C%22.pages%22%2C%22.numbers%22%2C%22.xls%22%2C%22.xlsx%22%2C%22.odt%22%2C%22.ppt%22%2C%22.pptx%22%2C%22.pps%22%2C%22.ppsx%22%2C%22.html%22%5D%2C%22fileMax%22%3A25%2C%22fields%22%3A%22%22%2C%22id%22%3A%22%5Bgar%5Cu00e1zs-burkolat%5D%22%7D%2C%7B%22type%22%3A%22checkbox%22%2C%22label%22%3A%22Tet%5Cu0151%20t%5Cu00edpusa%22%2C%22name%22%3A%22%22%2C%22placeholder%22%3A%22%22%2C%22options%22%3A%22H%5Cu00e1trafel%5Cu00e9%20es%5Cu00e9s%5CnEl%5Cu0151re%20es%5Cu00e9s%5CnBuk%5Cu00e1s%20balra%5CnJobbra%20lejt%5Cu0151%5CnDip%20oldalra%5CnEl%5Cu00fcls%5Cu0151%5C%2Fh%5Cu00e1ts%5Cu00f3%20nyeregtet%5Cu0151%22%2C%22scaleNumbersMin%22%3A1%2C%22scaleNumbersMax%22%3A10%2C%22leftCaption%22%3A%22Not%20likely%22%2C%22rightCaption%22%3A%22Very%20likely%22%2C%22fileLinkCaption%22%3A%22Choose%20file%22%2C%22fileDragCaption%22%3A%22or%20drag%20%26%20drop%20here%22%2C%22text%22%3A%22Text%22%2C%22title%22%3A%22Heading%22%2C%22caption%22%3A%22%22%2C%22value%22%3A%22%22%2C%22labelText%22%3A%22Label%22%2C%22dateTime%22%3A%22date%22%2C%22dateFormat%22%3A%22d.m.Y%22%2C%22timeFormat%22%3A%22H%3Ai%22%2C%22starsCount%22%3A5%2C%22required%22%3Afalse%2C%22description%22%3A%22%22%2C%22columnWidth%22%3A100%2C%22elementColumnWidth%22%3A100%2C%22fileAllowedAll%22%3Atrue%2C%22fileAllowed%22%3A%5B%22.jpg%22%2C%22.jpeg%22%2C%22.png%22%2C%22.gif%22%2C%22.txt%22%2C%22.pdf%22%2C%22.doc%22%2C%22.docx%22%2C%22.pages%22%2C%22.numbers%22%2C%22.xls%22%2C%22.xlsx%22%2C%22.odt%22%2C%22.ppt%22%2C%22.pptx%22%2C%22.pps%22%2C%22.ppsx%22%2C%22.html%22%5D%2C%22fileMax%22%3A25%2C%22fields%22%3A%22%22%2C%22id%22%3A%22%5Btet%5Cu0151-t%5Cu00edpusa%5D%22%7D%2C%7B%22type%22%3A%22textarea%22%2C%22label%22%3A%22Tov%5Cu00e1bbi%20megjegyz%5Cu00e9sek%20%28minim%5Cu00e1lis%20sz%5Cu00edn%2C%20nem%20szabv%5Cu00e1nyos%20magass%5Cu00e1g%20stb.%29.%22%2C%22description%22%3A%22%22%2C%22placeholder%22%3A%22%22%2C%22required%22%3Afalse%2C%22columnWidth%22%3A100%2C%22id%22%3A%22%5Btov%5Cu00e1bbi-megjegyz%5Cu00e9sek-%28minim%5Cu00e1lis-sz%5Cu00edn%2C-nem-szabv%5Cu00e1nyos-magass%5Cu00e1g-stb.%29.%5D%22%7D%5D%2C%22headerActive%22%3Afalse%2C%22headerTitle%22%3A%22Get%20in%20Touch%22%2C%22headerText%22%3A%22Leave%20your%20message%20and%20we%27ll%20get%20back%20to%20you%20shortly.%22%2C%22headerPictureUrl%22%3A%22message%22%2C%22footerText%22%3A%22%22%2C%22actionAfterSubmit%22%3A%22message%22%2C%22successMessage%22%3A%22K%5Cu00f6sz%5Cu00f6nj%5Cu00fck%20%5Cu00fczenet%5Cu00e9t.%3Cbr%3E%22%2C%22successContinueText%22%3A%22OK%22%2C%22redirectUrl%22%3A%22https%3A%5C%2F%5C%2Fexample.com%22%2C%22submitText%22%3A%22K%5Cu00fcldje%20el%20a%22%2C%22stepsMessagesDivider%22%3Anull%2C%22stepsMessagesTitle%22%3Anull%2C%22stepsText%22%3A%22step%20%251%20of%20%252%22%2C%22stepBackText%22%3A%22Back%22%2C%22stepNextText%22%3A%22Next%22%2C%22errorMessageAllRequired%22%3A%22T%5Cu00f6ltse%20ki%20az%20%5Cu00f6sszes%20mez%5Cu0151t%22%2C%22errorMessageAllIncorrect%22%3A%22Please%2C%20fill%20all%20the%20fields%20correctly%22%2C%22errorMessageSetMailTo%22%3A%22Please%2C%20set%20the%20email%20to%20send%20messages%20to%22%2C%22errorMessageRequiredCaptcha%22%3A%22Please%2C%20enter%20the%20captcha%22%2C%22errorMessageFileSizeLimit%22%3A%22File%20size%20limit%20exceeded%22%2C%22errorMessageFileNotAllowed%22%3A%22File%20extension%20not%20allowed%22%2C%22errorMessageUnknown%22%3A%22Unknown%20error%22%2C%22errorMessageRequired%22%3A%22K%5Cu00f6telez%5Cu0151%22%2C%22errorMessageInvalid%22%3A%22Invalid%22%2C%22errorMessageInvalidEmail%22%3A%22Invalid%20email%22%2C%22errorMessageInvalidPhone%22%3A%22Invalid%20phone%20number%22%2C%22errorMessageInvalidUrl%22%3A%22Invalid%20URL%22%2C%22calendarWeekdaysShorthand%22%3A%22Sun%5CnMon%5CnTue%5CnWed%5CnThu%5CnFri%5CnSat%22%2C%22calendarMonthsLonghand%22%3A%22January%5CnFebruary%5CnMarch%5CnApril%5CnMay%5CnJune%5CnJuly%5CnAugust%5CnSeptember%5CnOctober%5CnNovember%5CnDecember%22%2C%22showProgress%22%3Atrue%2C%22recaptchaType%22%3A%22invisible%22%2C%22integrationsGoogleToken%22%3A%22%22%2C%22integrationsGoogleSheetId%22%3A%22%22%2C%22layout%22%3A%22default%22%2C%22floatingIcon%22%3A%22message%22%2C%22floatingText%22%3A%22%22%2C%22floatingPosition%22%3A%22right%22%2C%22width%22%3A%22580%22%2C%22style%22%3A%22classic%22%2C%22mainColor%22%3A%22rgb%28255%2C%2095%2C%2021%29%22%2C%22apiUrl%22%3A%22https%3A%5C%2F%5C%2Fwww.tanieblaszaki.pl%5C%2Fhu%5C%2Fwp-json%5C%2Felfsight-contact-form%5C%2Fapi%22%2C%22recaptchaKeyCheckbox%22%3A%226LfXGHgUAAAAAHNIE_EH7kEI1l4xvf_ynIlg5bfo%22%2C%22recaptchaKeyInvisible%22%3A%226Ld1CXgUAAAAAFTHmixC1Eo-NP7_3ddB1YOj9AfX%22%2C%22widgetId%22%3A%224%22%7D\" \n                data-elfsight-contact-form-version=\"2.3.1\"\n                data-elfsight-widget-id=\"elfsight-contact-form-4\">\n            <\/div>\n            <\/div>\n\t\t\t\t\t\t<\/div>\n\t\t\t\t<\/div>\n\t\t\t\t\t<\/div>\n\t\t<\/div>\n\t\t\t\t\t<\/div>\n\t\t<\/section>\n\t\t\t\t<section class=\"elementor-section elementor-top-section elementor-element elementor-element-6adac29 elementor-section-boxed elementor-section-height-default elementor-section-height-default\" data-id=\"6adac29\" data-element_type=\"section\" data-e-type=\"section\">\n\t\t\t\t\t\t<div class=\"elementor-container elementor-column-gap-default\">\n\t\t\t\t\t<div class=\"elementor-column elementor-col-100 elementor-top-column elementor-element elementor-element-6262ed8\" data-id=\"6262ed8\" data-element_type=\"column\" data-e-type=\"column\" data-settings=\"{&quot;background_background&quot;:&quot;classic&quot;}\">\n\t\t\t<div class=\"elementor-widget-wrap elementor-element-populated\">\n\t\t\t\t\t\t<div class=\"elementor-element elementor-element-a1e996c elementor-widget elementor-widget-text-editor\" data-id=\"a1e996c\" data-element_type=\"widget\" data-e-type=\"widget\" data-widget_type=\"text-editor.default\">\n\t\t\t\t<div class=\"elementor-widget-container\">\n\t\t\t\t\t\t\t\t\t<div id=\"frb_text_2105331365\" class=\"\"><div class=\"frb_text\"><p>Gar\u00e1zsokat k\u00e9sz\u00edt\u00fcnk az \u00fcgyfelek egyedi ig\u00e9nyei szerint, b\u00e1rmilyen sz\u00ednben, m\u00e9retben \u00e9s konfigur\u00e1ci\u00f3ban. Az \u00fcgyf\u00e9l egyedi ig\u00e9nyei szerint k\u00e9sz\u00fclt gar\u00e1zsok <strong>nem t\u00e9r\u00edthet\u0151k vissza.<\/strong><\/p><p>A gar\u00e1zs padl\u00f3hoz val\u00f3 r\u00f6gz\u00edt\u00e9se az \u00fcgyf\u00e9l feladata. A gar\u00e1zs f\u00f6ldh\u00f6z r\u00f6gz\u00edt\u00e9se nem tartozik a telep\u00edt\u00e9s k\u00f6r\u00e9be.<\/p><\/div><\/div>\t\t\t\t\t\t\t\t<\/div>\n\t\t\t\t<\/div>\n\t\t\t\t\t<\/div>\n\t\t<\/div>\n\t\t\t\t\t<\/div>\n\t\t<\/section>\n\t\t\t\t<\/div>\n\t\t","protected":false},"excerpt":{"rendered":"<p>B\u00c1DOGGAR\u00c1ZSOK RENDEL\u00c9SE Ha konkr\u00e9t m\u00e9retekkel rendelkez\u0151 gar\u00e1zst szeretne rendelni, vagy \u00e1raj\u00e1nlatot szeretne kapni, k\u00e9rj\u00fck, haszn\u00e1lja az al\u00e1bbi \u0171rlapot. A gar\u00e1zs megrendel\u00e9s\u00e9nek menete a k\u00f6vetkez\u0151 &#8211; a k\u00e9relem be\u00e9rkez\u00e9se ut\u00e1n munkat\u00e1rsunk telefonon felveszi \u00d6nnel a kapcsolatot, hogy meger\u0151s\u00edtse a megrendel\u00e9s\u00e9t \u00e9s a megrendel\u00e9s minden r\u00e9szlet\u00e9t (min. sz\u00e1ll\u00edt\u00e1si id\u0151, megrendel\u00e9s \u00e1ra). Gar\u00e1zsokat k\u00e9sz\u00edt\u00fcnk az \u00fcgyfelek egyedi ig\u00e9nyei [&hellip;]<\/p>\n","protected":false},"author":1,"featured_media":0,"parent":0,"menu_order":0,"comment_status":"closed","ping_status":"closed","template":"","meta":{"site-sidebar-layout":"no-sidebar","site-content-layout":"page-builder","ast-site-content-layout":"default","site-content-style":"default","site-sidebar-style":"default","ast-global-header-display":"","ast-banner-title-visibility":"","ast-main-header-display":"","ast-hfb-above-header-display":"","ast-hfb-below-header-display":"","ast-hfb-mobile-header-display":"","site-post-title":"disabled","ast-breadcrumbs-content":"","ast-featured-img":"disabled","footer-sml-layout":"","ast-disable-related-posts":"","theme-transparent-header-meta":"","adv-header-id-meta":"","stick-header-meta":"","header-above-stick-meta":"","header-main-stick-meta":"","header-below-stick-meta":"","astra-migrate-meta-layouts":"default","ast-page-background-enabled":"default","ast-page-background-meta":{"desktop":{"background-color":"","background-image":"","background-repeat":"repeat","background-position":"center center","background-size":"auto","background-attachment":"scroll","background-type":"","background-media":"","overlay-type":"","overlay-color":"","overlay-opacity":"","overlay-gradient":""},"tablet":{"background-color":"","background-image":"","background-repeat":"repeat","background-position":"center center","background-size":"auto","background-attachment":"scroll","background-type":"","background-media":"","overlay-type":"","overlay-color":"","overlay-opacity":"","overlay-gradient":""},"mobile":{"background-color":"","background-image":"","background-repeat":"repeat","background-position":"center center","background-size":"auto","background-attachment":"scroll","background-type":"","background-media":"","overlay-type":"","overlay-color":"","overlay-opacity":"","overlay-gradient":""}},"ast-content-background-meta":{"desktop":{"background-color":"var(--ast-global-color-5)","background-image":"","background-repeat":"repeat","background-position":"center center","background-size":"auto","background-attachment":"scroll","background-type":"","background-media":"","overlay-type":"","overlay-color":"","overlay-opacity":"","overlay-gradient":""},"tablet":{"background-color":"var(--ast-global-color-5)","background-image":"","background-repeat":"repeat","background-position":"center center","background-size":"auto","background-attachment":"scroll","background-type":"","background-media":"","overlay-type":"","overlay-color":"","overlay-opacity":"","overlay-gradient":""},"mobile":{"background-color":"var(--ast-global-color-5)","background-image":"","background-repeat":"repeat","background-position":"center center","background-size":"auto","background-attachment":"scroll","background-type":"","background-media":"","overlay-type":"","overlay-color":"","overlay-opacity":"","overlay-gradient":""}},"footnotes":""},"class_list":["post-26553","page","type-page","status-publish","hentry"],"_links":{"self":[{"href":"https:\/\/www.tanieblaszaki.pl\/hu\/wp-json\/wp\/v2\/pages\/26553","targetHints":{"allow":["GET"]}}],"collection":[{"href":"https:\/\/www.tanieblaszaki.pl\/hu\/wp-json\/wp\/v2\/pages"}],"about":[{"href":"https:\/\/www.tanieblaszaki.pl\/hu\/wp-json\/wp\/v2\/types\/page"}],"author":[{"embeddable":true,"href":"https:\/\/www.tanieblaszaki.pl\/hu\/wp-json\/wp\/v2\/users\/1"}],"replies":[{"embeddable":true,"href":"https:\/\/www.tanieblaszaki.pl\/hu\/wp-json\/wp\/v2\/comments?post=26553"}],"version-history":[{"count":0,"href":"https:\/\/www.tanieblaszaki.pl\/hu\/wp-json\/wp\/v2\/pages\/26553\/revisions"}],"wp:attachment":[{"href":"https:\/\/www.tanieblaszaki.pl\/hu\/wp-json\/wp\/v2\/media?parent=26553"}],"curies":[{"name":"wp","href":"https:\/\/api.w.org\/{rel}","templated":true}]}}