{"id":26549,"date":"2022-06-26T15:13:39","date_gmt":"2022-06-26T15:13:39","guid":{"rendered":"https:\/\/www.tanieblaszaki.pl\/adatvedelmi-szabalyzat\/"},"modified":"2022-07-02T19:22:10","modified_gmt":"2022-07-02T19:22:10","slug":"adatvedelmi-szabalyzat","status":"publish","type":"page","link":"https:\/\/www.tanieblaszaki.pl\/hu\/adatvedelmi-szabalyzat\/","title":{"rendered":"Adatv\u00e9delmi szab\u00e1lyzat"},"content":{"rendered":"\t\t<div data-elementor-type=\"wp-page\" data-elementor-id=\"26549\" class=\"elementor elementor-26549\">\n\t\t\t\t\t\t<section class=\"elementor-section elementor-top-section elementor-element elementor-element-790f50c elementor-section-boxed elementor-section-height-default elementor-section-height-default\" data-id=\"790f50c\" data-element_type=\"section\" data-e-type=\"section\" data-settings=\"{&quot;background_background&quot;:&quot;gradient&quot;}\">\n\t\t\t\t\t\t<div class=\"elementor-container elementor-column-gap-default\">\n\t\t\t\t\t<div class=\"elementor-column elementor-col-100 elementor-top-column elementor-element elementor-element-adecf87\" data-id=\"adecf87\" data-element_type=\"column\" data-e-type=\"column\">\n\t\t\t<div class=\"elementor-widget-wrap elementor-element-populated\">\n\t\t\t\t\t\t<div class=\"elementor-element elementor-element-96b0496 elementor-widget elementor-widget-image-box\" data-id=\"96b0496\" data-element_type=\"widget\" data-e-type=\"widget\" data-widget_type=\"image-box.default\">\n\t\t\t\t<div class=\"elementor-widget-container\">\n\t\t\t\t\t<div class=\"elementor-image-box-wrapper\"><div class=\"elementor-image-box-content\"><h1 class=\"elementor-image-box-title\">Adatv\u00e9delmi szab\u00e1lyzat<\/h1><\/div><\/div>\t\t\t\t<\/div>\n\t\t\t\t<\/div>\n\t\t\t\t\t<\/div>\n\t\t<\/div>\n\t\t\t\t\t<\/div>\n\t\t<\/section>\n\t\t\t\t<section class=\"elementor-section elementor-top-section elementor-element elementor-element-2ecab58 elementor-section-boxed elementor-section-height-default elementor-section-height-default\" data-id=\"2ecab58\" data-element_type=\"section\" data-e-type=\"section\">\n\t\t\t\t\t\t<div class=\"elementor-container elementor-column-gap-default\">\n\t\t\t\t\t<div class=\"elementor-column elementor-col-100 elementor-top-column elementor-element elementor-element-c399b87\" data-id=\"c399b87\" data-element_type=\"column\" data-e-type=\"column\">\n\t\t\t<div class=\"elementor-widget-wrap elementor-element-populated\">\n\t\t\t\t\t\t<div class=\"elementor-element elementor-element-57c1323 elementor-widget elementor-widget-text-editor\" data-id=\"57c1323\" data-element_type=\"widget\" data-e-type=\"widget\" data-widget_type=\"text-editor.default\">\n\t\t\t\t<div class=\"elementor-widget-container\">\n\t\t\t\t\t\t\t\t\t<p>A rendel\u00e9si folyamat befejez\u00e9s\u00e9hez sz\u00fcks\u00e9ges az adatok megad\u00e1sa, azaz n\u00e9v, e-mail c\u00edm, telefonsz\u00e1m \u00e9s sz\u00e1ll\u00edt\u00e1si c\u00edm. Az adatok megad\u00e1sa \u00f6nk\u00e9ntes, de a megrendel\u00e9s lead\u00e1s\u00e1hoz sz\u00fcks\u00e9ges. Az \u00d6n szem\u00e9lyes adatainak kezel\u0151je <strong>EKOSTAL Damian Bia\u0142o\u0144, sz\u00e9khelye Rupni\u00f3w 296, 34-652 Nowe Rybie<\/strong>.<\/p><p>A r\u00e1nk b\u00edzott adatok biztons\u00e1ga \u00e9rdek\u00e9ben elj\u00e1r\u00e1sokat dolgoztunk ki annak megakad\u00e1lyoz\u00e1s\u00e1ra, hogy az adatok illet\u00e9ktelen szem\u00e9lyek sz\u00e1m\u00e1ra hozz\u00e1f\u00e9rhet\u0151v\u00e9 v\u00e1ljanak. Minden szakaszban ellen\u0151rizz\u00fck az \u00d6n szem\u00e9lyes adatainak felhaszn\u00e1l\u00e1s\u00e1t \u00e9s az elj\u00e1r\u00e1sok megfelel\u0151s\u00e9g\u00e9t a vonatkoz\u00f3 jogszab\u00e1lyoknak &#8211; bele\u00e9rtve az adatv\u00e9delmi t\u00f6rv\u00e9nyt, az elektronikus szolg\u00e1ltat\u00e1sok ny\u00fajt\u00e1s\u00e1t, a RODO-t &#8211; val\u00f3 megfelel\u00e9s\u00e9t.<\/p><p>A megrendel\u00e9s adatait a megrendel\u00e9s feldolgoz\u00e1s\u00e1hoz sz\u00fcks\u00e9ges ideig \u00e9s a szerz\u0151d\u00e9ses k\u00f6vetel\u00e9sek el\u00e9v\u00fcl\u00e9si idej\u00e9nek lej\u00e1rt\u00e1ig kezelj\u00fck. Ezen id\u0151szak lej\u00e1rta ut\u00e1n az adatokat statisztikai c\u00e9lokra feldolgozhatjuk. A szerz\u0151d\u00e9ses ig\u00e9nyek el\u00e9v\u00fcl\u00e9si idej\u00e9nek lej\u00e1rt\u00e1t k\u00f6vet\u0151en \u00d6nnek lehet\u0151s\u00e9ge van arra, hogy szem\u00e9lyes adatait t\u00f6r\u00f6lje adatb\u00e1zisunkb\u00f3l, vagy a RODO 20. cikkelye szerint tov\u00e1bb\u00edtsa azokat..<\/p><p>A weboldalon <a href=\"https:\/\/www.tanieblaszaki.pl\">www.tanieblaszaki.pl<\/a> Az \u00fczleti aj\u00e1nlataink \u00e9s a weboldal megfelel\u0151 m\u0171k\u00f6d\u00e9s\u00e9nek jav\u00edt\u00e1sa \u00e9rdek\u00e9ben elemz\u0151 eszk\u00f6z\u00f6ket, azaz a Google Analyticset \u00e9s a Google AdWordsot haszn\u00e1ljuk. A cookie-be\u00e1ll\u00edt\u00e1sok kezel\u00e9si mechanizmus\u00e1nak haszn\u00e1lat\u00e1val korl\u00e1tozhatja az \u00e1ltalunk gy\u0171jt\u00f6tt inform\u00e1ci\u00f3kat a weboldalunkon val\u00f3 viselked\u00e9s\u00e9r\u0151l, bele\u00e9rtve az \u00d6n \u00e1ltal megtekintett tartalmat is.<\/p><p>Ha b\u00e1rmilyen agg\u00e1lya van az adatv\u00e9delmi ir\u00e1nyelvekkel kapcsolatban, k\u00e9rj\u00fck, vegye fel a kapcsolatot v\u00e1llalatunkkal: <a href=\"mailto:kontakt@tanieblaszaki.pl\">kontakt@tanieblaszaki.pl<\/a><\/p>\t\t\t\t\t\t\t\t<\/div>\n\t\t\t\t<\/div>\n\t\t\t\t\t<\/div>\n\t\t<\/div>\n\t\t\t\t\t<\/div>\n\t\t<\/section>\n\t\t\t\t<\/div>\n\t\t","protected":false},"excerpt":{"rendered":"<p>Adatv\u00e9delmi szab\u00e1lyzat A rendel\u00e9si folyamat befejez\u00e9s\u00e9hez sz\u00fcks\u00e9ges az adatok megad\u00e1sa, azaz n\u00e9v, e-mail c\u00edm, telefonsz\u00e1m \u00e9s sz\u00e1ll\u00edt\u00e1si c\u00edm. Az adatok megad\u00e1sa \u00f6nk\u00e9ntes, de a megrendel\u00e9s lead\u00e1s\u00e1hoz sz\u00fcks\u00e9ges. Az \u00d6n szem\u00e9lyes adatainak kezel\u0151je EKOSTAL Damian Bia\u0142o\u0144, sz\u00e9khelye Rupni\u00f3w 296, 34-652 Nowe Rybie. A r\u00e1nk b\u00edzott adatok biztons\u00e1ga \u00e9rdek\u00e9ben elj\u00e1r\u00e1sokat dolgoztunk ki annak megakad\u00e1lyoz\u00e1s\u00e1ra, hogy az adatok [&hellip;]<\/p>\n","protected":false},"author":1,"featured_media":0,"parent":0,"menu_order":0,"comment_status":"closed","ping_status":"open","template":"","meta":{"site-sidebar-layout":"no-sidebar","site-content-layout":"page-builder","ast-site-content-layout":"default","site-content-style":"default","site-sidebar-style":"default","ast-global-header-display":"","ast-banner-title-visibility":"","ast-main-header-display":"","ast-hfb-above-header-display":"","ast-hfb-below-header-display":"","ast-hfb-mobile-header-display":"","site-post-title":"disabled","ast-breadcrumbs-content":"","ast-featured-img":"disabled","footer-sml-layout":"","ast-disable-related-posts":"","theme-transparent-header-meta":"","adv-header-id-meta":"","stick-header-meta":"","header-above-stick-meta":"","header-main-stick-meta":"","header-below-stick-meta":"","astra-migrate-meta-layouts":"default","ast-page-background-enabled":"default","ast-page-background-meta":{"desktop":{"background-color":"","background-image":"","background-repeat":"repeat","background-position":"center center","background-size":"auto","background-attachment":"scroll","background-type":"","background-media":"","overlay-type":"","overlay-color":"","overlay-opacity":"","overlay-gradient":""},"tablet":{"background-color":"","background-image":"","background-repeat":"repeat","background-position":"center center","background-size":"auto","background-attachment":"scroll","background-type":"","background-media":"","overlay-type":"","overlay-color":"","overlay-opacity":"","overlay-gradient":""},"mobile":{"background-color":"","background-image":"","background-repeat":"repeat","background-position":"center center","background-size":"auto","background-attachment":"scroll","background-type":"","background-media":"","overlay-type":"","overlay-color":"","overlay-opacity":"","overlay-gradient":""}},"ast-content-background-meta":{"desktop":{"background-color":"var(--ast-global-color-5)","background-image":"","background-repeat":"repeat","background-position":"center center","background-size":"auto","background-attachment":"scroll","background-type":"","background-media":"","overlay-type":"","overlay-color":"","overlay-opacity":"","overlay-gradient":""},"tablet":{"background-color":"var(--ast-global-color-5)","background-image":"","background-repeat":"repeat","background-position":"center center","background-size":"auto","background-attachment":"scroll","background-type":"","background-media":"","overlay-type":"","overlay-color":"","overlay-opacity":"","overlay-gradient":""},"mobile":{"background-color":"var(--ast-global-color-5)","background-image":"","background-repeat":"repeat","background-position":"center center","background-size":"auto","background-attachment":"scroll","background-type":"","background-media":"","overlay-type":"","overlay-color":"","overlay-opacity":"","overlay-gradient":""}},"footnotes":""},"class_list":["post-26549","page","type-page","status-publish","hentry"],"_links":{"self":[{"href":"https:\/\/www.tanieblaszaki.pl\/hu\/wp-json\/wp\/v2\/pages\/26549","targetHints":{"allow":["GET"]}}],"collection":[{"href":"https:\/\/www.tanieblaszaki.pl\/hu\/wp-json\/wp\/v2\/pages"}],"about":[{"href":"https:\/\/www.tanieblaszaki.pl\/hu\/wp-json\/wp\/v2\/types\/page"}],"author":[{"embeddable":true,"href":"https:\/\/www.tanieblaszaki.pl\/hu\/wp-json\/wp\/v2\/users\/1"}],"replies":[{"embeddable":true,"href":"https:\/\/www.tanieblaszaki.pl\/hu\/wp-json\/wp\/v2\/comments?post=26549"}],"version-history":[{"count":0,"href":"https:\/\/www.tanieblaszaki.pl\/hu\/wp-json\/wp\/v2\/pages\/26549\/revisions"}],"wp:attachment":[{"href":"https:\/\/www.tanieblaszaki.pl\/hu\/wp-json\/wp\/v2\/media?parent=26549"}],"curies":[{"name":"wp","href":"https:\/\/api.w.org\/{rel}","templated":true}]}}