{"id":26547,"date":"2018-12-06T12:49:02","date_gmt":"2018-12-06T12:49:02","guid":{"rendered":"https:\/\/www.tanieblaszaki.pl\/ajanlat\/"},"modified":"2022-07-03T09:43:36","modified_gmt":"2022-07-03T09:43:36","slug":"ajanlat","status":"publish","type":"page","link":"https:\/\/www.tanieblaszaki.pl\/hu\/ajanlat\/","title":{"rendered":"Aj\u00e1nlat"},"content":{"rendered":"\t\t<div data-elementor-type=\"wp-post\" data-elementor-id=\"26547\" class=\"elementor elementor-26547\">\n\t\t\t\t\t\t<section class=\"elementor-section elementor-top-section elementor-element elementor-element-bbcda5a elementor-section-boxed elementor-section-height-default elementor-section-height-default\" data-id=\"bbcda5a\" data-element_type=\"section\" data-e-type=\"section\" data-settings=\"{&quot;background_background&quot;:&quot;gradient&quot;}\">\n\t\t\t\t\t\t<div class=\"elementor-container elementor-column-gap-default\">\n\t\t\t\t\t<div class=\"elementor-column elementor-col-100 elementor-top-column elementor-element elementor-element-439f00d\" data-id=\"439f00d\" data-element_type=\"column\" data-e-type=\"column\">\n\t\t\t<div class=\"elementor-widget-wrap elementor-element-populated\">\n\t\t\t\t\t\t<div class=\"elementor-element elementor-element-1adaeb1 elementor-widget elementor-widget-image-box\" data-id=\"1adaeb1\" data-element_type=\"widget\" data-e-type=\"widget\" data-widget_type=\"image-box.default\">\n\t\t\t\t<div class=\"elementor-widget-container\">\n\t\t\t\t\t<div class=\"elementor-image-box-wrapper\"><div class=\"elementor-image-box-content\"><h1 class=\"elementor-image-box-title\">Aj\u00e1nlat - b\u00e1doggar\u00e1zsok gy\u00e1rt\u00f3ja<\/h1><\/div><\/div>\t\t\t\t<\/div>\n\t\t\t\t<\/div>\n\t\t\t\t\t<\/div>\n\t\t<\/div>\n\t\t\t\t\t<\/div>\n\t\t<\/section>\n\t\t\t\t<section class=\"elementor-section elementor-top-section elementor-element elementor-element-ef24309 elementor-section-boxed elementor-section-height-default elementor-section-height-default\" data-id=\"ef24309\" data-element_type=\"section\" data-e-type=\"section\" data-settings=\"{&quot;shape_divider_bottom&quot;:&quot;waves&quot;}\">\n\t\t\t\t\t<div class=\"elementor-shape elementor-shape-bottom\" aria-hidden=\"true\" data-negative=\"false\">\n\t\t\t<svg xmlns=\"http:\/\/www.w3.org\/2000\/svg\" viewBox=\"0 0 1000 100\" preserveAspectRatio=\"none\">\n\t<path class=\"elementor-shape-fill\" d=\"M421.9,6.5c22.6-2.5,51.5,0.4,75.5,5.3c23.6,4.9,70.9,23.5,100.5,35.7c75.8,32.2,133.7,44.5,192.6,49.7\n\tc23.6,2.1,48.7,3.5,103.4-2.5c54.7-6,106.2-25.6,106.2-25.6V0H0v30.3c0,0,72,32.6,158.4,30.5c39.2-0.7,92.8-6.7,134-22.4\n\tc21.2-8.1,52.2-18.2,79.7-24.2C399.3,7.9,411.6,7.5,421.9,6.5z\"\/>\n<\/svg>\t\t<\/div>\n\t\t\t\t\t<div class=\"elementor-container elementor-column-gap-default\">\n\t\t\t\t\t<div class=\"elementor-column elementor-col-100 elementor-top-column elementor-element elementor-element-be0c39b\" data-id=\"be0c39b\" data-element_type=\"column\" data-e-type=\"column\">\n\t\t\t<div class=\"elementor-widget-wrap elementor-element-populated\">\n\t\t\t\t\t\t<section class=\"elementor-section elementor-inner-section elementor-element elementor-element-5d74773 elementor-section-full_width elementor-section-height-default elementor-section-height-default\" data-id=\"5d74773\" data-element_type=\"section\" data-e-type=\"section\">\n\t\t\t\t\t\t<div class=\"elementor-container elementor-column-gap-default\">\n\t\t\t\t\t<div class=\"elementor-column elementor-col-33 elementor-inner-column elementor-element elementor-element-06217a3\" data-id=\"06217a3\" data-element_type=\"column\" data-e-type=\"column\" data-settings=\"{&quot;background_background&quot;:&quot;classic&quot;}\">\n\t\t\t<div class=\"elementor-widget-wrap elementor-element-populated\">\n\t\t\t\t\t\t<div class=\"elementor-element elementor-element-4abd9f0 elementor-widget elementor-widget-image\" data-id=\"4abd9f0\" data-element_type=\"widget\" data-e-type=\"widget\" data-widget_type=\"image.default\">\n\t\t\t\t<div class=\"elementor-widget-container\">\n\t\t\t\t\t\t\t\t\t\t\t\t\t\t\t<img fetchpriority=\"high\" decoding=\"async\" width=\"1024\" height=\"768\" src=\"https:\/\/www.tanieblaszaki.pl\/wp-content\/uploads\/2022\/06\/received_188948206044721-1024x768.jpeg\" class=\"elementor-animation-grow attachment-large size-large wp-image-25925\" alt=\"\" srcset=\"https:\/\/www.tanieblaszaki.pl\/wp-content\/uploads\/2022\/06\/received_188948206044721-1024x768.jpeg 1024w, https:\/\/www.tanieblaszaki.pl\/wp-content\/uploads\/2022\/06\/received_188948206044721-300x225.jpeg 300w, https:\/\/www.tanieblaszaki.pl\/wp-content\/uploads\/2022\/06\/received_188948206044721-768x576.jpeg 768w, https:\/\/www.tanieblaszaki.pl\/wp-content\/uploads\/2022\/06\/received_188948206044721-1536x1152.jpeg 1536w, https:\/\/www.tanieblaszaki.pl\/wp-content\/uploads\/2022\/06\/received_188948206044721-2048x1536.jpeg 2048w, https:\/\/www.tanieblaszaki.pl\/wp-content\/uploads\/2022\/06\/received_188948206044721-600x450.jpeg 600w, https:\/\/www.tanieblaszaki.pl\/wp-content\/uploads\/2022\/06\/received_188948206044721-scaled.jpeg 1920w\" sizes=\"(max-width: 1024px) 100vw, 1024px\" \/>\t\t\t\t\t\t\t\t\t\t\t\t\t\t\t<\/div>\n\t\t\t\t<\/div>\n\t\t\t\t<div class=\"elementor-element elementor-element-dc7bf0f elementor-widget elementor-widget-heading\" data-id=\"dc7bf0f\" data-element_type=\"widget\" data-e-type=\"widget\" data-widget_type=\"heading.default\">\n\t\t\t\t<div class=\"elementor-widget-container\">\n\t\t\t\t\t<h2 class=\"elementor-heading-title elementor-size-default\">B\u00c1DOGGAR\u00c1ZSOK<\/h2>\t\t\t\t<\/div>\n\t\t\t\t<\/div>\n\t\t\t\t\t<\/div>\n\t\t<\/div>\n\t\t\t\t<div class=\"elementor-column elementor-col-33 elementor-inner-column elementor-element elementor-element-fc80b4f\" data-id=\"fc80b4f\" data-element_type=\"column\" data-e-type=\"column\" data-settings=\"{&quot;background_background&quot;:&quot;classic&quot;}\">\n\t\t\t<div class=\"elementor-widget-wrap elementor-element-populated\">\n\t\t\t\t\t\t<div class=\"elementor-element elementor-element-99fcb38 elementor-widget elementor-widget-image\" data-id=\"99fcb38\" data-element_type=\"widget\" data-e-type=\"widget\" data-widget_type=\"image.default\">\n\t\t\t\t<div class=\"elementor-widget-container\">\n\t\t\t\t\t\t\t\t\t\t\t\t\t\t\t<img decoding=\"async\" width=\"1024\" height=\"768\" src=\"https:\/\/www.tanieblaszaki.pl\/wp-content\/uploads\/2022\/06\/IMG_20171130_134721-1024x768.jpg\" class=\"elementor-animation-grow attachment-large size-large wp-image-25919\" alt=\"\" srcset=\"https:\/\/www.tanieblaszaki.pl\/wp-content\/uploads\/2022\/06\/IMG_20171130_134721-1024x768.jpg 1024w, https:\/\/www.tanieblaszaki.pl\/wp-content\/uploads\/2022\/06\/IMG_20171130_134721-300x225.jpg 300w, https:\/\/www.tanieblaszaki.pl\/wp-content\/uploads\/2022\/06\/IMG_20171130_134721-768x576.jpg 768w, https:\/\/www.tanieblaszaki.pl\/wp-content\/uploads\/2022\/06\/IMG_20171130_134721-1536x1152.jpg 1536w, https:\/\/www.tanieblaszaki.pl\/wp-content\/uploads\/2022\/06\/IMG_20171130_134721-600x450.jpg 600w, https:\/\/www.tanieblaszaki.pl\/wp-content\/uploads\/2022\/06\/IMG_20171130_134721.jpg 2000w\" sizes=\"(max-width: 1024px) 100vw, 1024px\" \/>\t\t\t\t\t\t\t\t\t\t\t\t\t\t\t<\/div>\n\t\t\t\t<\/div>\n\t\t\t\t<div class=\"elementor-element elementor-element-163fe92 elementor-widget elementor-widget-heading\" data-id=\"163fe92\" data-element_type=\"widget\" data-e-type=\"widget\" data-widget_type=\"heading.default\">\n\t\t\t\t<div class=\"elementor-widget-container\">\n\t\t\t\t\t<h2 class=\"elementor-heading-title elementor-size-default\">KUTYAFEKV\u00c9NYEK<\/h2>\t\t\t\t<\/div>\n\t\t\t\t<\/div>\n\t\t\t\t\t<\/div>\n\t\t<\/div>\n\t\t\t\t<div class=\"elementor-column elementor-col-33 elementor-inner-column elementor-element elementor-element-c27bfd4\" data-id=\"c27bfd4\" data-element_type=\"column\" data-e-type=\"column\" data-settings=\"{&quot;background_background&quot;:&quot;classic&quot;}\">\n\t\t\t<div class=\"elementor-widget-wrap elementor-element-populated\">\n\t\t\t\t\t\t<div class=\"elementor-element elementor-element-95d3f40 elementor-widget elementor-widget-image\" data-id=\"95d3f40\" data-element_type=\"widget\" data-e-type=\"widget\" data-widget_type=\"image.default\">\n\t\t\t\t<div class=\"elementor-widget-container\">\n\t\t\t\t\t\t\t\t\t\t\t\t\t\t\t<img decoding=\"async\" width=\"1024\" height=\"768\" src=\"https:\/\/www.tanieblaszaki.pl\/wp-content\/uploads\/2022\/06\/received_1092682377909726-1024x768.jpeg\" class=\"elementor-animation-grow attachment-large size-large wp-image-25940\" alt=\"\" srcset=\"https:\/\/www.tanieblaszaki.pl\/wp-content\/uploads\/2022\/06\/received_1092682377909726-1024x768.jpeg 1024w, https:\/\/www.tanieblaszaki.pl\/wp-content\/uploads\/2022\/06\/received_1092682377909726-300x225.jpeg 300w, https:\/\/www.tanieblaszaki.pl\/wp-content\/uploads\/2022\/06\/received_1092682377909726-768x576.jpeg 768w, https:\/\/www.tanieblaszaki.pl\/wp-content\/uploads\/2022\/06\/received_1092682377909726-1536x1152.jpeg 1536w, https:\/\/www.tanieblaszaki.pl\/wp-content\/uploads\/2022\/06\/received_1092682377909726-2048x1536.jpeg 2048w, https:\/\/www.tanieblaszaki.pl\/wp-content\/uploads\/2022\/06\/received_1092682377909726-600x450.jpeg 600w, https:\/\/www.tanieblaszaki.pl\/wp-content\/uploads\/2022\/06\/received_1092682377909726-scaled.jpeg 1920w\" sizes=\"(max-width: 1024px) 100vw, 1024px\" \/>\t\t\t\t\t\t\t\t\t\t\t\t\t\t\t<\/div>\n\t\t\t\t<\/div>\n\t\t\t\t<div class=\"elementor-element elementor-element-2e7f656 elementor-widget elementor-widget-heading\" data-id=\"2e7f656\" data-element_type=\"widget\" data-e-type=\"widget\" data-widget_type=\"heading.default\">\n\t\t\t\t<div class=\"elementor-widget-container\">\n\t\t\t\t\t<h2 class=\"elementor-heading-title elementor-size-default\">AC\u00c9LSZERKEZETEK<\/h2>\t\t\t\t<\/div>\n\t\t\t\t<\/div>\n\t\t\t\t\t<\/div>\n\t\t<\/div>\n\t\t\t\t\t<\/div>\n\t\t<\/section>\n\t\t\t\t\t<\/div>\n\t\t<\/div>\n\t\t\t\t\t<\/div>\n\t\t<\/section>\n\t\t\t\t<section class=\"elementor-section elementor-top-section elementor-element elementor-element-a6d5879 elementor-section-content-middle elementor-section-boxed elementor-section-height-default elementor-section-height-default\" data-id=\"a6d5879\" data-element_type=\"section\" data-e-type=\"section\">\n\t\t\t\t\t\t<div class=\"elementor-container elementor-column-gap-no\">\n\t\t\t\t\t<div class=\"elementor-column elementor-col-33 elementor-top-column elementor-element elementor-element-3eddbe6\" data-id=\"3eddbe6\" data-element_type=\"column\" data-e-type=\"column\">\n\t\t\t<div class=\"elementor-widget-wrap elementor-element-populated\">\n\t\t\t\t\t\t<div class=\"elementor-element elementor-element-484264f elementor-widget elementor-widget-heading\" data-id=\"484264f\" data-element_type=\"widget\" data-e-type=\"widget\" data-widget_type=\"heading.default\">\n\t\t\t\t<div class=\"elementor-widget-container\">\n\t\t\t\t\t<h2 class=\"elementor-heading-title elementor-size-default\">Aj\u00e1nlat - b\u00e1doggar\u00e1zsok gy\u00e1rt\u00f3ja<\/h2>\t\t\t\t<\/div>\n\t\t\t\t<\/div>\n\t\t\t\t\t<\/div>\n\t\t<\/div>\n\t\t\t\t<div class=\"elementor-column elementor-col-66 elementor-top-column elementor-element elementor-element-3fc0f08\" data-id=\"3fc0f08\" data-element_type=\"column\" data-e-type=\"column\">\n\t\t\t<div class=\"elementor-widget-wrap elementor-element-populated\">\n\t\t\t\t\t\t<div class=\"elementor-element elementor-element-7739d28 elementor-widget elementor-widget-text-editor\" data-id=\"7739d28\" data-element_type=\"widget\" data-e-type=\"widget\" data-widget_type=\"text-editor.default\">\n\t\t\t\t<div class=\"elementor-widget-container\">\n\t\t\t\t\t\t\t\t\t<p>K\u00edn\u00e1latunk alappill\u00e9re az olcs\u00f3 b\u00e1doggar\u00e1zsok \u00e9s egy\u00e9b, sz\u00e9lesk\u00f6r\u0171en alkalmazhat\u00f3 ac\u00e9lszerkezetek gy\u00e1rt\u00e1sa \u00e9s \u00f6sszeszerel\u00e9se, bele\u00e9rtve a kutyafuttat\u00f3kat, b\u00e1dogh\u00e1zakat, t\u00e1rol\u00f3csarnokokat, kioszkokat. A gar\u00e1zsok k\u00f6z\u00f6tt k\u00edn\u00e1lunk \u00d6nnek 3&#215;5 m-es szabv\u00e1nyos gar\u00e1zst, vagy b\u00e1rmilyen m\u00e9ret\u0171 nem szabv\u00e1nyos gar\u00e1zst. A gy\u00e1rt\u00e1s sor\u00e1n kiv\u00e1l\u00f3 min\u0151s\u00e9g\u0171 horganyzott\/akrillemezt \u00e9s z\u00e1rt profilokat haszn\u00e1lunk, amelyek egym\u00e1shoz csavarozva kompakt \u00e9s tart\u00f3s szerkezetet alkotnak.<\/p>.\t\t\t\t\t\t\t\t<\/div>\n\t\t\t\t<\/div>\n\t\t\t\t<div class=\"elementor-element elementor-element-c37df34 elementor-widget elementor-widget-text-editor\" data-id=\"c37df34\" data-element_type=\"widget\" data-e-type=\"widget\" data-widget_type=\"text-editor.default\">\n\t\t\t\t<div class=\"elementor-widget-container\">\n\t\t\t\t\t\t\t\t\t<p>Gar\u00e1zsaink haszn\u00e1lhat\u00f3k:<\/p><ul><li>h\u00e1ztart\u00e1si helyis\u00e9gek<\/li><li>rakt\u00e1rcsarnokok<\/li><li>szem\u00e9lyg\u00e9pkocsik \u00e9s egy\u00e9b j\u00e1rm\u0171vek t\u00e1rol\u00e1s\u00e1ra szolg\u00e1l\u00f3 l\u00e9tes\u00edtm\u00e9nyek<\/li><\/ul><p>Javasoljuk, hogy ismerkedjen meg a k\u00f6vetkez\u0151kkel <a href=\"https:\/\/www.tanieblaszaki.pl\/hu\/olcso-badoggarazsok\/\">sz\u00ednpaletta<\/a>.<\/p>\t\t\t\t\t\t\t\t<\/div>\n\t\t\t\t<\/div>\n\t\t\t\t<div class=\"elementor-element elementor-element-9eef3b4 elementor-widget elementor-widget-text-editor\" data-id=\"9eef3b4\" data-element_type=\"widget\" data-e-type=\"widget\" data-widget_type=\"text-editor.default\">\n\t\t\t\t<div class=\"elementor-widget-container\">\n\t\t\t\t\t\t\t\t\t<p>A legt\u00f6bb standard rendel\u00e9st <strong>1 h\u00e9ten bel\u00fcl teljes\u00edtj\u00fck<\/strong> &#8211; a rendel\u00e9s teljes\u00edt\u00e9se el\u0151tt felh\u00edvjuk \u00d6nt, hogy meger\u0151s\u00edts\u00fck a megfelel\u0151 sz\u00e1ll\u00edt\u00e1si id\u0151pontot.<\/p>\t\t\t\t\t\t\t\t<\/div>\n\t\t\t\t<\/div>\n\t\t\t\t<div class=\"elementor-element elementor-element-e033ac5 elementor-align-center elementor-widget elementor-widget-button\" data-id=\"e033ac5\" data-element_type=\"widget\" data-e-type=\"widget\" data-widget_type=\"button.default\">\n\t\t\t\t<div class=\"elementor-widget-container\">\n\t\t\t\t\t\t\t\t\t<div class=\"elementor-button-wrapper\">\n\t\t\t\t\t<a class=\"elementor-button elementor-button-link elementor-size-sm\" href=\"https:\/\/www.tanieblaszaki.pl\/hu\/lemezgarazsok-rendelese\/\">\n\t\t\t\t\t\t<span class=\"elementor-button-content-wrapper\">\n\t\t\t\t\t\t\t\t\t<span class=\"elementor-button-text\">RENDELJEN EGY GAR\u00c1ZST<\/span>\n\t\t\t\t\t<\/span>\n\t\t\t\t\t<\/a>\n\t\t\t\t<\/div>\n\t\t\t\t\t\t\t\t<\/div>\n\t\t\t\t<\/div>\n\t\t\t\t\t<\/div>\n\t\t<\/div>\n\t\t\t\t\t<\/div>\n\t\t<\/section>\n\t\t\t\t<section class=\"elementor-section elementor-top-section elementor-element elementor-element-f73bf73 elementor-section-boxed elementor-section-height-default elementor-section-height-default\" data-id=\"f73bf73\" data-element_type=\"section\" data-e-type=\"section\" data-settings=\"{&quot;background_background&quot;:&quot;classic&quot;}\">\n\t\t\t\t\t\t<div class=\"elementor-container elementor-column-gap-default\">\n\t\t\t\t\t<div class=\"elementor-column elementor-col-50 elementor-top-column elementor-element elementor-element-9098f00\" data-id=\"9098f00\" data-element_type=\"column\" data-e-type=\"column\" data-settings=\"{&quot;background_background&quot;:&quot;classic&quot;}\">\n\t\t\t<div class=\"elementor-widget-wrap elementor-element-populated\">\n\t\t\t\t\t\t<div class=\"elementor-element elementor-element-de34470 elementor-widget elementor-widget-text-editor\" data-id=\"de34470\" data-element_type=\"widget\" data-e-type=\"widget\" data-widget_type=\"text-editor.default\">\n\t\t\t\t<div class=\"elementor-widget-container\">\n\t\t\t\t\t\t\t\t\t<div class=\"su-note\"><div class=\"su-note-inner su-u-clearfix su-u-trim\"><strong>Standard gar\u00e1zs<\/strong><p>\u00a0<\/p><p>Az eladott b\u00e1doggar\u00e1zsok k\u00f6z\u00fcl a legn\u00e9pszer\u0171bb 3 m sz\u00e9les \u00e9s 5 m hossz\u00fa, valamint 2 m magas (ajt\u00f3magass\u00e1g). Az \u00fcgyf\u00e9l k\u00e9r\u00e9s\u00e9re lehet\u0151s\u00e9g van a k\u00f6vetkez\u0151k telep\u00edt\u00e9s\u00e9re is <strong>fels\u0151 ajt\u00f3<\/strong>, <strong>ajt\u00f3t\u00e1masz stb.<\/strong> Sz\u00e1munkra nem jelent probl\u00e9m\u00e1t, hogy a szerkezetet az \u00fcgyf\u00e9l \u00e1ltal megadott sz\u00ednekben gy\u00e1rtjuk le.<\/p><\/div><\/div>\t\t\t\t\t\t\t\t<\/div>\n\t\t\t\t<\/div>\n\t\t\t\t\t<\/div>\n\t\t<\/div>\n\t\t\t\t<div class=\"elementor-column elementor-col-50 elementor-top-column elementor-element elementor-element-faca151\" data-id=\"faca151\" data-element_type=\"column\" data-e-type=\"column\" data-settings=\"{&quot;background_background&quot;:&quot;classic&quot;}\">\n\t\t\t<div class=\"elementor-widget-wrap elementor-element-populated\">\n\t\t\t\t\t\t<div class=\"elementor-element elementor-element-335b9bb elementor-widget elementor-widget-text-editor\" data-id=\"335b9bb\" data-element_type=\"widget\" data-e-type=\"widget\" data-widget_type=\"text-editor.default\">\n\t\t\t\t<div class=\"elementor-widget-container\">\n\t\t\t\t\t\t\t\t\t<div class=\"su-note\"><div class=\"su-note-inner su-u-clearfix su-u-trim\"><div class=\"su-note\"><div class=\"su-note-inner su-u-clearfix su-u-trim\"><strong>Nem szabv\u00e1nyos gar\u00e1zs<\/strong><p>\u00a0<\/p><p>B\u00e1doggar\u00e1zsokat gy\u00e1rtunk az \u00fcgyf\u00e9l \u00e1ltal meghat\u00e1rozott m\u00e9retben (sz\u00e9less\u00e9g\/hossz\u00fas\u00e1g\/magass\u00e1g)..<\/p><\/div><\/div><\/div><\/div>\t\t\t\t\t\t\t\t<\/div>\n\t\t\t\t<\/div>\n\t\t\t\t\t<\/div>\n\t\t<\/div>\n\t\t\t\t\t<\/div>\n\t\t<\/section>\n\t\t\t\t<\/div>\n\t\t","protected":false},"excerpt":{"rendered":"<p>Aj\u00e1nlat &#8211; b\u00e1doggar\u00e1zsok gy\u00e1rt\u00f3ja B\u00c1DOGGAR\u00c1ZSOK KUTYAFEKV\u00c9NYEK AC\u00c9LSZERKEZETEK Aj\u00e1nlat &#8211; b\u00e1doggar\u00e1zsok gy\u00e1rt\u00f3ja K\u00edn\u00e1latunk alappill\u00e9re az olcs\u00f3 b\u00e1doggar\u00e1zsok \u00e9s egy\u00e9b, sz\u00e9lesk\u00f6r\u0171en alkalmazhat\u00f3 ac\u00e9lszerkezetek gy\u00e1rt\u00e1sa \u00e9s \u00f6sszeszerel\u00e9se, bele\u00e9rtve a kutyafuttat\u00f3kat, b\u00e1dogh\u00e1zakat, t\u00e1rol\u00f3csarnokokat, kioszkokat. A gar\u00e1zsok k\u00f6z\u00f6tt k\u00edn\u00e1lunk \u00d6nnek 3&#215;5 m-es szabv\u00e1nyos gar\u00e1zst, vagy b\u00e1rmilyen m\u00e9ret\u0171 nem szabv\u00e1nyos gar\u00e1zst. A gy\u00e1rt\u00e1s sor\u00e1n kiv\u00e1l\u00f3 min\u0151s\u00e9g\u0171 horganyzott\/akrillemezt \u00e9s z\u00e1rt profilokat haszn\u00e1lunk, [&hellip;]<\/p>\n","protected":false},"author":1,"featured_media":0,"parent":0,"menu_order":0,"comment_status":"closed","ping_status":"closed","template":"","meta":{"site-sidebar-layout":"no-sidebar","site-content-layout":"page-builder","ast-site-content-layout":"default","site-content-style":"default","site-sidebar-style":"default","ast-global-header-display":"","ast-banner-title-visibility":"","ast-main-header-display":"","ast-hfb-above-header-display":"","ast-hfb-below-header-display":"","ast-hfb-mobile-header-display":"","site-post-title":"disabled","ast-breadcrumbs-content":"","ast-featured-img":"disabled","footer-sml-layout":"","ast-disable-related-posts":"","theme-transparent-header-meta":"enabled","adv-header-id-meta":"","stick-header-meta":"","header-above-stick-meta":"","header-main-stick-meta":"","header-below-stick-meta":"","astra-migrate-meta-layouts":"default","ast-page-background-enabled":"default","ast-page-background-meta":{"desktop":{"background-color":"","background-image":"","background-repeat":"repeat","background-position":"center center","background-size":"auto","background-attachment":"scroll","background-type":"","background-media":"","overlay-type":"","overlay-color":"","overlay-opacity":"","overlay-gradient":""},"tablet":{"background-color":"","background-image":"","background-repeat":"repeat","background-position":"center center","background-size":"auto","background-attachment":"scroll","background-type":"","background-media":"","overlay-type":"","overlay-color":"","overlay-opacity":"","overlay-gradient":""},"mobile":{"background-color":"","background-image":"","background-repeat":"repeat","background-position":"center center","background-size":"auto","background-attachment":"scroll","background-type":"","background-media":"","overlay-type":"","overlay-color":"","overlay-opacity":"","overlay-gradient":""}},"ast-content-background-meta":{"desktop":{"background-color":"var(--ast-global-color-5)","background-image":"","background-repeat":"repeat","background-position":"center center","background-size":"auto","background-attachment":"scroll","background-type":"","background-media":"","overlay-type":"","overlay-color":"","overlay-opacity":"","overlay-gradient":""},"tablet":{"background-color":"var(--ast-global-color-5)","background-image":"","background-repeat":"repeat","background-position":"center center","background-size":"auto","background-attachment":"scroll","background-type":"","background-media":"","overlay-type":"","overlay-color":"","overlay-opacity":"","overlay-gradient":""},"mobile":{"background-color":"var(--ast-global-color-5)","background-image":"","background-repeat":"repeat","background-position":"center center","background-size":"auto","background-attachment":"scroll","background-type":"","background-media":"","overlay-type":"","overlay-color":"","overlay-opacity":"","overlay-gradient":""}},"footnotes":""},"class_list":["post-26547","page","type-page","status-publish","hentry"],"_links":{"self":[{"href":"https:\/\/www.tanieblaszaki.pl\/hu\/wp-json\/wp\/v2\/pages\/26547","targetHints":{"allow":["GET"]}}],"collection":[{"href":"https:\/\/www.tanieblaszaki.pl\/hu\/wp-json\/wp\/v2\/pages"}],"about":[{"href":"https:\/\/www.tanieblaszaki.pl\/hu\/wp-json\/wp\/v2\/types\/page"}],"author":[{"embeddable":true,"href":"https:\/\/www.tanieblaszaki.pl\/hu\/wp-json\/wp\/v2\/users\/1"}],"replies":[{"embeddable":true,"href":"https:\/\/www.tanieblaszaki.pl\/hu\/wp-json\/wp\/v2\/comments?post=26547"}],"version-history":[{"count":0,"href":"https:\/\/www.tanieblaszaki.pl\/hu\/wp-json\/wp\/v2\/pages\/26547\/revisions"}],"wp:attachment":[{"href":"https:\/\/www.tanieblaszaki.pl\/hu\/wp-json\/wp\/v2\/media?parent=26547"}],"curies":[{"name":"wp","href":"https:\/\/api.w.org\/{rel}","templated":true}]}}