{"id":26543,"date":"2022-06-29T16:27:23","date_gmt":"2022-06-29T16:27:23","guid":{"rendered":"https:\/\/www.tanieblaszaki.pl\/kutyatollak\/"},"modified":"2022-07-02T20:02:42","modified_gmt":"2022-07-02T20:02:42","slug":"kutyatollak","status":"publish","type":"page","link":"https:\/\/www.tanieblaszaki.pl\/hu\/kutyatollak\/","title":{"rendered":"Kutyatollak"},"content":{"rendered":"\t\t<div data-elementor-type=\"wp-page\" data-elementor-id=\"26543\" class=\"elementor elementor-26543\">\n\t\t\t\t\t\t<section class=\"elementor-section elementor-top-section elementor-element elementor-element-2cd5bf9 elementor-section-boxed elementor-section-height-default elementor-section-height-default\" data-id=\"2cd5bf9\" data-element_type=\"section\" data-e-type=\"section\" data-settings=\"{&quot;background_background&quot;:&quot;gradient&quot;}\">\n\t\t\t\t\t\t<div class=\"elementor-container elementor-column-gap-default\">\n\t\t\t\t\t<div class=\"elementor-column elementor-col-100 elementor-top-column elementor-element elementor-element-42e5326\" data-id=\"42e5326\" data-element_type=\"column\" data-e-type=\"column\">\n\t\t\t<div class=\"elementor-widget-wrap elementor-element-populated\">\n\t\t\t\t\t\t<div class=\"elementor-element elementor-element-3f57987 elementor-widget elementor-widget-image-box\" data-id=\"3f57987\" data-element_type=\"widget\" data-e-type=\"widget\" data-widget_type=\"image-box.default\">\n\t\t\t\t<div class=\"elementor-widget-container\">\n\t\t\t\t\t<div class=\"elementor-image-box-wrapper\"><div class=\"elementor-image-box-content\"><h1 class=\"elementor-image-box-title\">KUTYAFEKV\u00c9NYEK<\/h1><\/div><\/div>\t\t\t\t<\/div>\n\t\t\t\t<\/div>\n\t\t\t\t\t<\/div>\n\t\t<\/div>\n\t\t\t\t\t<\/div>\n\t\t<\/section>\n\t\t\t\t<section class=\"elementor-section elementor-top-section elementor-element elementor-element-3c90eca elementor-section-content-middle elementor-section-boxed elementor-section-height-default elementor-section-height-default\" data-id=\"3c90eca\" data-element_type=\"section\" data-e-type=\"section\">\n\t\t\t\t\t\t<div class=\"elementor-container elementor-column-gap-no\">\n\t\t\t\t\t<div class=\"elementor-column elementor-col-33 elementor-top-column elementor-element elementor-element-8cc07bd\" data-id=\"8cc07bd\" data-element_type=\"column\" data-e-type=\"column\">\n\t\t\t<div class=\"elementor-widget-wrap elementor-element-populated\">\n\t\t\t\t\t\t<div class=\"elementor-element elementor-element-1acd8c1 elementor-widget elementor-widget-heading\" data-id=\"1acd8c1\" data-element_type=\"widget\" data-e-type=\"widget\" data-widget_type=\"heading.default\">\n\t\t\t\t<div class=\"elementor-widget-container\">\n\t\t\t\t\t<h2 class=\"elementor-heading-title elementor-size-default\">KUTYAFEKV\u00c9NYEK<\/h2>\t\t\t\t<\/div>\n\t\t\t\t<\/div>\n\t\t\t\t\t<\/div>\n\t\t<\/div>\n\t\t\t\t<div class=\"elementor-column elementor-col-66 elementor-top-column elementor-element elementor-element-ef0c3a2\" data-id=\"ef0c3a2\" data-element_type=\"column\" data-e-type=\"column\">\n\t\t\t<div class=\"elementor-widget-wrap elementor-element-populated\">\n\t\t\t\t\t\t<div class=\"elementor-element elementor-element-cbebfdc elementor-widget elementor-widget-text-editor\" data-id=\"cbebfdc\" data-element_type=\"widget\" data-e-type=\"widget\" data-widget_type=\"text-editor.default\">\n\t\t\t\t<div class=\"elementor-widget-container\">\n\t\t\t\t\t\t\t\t\t<p>K\u00edn\u00e1lunk tov\u00e1bb\u00e1 <strong>professzion\u00e1lis \u00e9s biztons\u00e1gos kutyafuttat\u00f3kat<\/strong>, amelyek k\u00e9nyelmes k\u00f6rnyezetet biztos\u00edtanak kedvenceink sz\u00e1m\u00e1ra. A kar\u00e1mok hat\u00e9konyan kik\u00fcsz\u00f6b\u00f6lik a kertet t\u00f6nkretev\u0151 kuty\u00e1kkal kapcsolatos probl\u00e9m\u00e1kat, \u00e9s megsz\u00fcntetik a kutyat\u00e1mad\u00e1sokhoz kapcsol\u00f3d\u00f3 vesz\u00e9lyt. A kutyatart\u00f3k k\u00f6zvetlen gy\u00e1rt\u00f3jak\u00e9nt b\u00e1rmilyen m\u00e9retet, valamint kieg\u00e9sz\u00edt\u0151 felszerel\u00e9st k\u00edn\u00e1lunk \u00d6nnek. <strong>\u00f6sszeszerel\u00e9st \u00e9s sz\u00e1ll\u00edt\u00e1st k\u00edn\u00e1lunk az eg\u00e9sz orsz\u00e1gban<\/strong>, k\u00fcl\u00f6n\u00f6sen Limanowa, Jod\u0142ownik, Rupni\u00f3w, Tymbark, Nowy S\u0105cz, S\u0142opnice, M\u0119cina, Siekierczyna, \u017begocina, Ujanowice \u00e9s Mszana k\u00f6rny\u00e9k\u00e9n.<\/p>.\t\t\t\t\t\t\t\t<\/div>\n\t\t\t\t<\/div>\n\t\t\t\t\t<\/div>\n\t\t<\/div>\n\t\t\t\t\t<\/div>\n\t\t<\/section>\n\t\t\t\t<section class=\"elementor-section elementor-top-section elementor-element elementor-element-7d13e12 elementor-section-boxed elementor-section-height-default elementor-section-height-default\" data-id=\"7d13e12\" data-element_type=\"section\" data-e-type=\"section\">\n\t\t\t\t\t\t<div class=\"elementor-container elementor-column-gap-default\">\n\t\t\t\t\t<div class=\"elementor-column elementor-col-100 elementor-top-column elementor-element elementor-element-de5ede3\" data-id=\"de5ede3\" data-element_type=\"column\" data-e-type=\"column\">\n\t\t\t<div class=\"elementor-widget-wrap elementor-element-populated\">\n\t\t\t\t\t\t<div class=\"elementor-element elementor-element-09d0d2e elementor-widget elementor-widget-image-gallery\" data-id=\"09d0d2e\" data-element_type=\"widget\" data-e-type=\"widget\" data-widget_type=\"image-gallery.default\">\n\t\t\t\t<div class=\"elementor-widget-container\">\n\t\t\t\t\t\t\t<div class=\"elementor-image-gallery\">\n\t\t\t<div id='gallery-1' class='gallery galleryid-26543 gallery-columns-3 gallery-size-shop_catalog'><figure class='gallery-item'>\n\t\t\t<div class='gallery-icon landscape'>\n\t\t\t\t<a data-elementor-open-lightbox=\"yes\" data-elementor-lightbox-slideshow=\"09d0d2e\" data-elementor-lightbox-title=\"received_1043132616071218\" data-e-action-hash=\"#elementor-action%3Aaction%3Dlightbox%26settings%3DeyJpZCI6MjYxMTgsInVybCI6Imh0dHBzOlwvXC93d3cudGFuaWVibGFzemFraS5wbFwvd3AtY29udGVudFwvdXBsb2Fkc1wvMjAyMlwvMDZcL3JlY2VpdmVkXzEwNDMxMzI2MTYwNzEyMTgtMS1zY2FsZWQuanBlZyIsInNsaWRlc2hvdyI6IjA5ZDBkMmUifQ%3D%3D\" href='https:\/\/www.tanieblaszaki.pl\/wp-content\/uploads\/2022\/06\/received_1043132616071218-1-scaled.jpeg'><img fetchpriority=\"high\" decoding=\"async\" width=\"300\" height=\"300\" src=\"https:\/\/www.tanieblaszaki.pl\/wp-content\/uploads\/2022\/06\/received_1043132616071218-1-300x300.jpeg\" class=\"attachment-shop_catalog size-shop_catalog\" alt=\"\" srcset=\"https:\/\/www.tanieblaszaki.pl\/wp-content\/uploads\/2022\/06\/received_1043132616071218-1-300x300.jpeg 300w, https:\/\/www.tanieblaszaki.pl\/wp-content\/uploads\/2022\/06\/received_1043132616071218-1-150x150.jpeg 150w, https:\/\/www.tanieblaszaki.pl\/wp-content\/uploads\/2022\/06\/received_1043132616071218-1-100x100.jpeg 100w\" sizes=\"(max-width: 300px) 100vw, 300px\" \/><\/a>\n\t\t\t<\/div><\/figure><figure class='gallery-item'>\n\t\t\t<div class='gallery-icon landscape'>\n\t\t\t\t<a data-elementor-open-lightbox=\"yes\" data-elementor-lightbox-slideshow=\"09d0d2e\" data-elementor-lightbox-title=\"20220624_164215\" data-e-action-hash=\"#elementor-action%3Aaction%3Dlightbox%26settings%3DeyJpZCI6MjYxOTYsInVybCI6Imh0dHBzOlwvXC93d3cudGFuaWVibGFzemFraS5wbFwvd3AtY29udGVudFwvdXBsb2Fkc1wvMjAyMlwvMDZcLzIwMjIwNjI0XzE2NDIxNS1zY2FsZWQuanBnIiwic2xpZGVzaG93IjoiMDlkMGQyZSJ9\" href='https:\/\/www.tanieblaszaki.pl\/wp-content\/uploads\/2022\/06\/20220624_164215-scaled.jpg'><img decoding=\"async\" width=\"300\" height=\"300\" src=\"https:\/\/www.tanieblaszaki.pl\/wp-content\/uploads\/2022\/06\/20220624_164215-300x300.jpg\" class=\"attachment-shop_catalog size-shop_catalog\" alt=\"\" srcset=\"https:\/\/www.tanieblaszaki.pl\/wp-content\/uploads\/2022\/06\/20220624_164215-300x300.jpg 300w, https:\/\/www.tanieblaszaki.pl\/wp-content\/uploads\/2022\/06\/20220624_164215-150x150.jpg 150w, https:\/\/www.tanieblaszaki.pl\/wp-content\/uploads\/2022\/06\/20220624_164215-100x100.jpg 100w\" sizes=\"(max-width: 300px) 100vw, 300px\" \/><\/a>\n\t\t\t<\/div><\/figure><figure class='gallery-item'>\n\t\t\t<div class='gallery-icon landscape'>\n\t\t\t\t<a data-elementor-open-lightbox=\"yes\" data-elementor-lightbox-slideshow=\"09d0d2e\" data-elementor-lightbox-title=\"IMG_20171130_134721\" data-e-action-hash=\"#elementor-action%3Aaction%3Dlightbox%26settings%3DeyJpZCI6MjU5MTksInVybCI6Imh0dHBzOlwvXC93d3cudGFuaWVibGFzemFraS5wbFwvd3AtY29udGVudFwvdXBsb2Fkc1wvMjAyMlwvMDZcL0lNR18yMDE3MTEzMF8xMzQ3MjEuanBnIiwic2xpZGVzaG93IjoiMDlkMGQyZSJ9\" href='https:\/\/www.tanieblaszaki.pl\/wp-content\/uploads\/2022\/06\/IMG_20171130_134721.jpg'><img decoding=\"async\" width=\"300\" height=\"300\" src=\"https:\/\/www.tanieblaszaki.pl\/wp-content\/uploads\/2022\/06\/IMG_20171130_134721-300x300.jpg\" class=\"attachment-shop_catalog size-shop_catalog\" alt=\"\" srcset=\"https:\/\/www.tanieblaszaki.pl\/wp-content\/uploads\/2022\/06\/IMG_20171130_134721-300x300.jpg 300w, https:\/\/www.tanieblaszaki.pl\/wp-content\/uploads\/2022\/06\/IMG_20171130_134721-150x150.jpg 150w, https:\/\/www.tanieblaszaki.pl\/wp-content\/uploads\/2022\/06\/IMG_20171130_134721-100x100.jpg 100w\" sizes=\"(max-width: 300px) 100vw, 300px\" \/><\/a>\n\t\t\t<\/div><\/figure><figure class='gallery-item'>\n\t\t\t<div class='gallery-icon landscape'>\n\t\t\t\t<a data-elementor-open-lightbox=\"yes\" data-elementor-lightbox-slideshow=\"09d0d2e\" data-elementor-lightbox-title=\"received_1043132616071218\" data-e-action-hash=\"#elementor-action%3Aaction%3Dlightbox%26settings%3DeyJpZCI6MjU5MjIsInVybCI6Imh0dHBzOlwvXC93d3cudGFuaWVibGFzemFraS5wbFwvd3AtY29udGVudFwvdXBsb2Fkc1wvMjAyMlwvMDZcL3JlY2VpdmVkXzEwNDMxMzI2MTYwNzEyMTgtc2NhbGVkLmpwZWciLCJzbGlkZXNob3ciOiIwOWQwZDJlIn0%3D\" href='https:\/\/www.tanieblaszaki.pl\/wp-content\/uploads\/2022\/06\/received_1043132616071218-scaled.jpeg'><img loading=\"lazy\" decoding=\"async\" width=\"300\" height=\"300\" src=\"https:\/\/www.tanieblaszaki.pl\/wp-content\/uploads\/2022\/06\/received_1043132616071218-300x300.jpeg\" class=\"attachment-shop_catalog size-shop_catalog\" alt=\"\" srcset=\"https:\/\/www.tanieblaszaki.pl\/wp-content\/uploads\/2022\/06\/received_1043132616071218-300x300.jpeg 300w, https:\/\/www.tanieblaszaki.pl\/wp-content\/uploads\/2022\/06\/received_1043132616071218-150x150.jpeg 150w, https:\/\/www.tanieblaszaki.pl\/wp-content\/uploads\/2022\/06\/received_1043132616071218-100x100.jpeg 100w\" sizes=\"(max-width: 300px) 100vw, 300px\" \/><\/a>\n\t\t\t<\/div><\/figure><figure class='gallery-item'>\n\t\t\t<div class='gallery-icon landscape'>\n\t\t\t\t<a data-elementor-open-lightbox=\"yes\" data-elementor-lightbox-slideshow=\"09d0d2e\" data-elementor-lightbox-title=\"20210611_161004\" data-e-action-hash=\"#elementor-action%3Aaction%3Dlightbox%26settings%3DeyJpZCI6MjYyMTcsInVybCI6Imh0dHBzOlwvXC93d3cudGFuaWVibGFzemFraS5wbFwvd3AtY29udGVudFwvdXBsb2Fkc1wvMjAyMlwvMDZcLzIwMjEwNjExXzE2MTAwNC1zY2FsZWQuanBnIiwic2xpZGVzaG93IjoiMDlkMGQyZSJ9\" href='https:\/\/www.tanieblaszaki.pl\/wp-content\/uploads\/2022\/06\/20210611_161004-scaled.jpg'><img loading=\"lazy\" decoding=\"async\" width=\"300\" height=\"300\" src=\"https:\/\/www.tanieblaszaki.pl\/wp-content\/uploads\/2022\/06\/20210611_161004-300x300.jpg\" class=\"attachment-shop_catalog size-shop_catalog\" alt=\"\" srcset=\"https:\/\/www.tanieblaszaki.pl\/wp-content\/uploads\/2022\/06\/20210611_161004-300x300.jpg 300w, https:\/\/www.tanieblaszaki.pl\/wp-content\/uploads\/2022\/06\/20210611_161004-150x150.jpg 150w, https:\/\/www.tanieblaszaki.pl\/wp-content\/uploads\/2022\/06\/20210611_161004-100x100.jpg 100w\" sizes=\"(max-width: 300px) 100vw, 300px\" \/><\/a>\n\t\t\t<\/div><\/figure><figure class='gallery-item'>\n\t\t\t<div class='gallery-icon landscape'>\n\t\t\t\t<a data-elementor-open-lightbox=\"yes\" data-elementor-lightbox-slideshow=\"09d0d2e\" data-elementor-lightbox-title=\"received_337973425160271\" data-e-action-hash=\"#elementor-action%3Aaction%3Dlightbox%26settings%3DeyJpZCI6MjYyMjAsInVybCI6Imh0dHBzOlwvXC93d3cudGFuaWVibGFzemFraS5wbFwvd3AtY29udGVudFwvdXBsb2Fkc1wvMjAyMlwvMDZcL3JlY2VpdmVkXzMzNzk3MzQyNTE2MDI3MS5qcGVnIiwic2xpZGVzaG93IjoiMDlkMGQyZSJ9\" href='https:\/\/www.tanieblaszaki.pl\/wp-content\/uploads\/2022\/06\/received_337973425160271.jpeg'><img loading=\"lazy\" decoding=\"async\" width=\"300\" height=\"300\" src=\"https:\/\/www.tanieblaszaki.pl\/wp-content\/uploads\/2022\/06\/received_337973425160271-300x300.jpeg\" class=\"attachment-shop_catalog size-shop_catalog\" alt=\"\" srcset=\"https:\/\/www.tanieblaszaki.pl\/wp-content\/uploads\/2022\/06\/received_337973425160271-300x300.jpeg 300w, https:\/\/www.tanieblaszaki.pl\/wp-content\/uploads\/2022\/06\/received_337973425160271-150x150.jpeg 150w, https:\/\/www.tanieblaszaki.pl\/wp-content\/uploads\/2022\/06\/received_337973425160271-100x100.jpeg 100w\" sizes=\"(max-width: 300px) 100vw, 300px\" \/><\/a>\n\t\t\t<\/div><\/figure><figure class='gallery-item'>\n\t\t\t<div class='gallery-icon landscape'>\n\t\t\t\t<a data-elementor-open-lightbox=\"yes\" data-elementor-lightbox-slideshow=\"09d0d2e\" data-elementor-lightbox-title=\"received_1442628239490624\" data-e-action-hash=\"#elementor-action%3Aaction%3Dlightbox%26settings%3DeyJpZCI6MjYyMjMsInVybCI6Imh0dHBzOlwvXC93d3cudGFuaWVibGFzemFraS5wbFwvd3AtY29udGVudFwvdXBsb2Fkc1wvMjAyMlwvMDZcL3JlY2VpdmVkXzE0NDI2MjgyMzk0OTA2MjQuanBlZyIsInNsaWRlc2hvdyI6IjA5ZDBkMmUifQ%3D%3D\" href='https:\/\/www.tanieblaszaki.pl\/wp-content\/uploads\/2022\/06\/received_1442628239490624.jpeg'><img loading=\"lazy\" decoding=\"async\" width=\"300\" height=\"300\" src=\"https:\/\/www.tanieblaszaki.pl\/wp-content\/uploads\/2022\/06\/received_1442628239490624-300x300.jpeg\" class=\"attachment-shop_catalog size-shop_catalog\" alt=\"\" srcset=\"https:\/\/www.tanieblaszaki.pl\/wp-content\/uploads\/2022\/06\/received_1442628239490624-300x300.jpeg 300w, https:\/\/www.tanieblaszaki.pl\/wp-content\/uploads\/2022\/06\/received_1442628239490624-150x150.jpeg 150w, https:\/\/www.tanieblaszaki.pl\/wp-content\/uploads\/2022\/06\/received_1442628239490624-100x100.jpeg 100w\" sizes=\"(max-width: 300px) 100vw, 300px\" \/><\/a>\n\t\t\t<\/div><\/figure><figure class='gallery-item'>\n\t\t\t<div class='gallery-icon landscape'>\n\t\t\t\t<a data-elementor-open-lightbox=\"yes\" data-elementor-lightbox-slideshow=\"09d0d2e\" data-elementor-lightbox-title=\"received_1366725993846424\" data-e-action-hash=\"#elementor-action%3Aaction%3Dlightbox%26settings%3DeyJpZCI6MjYyMjYsInVybCI6Imh0dHBzOlwvXC93d3cudGFuaWVibGFzemFraS5wbFwvd3AtY29udGVudFwvdXBsb2Fkc1wvMjAyMlwvMDZcL3JlY2VpdmVkXzEzNjY3MjU5OTM4NDY0MjQuanBlZyIsInNsaWRlc2hvdyI6IjA5ZDBkMmUifQ%3D%3D\" href='https:\/\/www.tanieblaszaki.pl\/wp-content\/uploads\/2022\/06\/received_1366725993846424.jpeg'><img loading=\"lazy\" decoding=\"async\" width=\"300\" height=\"300\" src=\"https:\/\/www.tanieblaszaki.pl\/wp-content\/uploads\/2022\/06\/received_1366725993846424-300x300.jpeg\" class=\"attachment-shop_catalog size-shop_catalog\" alt=\"\" srcset=\"https:\/\/www.tanieblaszaki.pl\/wp-content\/uploads\/2022\/06\/received_1366725993846424-300x300.jpeg 300w, https:\/\/www.tanieblaszaki.pl\/wp-content\/uploads\/2022\/06\/received_1366725993846424-150x150.jpeg 150w, https:\/\/www.tanieblaszaki.pl\/wp-content\/uploads\/2022\/06\/received_1366725993846424-100x100.jpeg 100w\" sizes=\"(max-width: 300px) 100vw, 300px\" \/><\/a>\n\t\t\t<\/div><\/figure><figure class='gallery-item'>\n\t\t\t<div class='gallery-icon landscape'>\n\t\t\t\t<a data-elementor-open-lightbox=\"yes\" data-elementor-lightbox-slideshow=\"09d0d2e\" data-elementor-lightbox-title=\"received_2682951382024927\" data-e-action-hash=\"#elementor-action%3Aaction%3Dlightbox%26settings%3DeyJpZCI6MjYyMjksInVybCI6Imh0dHBzOlwvXC93d3cudGFuaWVibGFzemFraS5wbFwvd3AtY29udGVudFwvdXBsb2Fkc1wvMjAyMlwvMDZcL3JlY2VpdmVkXzI2ODI5NTEzODIwMjQ5MjcuanBlZyIsInNsaWRlc2hvdyI6IjA5ZDBkMmUifQ%3D%3D\" href='https:\/\/www.tanieblaszaki.pl\/wp-content\/uploads\/2022\/06\/received_2682951382024927.jpeg'><img loading=\"lazy\" decoding=\"async\" width=\"300\" height=\"300\" src=\"https:\/\/www.tanieblaszaki.pl\/wp-content\/uploads\/2022\/06\/received_2682951382024927-300x300.jpeg\" class=\"attachment-shop_catalog size-shop_catalog\" alt=\"\" srcset=\"https:\/\/www.tanieblaszaki.pl\/wp-content\/uploads\/2022\/06\/received_2682951382024927-300x300.jpeg 300w, https:\/\/www.tanieblaszaki.pl\/wp-content\/uploads\/2022\/06\/received_2682951382024927-150x150.jpeg 150w, https:\/\/www.tanieblaszaki.pl\/wp-content\/uploads\/2022\/06\/received_2682951382024927-100x100.jpeg 100w\" sizes=\"(max-width: 300px) 100vw, 300px\" \/><\/a>\n\t\t\t<\/div><\/figure>\n\t\t<\/div>\n\t\t<\/div>\n\t\t\t\t\t\t<\/div>\n\t\t\t\t<\/div>\n\t\t\t\t\t<\/div>\n\t\t<\/div>\n\t\t\t\t\t<\/div>\n\t\t<\/section>\n\t\t\t\t<section class=\"elementor-section elementor-top-section elementor-element elementor-element-93c5c6a elementor-section-content-middle elementor-section-boxed elementor-section-height-default elementor-section-height-default\" data-id=\"93c5c6a\" data-element_type=\"section\" data-e-type=\"section\" data-settings=\"{&quot;background_background&quot;:&quot;classic&quot;}\">\n\t\t\t\t\t\t<div class=\"elementor-container elementor-column-gap-no\">\n\t\t\t\t\t<div class=\"elementor-column elementor-col-100 elementor-top-column elementor-element elementor-element-5b31354\" data-id=\"5b31354\" data-element_type=\"column\" data-e-type=\"column\" data-settings=\"{&quot;background_background&quot;:&quot;classic&quot;}\">\n\t\t\t<div class=\"elementor-widget-wrap elementor-element-populated\">\n\t\t\t\t\t\t<div class=\"elementor-element elementor-element-bcd48e7 elementor-widget elementor-widget-heading\" data-id=\"bcd48e7\" data-element_type=\"widget\" data-e-type=\"widget\" data-widget_type=\"heading.default\">\n\t\t\t\t<div class=\"elementor-widget-container\">\n\t\t\t\t\t<h2 class=\"elementor-heading-title elementor-size-default\">Olcs\u00f3 kutya tollak<\/h2>\t\t\t\t<\/div>\n\t\t\t\t<\/div>\n\t\t\t\t<div class=\"elementor-element elementor-element-299fb2a elementor-widget elementor-widget-text-editor\" data-id=\"299fb2a\" data-element_type=\"widget\" data-e-type=\"widget\" data-widget_type=\"text-editor.default\">\n\t\t\t\t<div class=\"elementor-widget-container\">\n\t\t\t\t\t\t\t\t\t<ul><li><p>Olcs\u00f3, tart\u00f3s \u00e9s biztons\u00e1gos kutyafuttat\u00f3kat k\u00edn\u00e1lunk, hogy kuty\u00e1j\u00e1nak megfelel\u0151 k\u00f6r\u00fclm\u00e9nyeket biztos\u00edtsunk.<\/p><ul><li><p>A standard j\u00e1r\u00f3ka m\u00e9rete 2x3m.<\/p><\/li><li><p>Tet\u0151fed\u00e9s horganyzott trap\u00e9zlemezzel vagy akrillemezzel (tet\u0151hajl\u00e1ssz\u00f6g h\u00e1trafel\u00e9).<\/p><\/li><li><p>A teljes szerkezetet csavarokkal r\u00f6gz\u00edtik, \u00edgy k\u00f6nnyen sz\u00e9t- \u00e9s \u00f6sszeszerelhet\u0151.<\/p><\/li><li><p>Ajt\u00f3 retesszel.<\/p><\/li><\/ul><\/li><\/ul>\t\t\t\t\t\t\t\t<\/div>\n\t\t\t\t<\/div>\n\t\t\t\t\t<\/div>\n\t\t<\/div>\n\t\t\t\t\t<\/div>\n\t\t<\/section>\n\t\t\t\t<section class=\"elementor-section elementor-top-section elementor-element elementor-element-cbce258 elementor-section-content-middle elementor-section-boxed elementor-section-height-default elementor-section-height-default\" data-id=\"cbce258\" data-element_type=\"section\" data-e-type=\"section\">\n\t\t\t\t\t\t<div class=\"elementor-container elementor-column-gap-no\">\n\t\t\t\t\t<div class=\"elementor-column elementor-col-33 elementor-top-column elementor-element elementor-element-2930327\" data-id=\"2930327\" data-element_type=\"column\" data-e-type=\"column\">\n\t\t\t<div class=\"elementor-widget-wrap elementor-element-populated\">\n\t\t\t\t\t\t<div class=\"elementor-element elementor-element-11578d1 elementor-widget elementor-widget-heading\" data-id=\"11578d1\" data-element_type=\"widget\" data-e-type=\"widget\" data-widget_type=\"heading.default\">\n\t\t\t\t<div class=\"elementor-widget-container\">\n\t\t\t\t\t<h2 class=\"elementor-heading-title elementor-size-default\">Milyen kutyatart\u00f3t v\u00e1lasszak?<\/h2>\t\t\t\t<\/div>\n\t\t\t\t<\/div>\n\t\t\t\t\t<\/div>\n\t\t<\/div>\n\t\t\t\t<div class=\"elementor-column elementor-col-66 elementor-top-column elementor-element elementor-element-3cbfaba\" data-id=\"3cbfaba\" data-element_type=\"column\" data-e-type=\"column\">\n\t\t\t<div class=\"elementor-widget-wrap elementor-element-populated\">\n\t\t\t\t\t\t<div class=\"elementor-element elementor-element-9db0b52 elementor-widget elementor-widget-text-editor\" data-id=\"9db0b52\" data-element_type=\"widget\" data-e-type=\"widget\" data-widget_type=\"text-editor.default\">\n\t\t\t\t<div class=\"elementor-widget-container\">\n\t\t\t\t\t\t\t\t\t<p><span style=\"color: #333333;\">A toll k\u00e9sz\u00fclhet <\/span><strong><span style=\"color: #333333;\">b\u00e1rmilyen dimenzi\u00f3<\/span><\/strong><span style=\"color: #333333;\">. A kar\u00e1mokhoz kieg\u00e9sz\u00edt\u0151 felszerel\u00e9seket k\u00edn\u00e1lunk, pl. a fal lemezb\u00e9l\u00e9se, impregn\u00e1lt deszkapadl\u00f3, sz\u00ednes tet\u0151, lyuk k\u00e9sz\u00edt\u00e9se kennel sz\u00e1m\u00e1ra, t\u00e1lak, forg\u00f3t\u00e1lak.<\/span><\/p>\t\t\t\t\t\t\t\t<\/div>\n\t\t\t\t<\/div>\n\t\t\t\t\t<\/div>\n\t\t<\/div>\n\t\t\t\t\t<\/div>\n\t\t<\/section>\n\t\t\t\t<\/div>\n\t\t","protected":false},"excerpt":{"rendered":"<p>KUTYAFEKV\u00c9NYEK KUTYAFEKV\u00c9NYEK K\u00edn\u00e1lunk tov\u00e1bb\u00e1 professzion\u00e1lis \u00e9s biztons\u00e1gos kutyafuttat\u00f3kat, amelyek k\u00e9nyelmes k\u00f6rnyezetet biztos\u00edtanak kedvenceink sz\u00e1m\u00e1ra. A kar\u00e1mok hat\u00e9konyan kik\u00fcsz\u00f6b\u00f6lik a kertet t\u00f6nkretev\u0151 kuty\u00e1kkal kapcsolatos probl\u00e9m\u00e1kat, \u00e9s megsz\u00fcntetik a kutyat\u00e1mad\u00e1sokhoz kapcsol\u00f3d\u00f3 vesz\u00e9lyt. A kutyatart\u00f3k k\u00f6zvetlen gy\u00e1rt\u00f3jak\u00e9nt b\u00e1rmilyen m\u00e9retet, valamint kieg\u00e9sz\u00edt\u0151 felszerel\u00e9st k\u00edn\u00e1lunk \u00d6nnek. \u00f6sszeszerel\u00e9st \u00e9s sz\u00e1ll\u00edt\u00e1st k\u00edn\u00e1lunk az eg\u00e9sz orsz\u00e1gban, k\u00fcl\u00f6n\u00f6sen Limanowa, Jod\u0142ownik, Rupni\u00f3w, Tymbark, Nowy S\u0105cz, [&hellip;]<\/p>\n","protected":false},"author":1,"featured_media":0,"parent":0,"menu_order":0,"comment_status":"closed","ping_status":"closed","template":"","meta":{"site-sidebar-layout":"no-sidebar","site-content-layout":"page-builder","ast-site-content-layout":"default","site-content-style":"default","site-sidebar-style":"default","ast-global-header-display":"","ast-banner-title-visibility":"","ast-main-header-display":"","ast-hfb-above-header-display":"","ast-hfb-below-header-display":"","ast-hfb-mobile-header-display":"","site-post-title":"disabled","ast-breadcrumbs-content":"","ast-featured-img":"disabled","footer-sml-layout":"","ast-disable-related-posts":"","theme-transparent-header-meta":"","adv-header-id-meta":"","stick-header-meta":"","header-above-stick-meta":"","header-main-stick-meta":"","header-below-stick-meta":"","astra-migrate-meta-layouts":"default","ast-page-background-enabled":"default","ast-page-background-meta":{"desktop":{"background-color":"","background-image":"","background-repeat":"repeat","background-position":"center center","background-size":"auto","background-attachment":"scroll","background-type":"","background-media":"","overlay-type":"","overlay-color":"","overlay-opacity":"","overlay-gradient":""},"tablet":{"background-color":"","background-image":"","background-repeat":"repeat","background-position":"center center","background-size":"auto","background-attachment":"scroll","background-type":"","background-media":"","overlay-type":"","overlay-color":"","overlay-opacity":"","overlay-gradient":""},"mobile":{"background-color":"","background-image":"","background-repeat":"repeat","background-position":"center center","background-size":"auto","background-attachment":"scroll","background-type":"","background-media":"","overlay-type":"","overlay-color":"","overlay-opacity":"","overlay-gradient":""}},"ast-content-background-meta":{"desktop":{"background-color":"var(--ast-global-color-5)","background-image":"","background-repeat":"repeat","background-position":"center center","background-size":"auto","background-attachment":"scroll","background-type":"","background-media":"","overlay-type":"","overlay-color":"","overlay-opacity":"","overlay-gradient":""},"tablet":{"background-color":"var(--ast-global-color-5)","background-image":"","background-repeat":"repeat","background-position":"center center","background-size":"auto","background-attachment":"scroll","background-type":"","background-media":"","overlay-type":"","overlay-color":"","overlay-opacity":"","overlay-gradient":""},"mobile":{"background-color":"var(--ast-global-color-5)","background-image":"","background-repeat":"repeat","background-position":"center center","background-size":"auto","background-attachment":"scroll","background-type":"","background-media":"","overlay-type":"","overlay-color":"","overlay-opacity":"","overlay-gradient":""}},"footnotes":""},"class_list":["post-26543","page","type-page","status-publish","hentry"],"_links":{"self":[{"href":"https:\/\/www.tanieblaszaki.pl\/hu\/wp-json\/wp\/v2\/pages\/26543","targetHints":{"allow":["GET"]}}],"collection":[{"href":"https:\/\/www.tanieblaszaki.pl\/hu\/wp-json\/wp\/v2\/pages"}],"about":[{"href":"https:\/\/www.tanieblaszaki.pl\/hu\/wp-json\/wp\/v2\/types\/page"}],"author":[{"embeddable":true,"href":"https:\/\/www.tanieblaszaki.pl\/hu\/wp-json\/wp\/v2\/users\/1"}],"replies":[{"embeddable":true,"href":"https:\/\/www.tanieblaszaki.pl\/hu\/wp-json\/wp\/v2\/comments?post=26543"}],"version-history":[{"count":0,"href":"https:\/\/www.tanieblaszaki.pl\/hu\/wp-json\/wp\/v2\/pages\/26543\/revisions"}],"wp:attachment":[{"href":"https:\/\/www.tanieblaszaki.pl\/hu\/wp-json\/wp\/v2\/media?parent=26543"}],"curies":[{"name":"wp","href":"https:\/\/api.w.org\/{rel}","templated":true}]}}