{"id":26541,"date":"2022-06-28T17:20:27","date_gmt":"2022-06-28T17:20:27","guid":{"rendered":"https:\/\/www.tanieblaszaki.pl\/szallitas-es-telepites\/"},"modified":"2022-07-02T18:47:04","modified_gmt":"2022-07-02T18:47:04","slug":"szallitas-es-telepites","status":"publish","type":"page","link":"https:\/\/www.tanieblaszaki.pl\/hu\/szallitas-es-telepites\/","title":{"rendered":"Sz\u00e1ll\u00edt\u00e1s \u00e9s telep\u00edt\u00e9s"},"content":{"rendered":"\t\t<div data-elementor-type=\"wp-page\" data-elementor-id=\"26541\" class=\"elementor elementor-26541\">\n\t\t\t\t\t\t<section class=\"elementor-section elementor-top-section elementor-element elementor-element-538563b elementor-section-boxed elementor-section-height-default elementor-section-height-default\" data-id=\"538563b\" data-element_type=\"section\" data-e-type=\"section\" data-settings=\"{&quot;background_background&quot;:&quot;gradient&quot;}\">\n\t\t\t\t\t\t<div class=\"elementor-container elementor-column-gap-default\">\n\t\t\t\t\t<div class=\"elementor-column elementor-col-100 elementor-top-column elementor-element elementor-element-fe81376\" data-id=\"fe81376\" data-element_type=\"column\" data-e-type=\"column\">\n\t\t\t<div class=\"elementor-widget-wrap elementor-element-populated\">\n\t\t\t\t\t\t<div class=\"elementor-element elementor-element-d356ba8 elementor-widget elementor-widget-image-box\" data-id=\"d356ba8\" data-element_type=\"widget\" data-e-type=\"widget\" data-widget_type=\"image-box.default\">\n\t\t\t\t<div class=\"elementor-widget-container\">\n\t\t\t\t\t<div class=\"elementor-image-box-wrapper\"><div class=\"elementor-image-box-content\"><h1 class=\"elementor-image-box-title\">SZ\u00c1LL\u00cdT\u00c1S \u00c9S TELEP\u00cdT\u00c9S<\/h1><\/div><\/div>\t\t\t\t<\/div>\n\t\t\t\t<\/div>\n\t\t\t\t\t<\/div>\n\t\t<\/div>\n\t\t\t\t\t<\/div>\n\t\t<\/section>\n\t\t\t\t<section class=\"elementor-section elementor-top-section elementor-element elementor-element-5e30532 elementor-section-boxed elementor-section-height-default elementor-section-height-default\" data-id=\"5e30532\" data-element_type=\"section\" data-e-type=\"section\">\n\t\t\t\t\t\t<div class=\"elementor-container elementor-column-gap-default\">\n\t\t\t\t\t<div class=\"elementor-column elementor-col-100 elementor-top-column elementor-element elementor-element-28bf885\" data-id=\"28bf885\" data-element_type=\"column\" data-e-type=\"column\" data-settings=\"{&quot;background_background&quot;:&quot;classic&quot;}\">\n\t\t\t<div class=\"elementor-widget-wrap elementor-element-populated\">\n\t\t\t\t\t\t<div class=\"elementor-element elementor-element-5943fd9 elementor-widget elementor-widget-text-editor\" data-id=\"5943fd9\" data-element_type=\"widget\" data-e-type=\"widget\" data-widget_type=\"text-editor.default\">\n\t\t\t\t<div class=\"elementor-widget-container\">\n\t\t\t\t\t\t\t\t\t<p>C\u00e9g\u00fcnk k\u00e9pes \u00e1tfog\u00f3 szolg\u00e1ltat\u00e1st ny\u00fajtani a gar\u00e1zsv\u00e1s\u00e1rl\u00e1ssal kapcsolatban a sz\u00e1ll\u00edt\u00e1st\u00f3l a telep\u00edt\u00e9sig az eg\u00e9sz orsz\u00e1g ter\u00fclet\u00e9n. A szerel\u00e9st szakk\u00e9pzett munk\u00e1sok v\u00e9gzik, \u00e9s a b\u00e1doggar\u00e1zsok sz\u00e1ll\u00edt\u00e1sa az eg\u00e9sz orsz\u00e1gban. Nem sz\u00e1m\u00edt, honnan j\u00f6tt &#8211; arra b\u00e1tor\u00edtjuk, hogy vegye fel a kapcsolatot c\u00e9g\u00fcnkkel.<\/p><p><strong>Figyelem:<\/strong> A gar\u00e1zs padl\u00f3hoz val\u00f3 r\u00f6gz\u00edt\u00e9se az \u00fcgyf\u00e9l feladata. A gar\u00e1zs f\u00f6ldh\u00f6z r\u00f6gz\u00edt\u00e9se nem tartozik a telep\u00edt\u00e9s k\u00f6r\u00e9be.<\/p><div class=\"notranslate\" style=\"all: initial;\">\u00a0<\/div>\t\t\t\t\t\t\t\t<\/div>\n\t\t\t\t<\/div>\n\t\t\t\t<div class=\"elementor-element elementor-element-7f31046 elementor-widget elementor-widget-image\" data-id=\"7f31046\" data-element_type=\"widget\" data-e-type=\"widget\" data-widget_type=\"image.default\">\n\t\t\t\t<div class=\"elementor-widget-container\">\n\t\t\t\t\t\t\t\t\t\t\t\t\t\t\t<img fetchpriority=\"high\" decoding=\"async\" width=\"1024\" height=\"320\" src=\"https:\/\/www.tanieblaszaki.pl\/wp-content\/uploads\/2022\/06\/Montaz-1024x320-1.jpg\" class=\"attachment-large size-large wp-image-26199\" alt=\"\" srcset=\"https:\/\/www.tanieblaszaki.pl\/wp-content\/uploads\/2022\/06\/Montaz-1024x320-1.jpg 1024w, https:\/\/www.tanieblaszaki.pl\/wp-content\/uploads\/2022\/06\/Montaz-1024x320-1-300x94.jpg 300w, https:\/\/www.tanieblaszaki.pl\/wp-content\/uploads\/2022\/06\/Montaz-1024x320-1-768x240.jpg 768w, https:\/\/www.tanieblaszaki.pl\/wp-content\/uploads\/2022\/06\/Montaz-1024x320-1-600x188.jpg 600w\" sizes=\"(max-width: 1024px) 100vw, 1024px\" \/>\t\t\t\t\t\t\t\t\t\t\t\t\t\t\t<\/div>\n\t\t\t\t<\/div>\n\t\t\t\t\t<\/div>\n\t\t<\/div>\n\t\t\t\t\t<\/div>\n\t\t<\/section>\n\t\t\t\t<\/div>\n\t\t","protected":false},"excerpt":{"rendered":"<p>SZ\u00c1LL\u00cdT\u00c1S \u00c9S TELEP\u00cdT\u00c9S C\u00e9g\u00fcnk k\u00e9pes \u00e1tfog\u00f3 szolg\u00e1ltat\u00e1st ny\u00fajtani a gar\u00e1zsv\u00e1s\u00e1rl\u00e1ssal kapcsolatban a sz\u00e1ll\u00edt\u00e1st\u00f3l a telep\u00edt\u00e9sig az eg\u00e9sz orsz\u00e1g ter\u00fclet\u00e9n. A szerel\u00e9st szakk\u00e9pzett munk\u00e1sok v\u00e9gzik, \u00e9s a b\u00e1doggar\u00e1zsok sz\u00e1ll\u00edt\u00e1sa az eg\u00e9sz orsz\u00e1gban. Nem sz\u00e1m\u00edt, honnan j\u00f6tt &#8211; arra b\u00e1tor\u00edtjuk, hogy vegye fel a kapcsolatot c\u00e9g\u00fcnkkel. Figyelem: A gar\u00e1zs padl\u00f3hoz val\u00f3 r\u00f6gz\u00edt\u00e9se az \u00fcgyf\u00e9l feladata. A gar\u00e1zs [&hellip;]<\/p>\n","protected":false},"author":1,"featured_media":0,"parent":0,"menu_order":0,"comment_status":"closed","ping_status":"closed","template":"","meta":{"site-sidebar-layout":"no-sidebar","site-content-layout":"page-builder","ast-site-content-layout":"default","site-content-style":"default","site-sidebar-style":"default","ast-global-header-display":"","ast-banner-title-visibility":"","ast-main-header-display":"","ast-hfb-above-header-display":"","ast-hfb-below-header-display":"","ast-hfb-mobile-header-display":"","site-post-title":"disabled","ast-breadcrumbs-content":"","ast-featured-img":"disabled","footer-sml-layout":"","ast-disable-related-posts":"","theme-transparent-header-meta":"","adv-header-id-meta":"","stick-header-meta":"","header-above-stick-meta":"","header-main-stick-meta":"","header-below-stick-meta":"","astra-migrate-meta-layouts":"default","ast-page-background-enabled":"default","ast-page-background-meta":{"desktop":{"background-color":"","background-image":"","background-repeat":"repeat","background-position":"center center","background-size":"auto","background-attachment":"scroll","background-type":"","background-media":"","overlay-type":"","overlay-color":"","overlay-opacity":"","overlay-gradient":""},"tablet":{"background-color":"","background-image":"","background-repeat":"repeat","background-position":"center center","background-size":"auto","background-attachment":"scroll","background-type":"","background-media":"","overlay-type":"","overlay-color":"","overlay-opacity":"","overlay-gradient":""},"mobile":{"background-color":"","background-image":"","background-repeat":"repeat","background-position":"center center","background-size":"auto","background-attachment":"scroll","background-type":"","background-media":"","overlay-type":"","overlay-color":"","overlay-opacity":"","overlay-gradient":""}},"ast-content-background-meta":{"desktop":{"background-color":"var(--ast-global-color-5)","background-image":"","background-repeat":"repeat","background-position":"center center","background-size":"auto","background-attachment":"scroll","background-type":"","background-media":"","overlay-type":"","overlay-color":"","overlay-opacity":"","overlay-gradient":""},"tablet":{"background-color":"var(--ast-global-color-5)","background-image":"","background-repeat":"repeat","background-position":"center center","background-size":"auto","background-attachment":"scroll","background-type":"","background-media":"","overlay-type":"","overlay-color":"","overlay-opacity":"","overlay-gradient":""},"mobile":{"background-color":"var(--ast-global-color-5)","background-image":"","background-repeat":"repeat","background-position":"center center","background-size":"auto","background-attachment":"scroll","background-type":"","background-media":"","overlay-type":"","overlay-color":"","overlay-opacity":"","overlay-gradient":""}},"footnotes":""},"class_list":["post-26541","page","type-page","status-publish","hentry"],"_links":{"self":[{"href":"https:\/\/www.tanieblaszaki.pl\/hu\/wp-json\/wp\/v2\/pages\/26541","targetHints":{"allow":["GET"]}}],"collection":[{"href":"https:\/\/www.tanieblaszaki.pl\/hu\/wp-json\/wp\/v2\/pages"}],"about":[{"href":"https:\/\/www.tanieblaszaki.pl\/hu\/wp-json\/wp\/v2\/types\/page"}],"author":[{"embeddable":true,"href":"https:\/\/www.tanieblaszaki.pl\/hu\/wp-json\/wp\/v2\/users\/1"}],"replies":[{"embeddable":true,"href":"https:\/\/www.tanieblaszaki.pl\/hu\/wp-json\/wp\/v2\/comments?post=26541"}],"version-history":[{"count":0,"href":"https:\/\/www.tanieblaszaki.pl\/hu\/wp-json\/wp\/v2\/pages\/26541\/revisions"}],"wp:attachment":[{"href":"https:\/\/www.tanieblaszaki.pl\/hu\/wp-json\/wp\/v2\/media?parent=26541"}],"curies":[{"name":"wp","href":"https:\/\/api.w.org\/{rel}","templated":true}]}}