{"id":26488,"date":"2022-06-29T16:31:20","date_gmt":"2022-06-29T16:31:20","guid":{"rendered":"https:\/\/www.tanieblaszaki.pl\/plechove-pristresky-zasobniky-a-dalsi-ocelove-konstrukce\/"},"modified":"2022-07-03T08:20:51","modified_gmt":"2022-07-03T08:20:51","slug":"plechove-pristresky-zasobniky-a-dalsi-ocelove-konstrukce","status":"publish","type":"page","link":"https:\/\/www.tanieblaszaki.pl\/cs\/plechove-pristresky-zasobniky-a-dalsi-ocelove-konstrukce\/","title":{"rendered":"Plechov\u00e9 p\u0159\u00edst\u0159e\u0161ky, z\u00e1sobn\u00edky a dal\u0161\u00ed ocelov\u00e9 konstrukce"},"content":{"rendered":"\t\t<div data-elementor-type=\"wp-page\" data-elementor-id=\"26488\" class=\"elementor elementor-26488\">\n\t\t\t\t\t\t<section class=\"elementor-section elementor-top-section elementor-element elementor-element-094d564 elementor-section-boxed elementor-section-height-default elementor-section-height-default\" data-id=\"094d564\" data-element_type=\"section\" data-e-type=\"section\" data-settings=\"{&quot;background_background&quot;:&quot;gradient&quot;}\">\n\t\t\t\t\t\t<div class=\"elementor-container elementor-column-gap-default\">\n\t\t\t\t\t<div class=\"elementor-column elementor-col-100 elementor-top-column elementor-element elementor-element-2805a17\" data-id=\"2805a17\" data-element_type=\"column\" data-e-type=\"column\">\n\t\t\t<div class=\"elementor-widget-wrap elementor-element-populated\">\n\t\t\t\t\t\t<div class=\"elementor-element elementor-element-45f7fd1 elementor-widget elementor-widget-image-box\" data-id=\"45f7fd1\" data-element_type=\"widget\" data-e-type=\"widget\" data-widget_type=\"image-box.default\">\n\t\t\t\t<div class=\"elementor-widget-container\">\n\t\t\t\t\t<div class=\"elementor-image-box-wrapper\"><div class=\"elementor-image-box-content\"><h1 class=\"elementor-image-box-title\">Plechov\u00e9 p\u0159\u00edst\u0159e\u0161ky, z\u00e1sobn\u00edky a dal\u0161\u00ed ocelov\u00e9 konstrukce<\/h1><\/div><\/div>\t\t\t\t<\/div>\n\t\t\t\t<\/div>\n\t\t\t\t\t<\/div>\n\t\t<\/div>\n\t\t\t\t\t<\/div>\n\t\t<\/section>\n\t\t\t\t<section class=\"elementor-section elementor-top-section elementor-element elementor-element-374725c elementor-section-content-middle elementor-section-boxed elementor-section-height-default elementor-section-height-default\" data-id=\"374725c\" data-element_type=\"section\" data-e-type=\"section\">\n\t\t\t\t\t\t<div class=\"elementor-container elementor-column-gap-no\">\n\t\t\t\t\t<div class=\"elementor-column elementor-col-33 elementor-top-column elementor-element elementor-element-f32c069\" data-id=\"f32c069\" data-element_type=\"column\" data-e-type=\"column\">\n\t\t\t<div class=\"elementor-widget-wrap elementor-element-populated\">\n\t\t\t\t\t\t<div class=\"elementor-element elementor-element-a479784 elementor-widget elementor-widget-heading\" data-id=\"a479784\" data-element_type=\"widget\" data-e-type=\"widget\" data-widget_type=\"heading.default\">\n\t\t\t\t<div class=\"elementor-widget-container\">\n\t\t\t\t\t<h2 class=\"elementor-heading-title elementor-size-default\">Plechov\u00e9 p\u0159\u00edst\u0159e\u0161ky, z\u00e1sobn\u00edky a dal\u0161\u00ed ocelov\u00e9 konstrukce<\/h2>\t\t\t\t<\/div>\n\t\t\t\t<\/div>\n\t\t\t\t\t<\/div>\n\t\t<\/div>\n\t\t\t\t<div class=\"elementor-column elementor-col-66 elementor-top-column elementor-element elementor-element-784b52e\" data-id=\"784b52e\" data-element_type=\"column\" data-e-type=\"column\">\n\t\t\t<div class=\"elementor-widget-wrap elementor-element-populated\">\n\t\t\t\t\t\t<div class=\"elementor-element elementor-element-b96263e elementor-widget elementor-widget-text-editor\" data-id=\"b96263e\" data-element_type=\"widget\" data-e-type=\"widget\" data-widget_type=\"text-editor.default\">\n\t\t\t\t<div class=\"elementor-widget-container\">\n\t\t\t\t\t\t\t\t\t<p>Na\u0161e nab\u00eddka zahrnuje i dal\u0161\u00ed ocelov\u00e9 konstrukce, mimo jin\u00e9 mont\u00e1\u017e r\u016fzn\u00fdch typ\u016f konstrukc\u00ed. <strong>wiat<\/strong> (<strong>odpadkov\u00e9 ko\u0161e, sklady odpadk\u016f, skladovac\u00ed prostory, technick\u00e9 m\u00edstnosti<\/strong>). <strong>P\u0159\u00edst\u0159e\u0161ky na odpadky <\/strong>Jsou obzvl\u00e1\u0161t\u011b vhodn\u00e9 pro pou\u017eit\u00ed v bl\u00edzkosti bytov\u00fdch dom\u016f &#8211; jednak chr\u00e1n\u00ed ko\u0161e p\u0159ed vandalismem a p\u0159\u00edstupem t\u0159et\u00edch osob, jednak jsou vzdu\u0161n\u00e9. Stejn\u011b jako u gar\u00e1\u017e\u00ed pou\u017e\u00edv\u00e1me uzav\u0159en\u00e9 profily a pozinkovan\u00fd nebo akryl\u00e1tov\u00fd plech.<\/p>\t\t\t\t\t\t\t\t<\/div>\n\t\t\t\t<\/div>\n\t\t\t\t\t<\/div>\n\t\t<\/div>\n\t\t\t\t\t<\/div>\n\t\t<\/section>\n\t\t\t\t<section class=\"elementor-section elementor-top-section elementor-element elementor-element-f6dbb41 elementor-section-boxed elementor-section-height-default elementor-section-height-default\" data-id=\"f6dbb41\" data-element_type=\"section\" data-e-type=\"section\">\n\t\t\t\t\t\t<div class=\"elementor-container elementor-column-gap-default\">\n\t\t\t\t\t<div class=\"elementor-column elementor-col-100 elementor-top-column elementor-element elementor-element-0fc9bdb\" data-id=\"0fc9bdb\" data-element_type=\"column\" data-e-type=\"column\">\n\t\t\t<div class=\"elementor-widget-wrap elementor-element-populated\">\n\t\t\t\t\t\t<div class=\"elementor-element elementor-element-afbee5f elementor-widget elementor-widget-image-gallery\" data-id=\"afbee5f\" data-element_type=\"widget\" data-e-type=\"widget\" data-widget_type=\"image-gallery.default\">\n\t\t\t\t<div class=\"elementor-widget-container\">\n\t\t\t\t\t\t\t<div class=\"elementor-image-gallery\">\n\t\t\t<div id='gallery-1' class='gallery galleryid-26488 gallery-columns-3 gallery-size-shop_catalog'><figure class='gallery-item'>\n\t\t\t<div class='gallery-icon portrait'>\n\t\t\t\t<a data-elementor-open-lightbox=\"yes\" data-elementor-lightbox-slideshow=\"afbee5f\" data-elementor-lightbox-title=\"received_561482788496616\" data-e-action-hash=\"#elementor-action%3Aaction%3Dlightbox%26settings%3DeyJpZCI6MjYwNjYsInVybCI6Imh0dHBzOlwvXC93d3cudGFuaWVibGFzemFraS5wbFwvd3AtY29udGVudFwvdXBsb2Fkc1wvMjAyMlwvMDZcL3JlY2VpdmVkXzU2MTQ4Mjc4ODQ5NjYxNi5qcGVnIiwic2xpZGVzaG93IjoiYWZiZWU1ZiJ9\" href='https:\/\/www.tanieblaszaki.pl\/wp-content\/uploads\/2022\/06\/received_561482788496616.jpeg'><img fetchpriority=\"high\" decoding=\"async\" width=\"300\" height=\"300\" src=\"https:\/\/www.tanieblaszaki.pl\/wp-content\/uploads\/2022\/06\/received_561482788496616-300x300.jpeg\" class=\"attachment-shop_catalog size-shop_catalog\" alt=\"\" srcset=\"https:\/\/www.tanieblaszaki.pl\/wp-content\/uploads\/2022\/06\/received_561482788496616-300x300.jpeg 300w, https:\/\/www.tanieblaszaki.pl\/wp-content\/uploads\/2022\/06\/received_561482788496616-150x150.jpeg 150w, https:\/\/www.tanieblaszaki.pl\/wp-content\/uploads\/2022\/06\/received_561482788496616-100x100.jpeg 100w\" sizes=\"(max-width: 300px) 100vw, 300px\" \/><\/a>\n\t\t\t<\/div><\/figure><figure class='gallery-item'>\n\t\t\t<div class='gallery-icon landscape'>\n\t\t\t\t<a data-elementor-open-lightbox=\"yes\" data-elementor-lightbox-slideshow=\"afbee5f\" data-elementor-lightbox-title=\"received_914085245774583\" data-e-action-hash=\"#elementor-action%3Aaction%3Dlightbox%26settings%3DeyJpZCI6MjYxMDUsInVybCI6Imh0dHBzOlwvXC93d3cudGFuaWVibGFzemFraS5wbFwvd3AtY29udGVudFwvdXBsb2Fkc1wvMjAyMlwvMDZcL3JlY2VpdmVkXzkxNDA4NTI0NTc3NDU4My5qcGVnIiwic2xpZGVzaG93IjoiYWZiZWU1ZiJ9\" href='https:\/\/www.tanieblaszaki.pl\/wp-content\/uploads\/2022\/06\/received_914085245774583.jpeg'><img decoding=\"async\" width=\"300\" height=\"300\" src=\"https:\/\/www.tanieblaszaki.pl\/wp-content\/uploads\/2022\/06\/received_914085245774583-300x300.jpeg\" class=\"attachment-shop_catalog size-shop_catalog\" alt=\"\" srcset=\"https:\/\/www.tanieblaszaki.pl\/wp-content\/uploads\/2022\/06\/received_914085245774583-300x300.jpeg 300w, https:\/\/www.tanieblaszaki.pl\/wp-content\/uploads\/2022\/06\/received_914085245774583-150x150.jpeg 150w, https:\/\/www.tanieblaszaki.pl\/wp-content\/uploads\/2022\/06\/received_914085245774583-100x100.jpeg 100w\" sizes=\"(max-width: 300px) 100vw, 300px\" \/><\/a>\n\t\t\t<\/div><\/figure><figure class='gallery-item'>\n\t\t\t<div class='gallery-icon landscape'>\n\t\t\t\t<a data-elementor-open-lightbox=\"yes\" data-elementor-lightbox-slideshow=\"afbee5f\" data-elementor-lightbox-title=\"received_856980148043565\" data-e-action-hash=\"#elementor-action%3Aaction%3Dlightbox%26settings%3DeyJpZCI6MjYwOTksInVybCI6Imh0dHBzOlwvXC93d3cudGFuaWVibGFzemFraS5wbFwvd3AtY29udGVudFwvdXBsb2Fkc1wvMjAyMlwvMDZcL3JlY2VpdmVkXzg1Njk4MDE0ODA0MzU2NS5qcGVnIiwic2xpZGVzaG93IjoiYWZiZWU1ZiJ9\" href='https:\/\/www.tanieblaszaki.pl\/wp-content\/uploads\/2022\/06\/received_856980148043565.jpeg'><img decoding=\"async\" width=\"300\" height=\"300\" src=\"https:\/\/www.tanieblaszaki.pl\/wp-content\/uploads\/2022\/06\/received_856980148043565-300x300.jpeg\" class=\"attachment-shop_catalog size-shop_catalog\" alt=\"\" srcset=\"https:\/\/www.tanieblaszaki.pl\/wp-content\/uploads\/2022\/06\/received_856980148043565-300x300.jpeg 300w, https:\/\/www.tanieblaszaki.pl\/wp-content\/uploads\/2022\/06\/received_856980148043565-150x150.jpeg 150w, https:\/\/www.tanieblaszaki.pl\/wp-content\/uploads\/2022\/06\/received_856980148043565-100x100.jpeg 100w\" sizes=\"(max-width: 300px) 100vw, 300px\" \/><\/a>\n\t\t\t<\/div><\/figure><figure class='gallery-item'>\n\t\t\t<div class='gallery-icon landscape'>\n\t\t\t\t<a data-elementor-open-lightbox=\"yes\" data-elementor-lightbox-slideshow=\"afbee5f\" data-elementor-lightbox-title=\"received_1031795470908015\" data-e-action-hash=\"#elementor-action%3Aaction%3Dlightbox%26settings%3DeyJpZCI6MjYxMTQsInVybCI6Imh0dHBzOlwvXC93d3cudGFuaWVibGFzemFraS5wbFwvd3AtY29udGVudFwvdXBsb2Fkc1wvMjAyMlwvMDZcL3JlY2VpdmVkXzEwMzE3OTU0NzA5MDgwMTUuanBlZyIsInNsaWRlc2hvdyI6ImFmYmVlNWYifQ%3D%3D\" href='https:\/\/www.tanieblaszaki.pl\/wp-content\/uploads\/2022\/06\/received_1031795470908015.jpeg'><img loading=\"lazy\" decoding=\"async\" width=\"300\" height=\"300\" src=\"https:\/\/www.tanieblaszaki.pl\/wp-content\/uploads\/2022\/06\/received_1031795470908015-300x300.jpeg\" class=\"attachment-shop_catalog size-shop_catalog\" alt=\"\" srcset=\"https:\/\/www.tanieblaszaki.pl\/wp-content\/uploads\/2022\/06\/received_1031795470908015-300x300.jpeg 300w, https:\/\/www.tanieblaszaki.pl\/wp-content\/uploads\/2022\/06\/received_1031795470908015-150x150.jpeg 150w, https:\/\/www.tanieblaszaki.pl\/wp-content\/uploads\/2022\/06\/received_1031795470908015-100x100.jpeg 100w\" sizes=\"(max-width: 300px) 100vw, 300px\" \/><\/a>\n\t\t\t<\/div><\/figure><figure class='gallery-item'>\n\t\t\t<div class='gallery-icon landscape'>\n\t\t\t\t<a data-elementor-open-lightbox=\"yes\" data-elementor-lightbox-slideshow=\"afbee5f\" data-elementor-lightbox-title=\"received_1092682377909726\" data-e-action-hash=\"#elementor-action%3Aaction%3Dlightbox%26settings%3DeyJpZCI6MjYxMjAsInVybCI6Imh0dHBzOlwvXC93d3cudGFuaWVibGFzemFraS5wbFwvd3AtY29udGVudFwvdXBsb2Fkc1wvMjAyMlwvMDZcL3JlY2VpdmVkXzEwOTI2ODIzNzc5MDk3MjYtMS1zY2FsZWQuanBlZyIsInNsaWRlc2hvdyI6ImFmYmVlNWYifQ%3D%3D\" href='https:\/\/www.tanieblaszaki.pl\/wp-content\/uploads\/2022\/06\/received_1092682377909726-1-scaled.jpeg'><img loading=\"lazy\" decoding=\"async\" width=\"300\" height=\"300\" src=\"https:\/\/www.tanieblaszaki.pl\/wp-content\/uploads\/2022\/06\/received_1092682377909726-1-300x300.jpeg\" class=\"attachment-shop_catalog size-shop_catalog\" alt=\"\" srcset=\"https:\/\/www.tanieblaszaki.pl\/wp-content\/uploads\/2022\/06\/received_1092682377909726-1-300x300.jpeg 300w, https:\/\/www.tanieblaszaki.pl\/wp-content\/uploads\/2022\/06\/received_1092682377909726-1-150x150.jpeg 150w, https:\/\/www.tanieblaszaki.pl\/wp-content\/uploads\/2022\/06\/received_1092682377909726-1-100x100.jpeg 100w\" sizes=\"(max-width: 300px) 100vw, 300px\" \/><\/a>\n\t\t\t<\/div><\/figure>\n\t\t<\/div>\n\t\t<\/div>\n\t\t\t\t\t\t<\/div>\n\t\t\t\t<\/div>\n\t\t\t\t\t<\/div>\n\t\t<\/div>\n\t\t\t\t\t<\/div>\n\t\t<\/section>\n\t\t\t\t<section class=\"elementor-section elementor-top-section elementor-element elementor-element-ec87aa2 elementor-section-content-middle elementor-section-boxed elementor-section-height-default elementor-section-height-default\" data-id=\"ec87aa2\" data-element_type=\"section\" data-e-type=\"section\" data-settings=\"{&quot;background_background&quot;:&quot;classic&quot;}\">\n\t\t\t\t\t\t<div class=\"elementor-container elementor-column-gap-no\">\n\t\t\t\t\t<div class=\"elementor-column elementor-col-100 elementor-top-column elementor-element elementor-element-6df8a53\" data-id=\"6df8a53\" data-element_type=\"column\" data-e-type=\"column\" data-settings=\"{&quot;background_background&quot;:&quot;classic&quot;}\">\n\t\t\t<div class=\"elementor-widget-wrap elementor-element-populated\">\n\t\t\t\t\t\t<div class=\"elementor-element elementor-element-49a14a9 elementor-widget elementor-widget-heading\" data-id=\"49a14a9\" data-element_type=\"widget\" data-e-type=\"widget\" data-widget_type=\"heading.default\">\n\t\t\t\t<div class=\"elementor-widget-container\">\n\t\t\t\t\t<h2 class=\"elementor-heading-title elementor-size-default\">K\u016flny na odpadky, plechov\u00e9 haly a dal\u0161\u00ed ocelov\u00e9 konstrukce<\/h2>\t\t\t\t<\/div>\n\t\t\t\t<\/div>\n\t\t\t\t<div class=\"elementor-element elementor-element-7bcb08d elementor-widget elementor-widget-text-editor\" data-id=\"7bcb08d\" data-element_type=\"widget\" data-e-type=\"widget\" data-widget_type=\"text-editor.default\">\n\t\t\t\t<div class=\"elementor-widget-container\">\n\t\t\t\t\t\t\t\t\t<ul><li>Nab\u00edz\u00edme odoln\u00e9 a bezpe\u010dn\u00e9 ocelov\u00e9 konstrukce, nap\u0159. p\u0159\u00edst\u0159e\u0161ky na odpadky, kontejnery, plechov\u00e9 haly.<\/li><li>Mont\u00e1\u017e a p\u0159eprava po cel\u00e9 zemi..<\/li><li>Atraktivn\u00ed, konkurenceschopn\u00e9 ceny &#8211; k jedn\u00e1n\u00ed!<\/li><\/ul>\t\t\t\t\t\t\t\t<\/div>\n\t\t\t\t<\/div>\n\t\t\t\t\t<\/div>\n\t\t<\/div>\n\t\t\t\t\t<\/div>\n\t\t<\/section>\n\t\t\t\t<section class=\"elementor-section elementor-top-section elementor-element elementor-element-2cac16c elementor-section-content-middle elementor-section-boxed elementor-section-height-default elementor-section-height-default\" data-id=\"2cac16c\" data-element_type=\"section\" data-e-type=\"section\">\n\t\t\t\t\t\t<div class=\"elementor-container elementor-column-gap-no\">\n\t\t\t\t\t<div class=\"elementor-column elementor-col-33 elementor-top-column elementor-element elementor-element-0e599c1\" data-id=\"0e599c1\" data-element_type=\"column\" data-e-type=\"column\">\n\t\t\t<div class=\"elementor-widget-wrap elementor-element-populated\">\n\t\t\t\t\t\t<div class=\"elementor-element elementor-element-4913996 elementor-widget elementor-widget-heading\" data-id=\"4913996\" data-element_type=\"widget\" data-e-type=\"widget\" data-widget_type=\"heading.default\">\n\t\t\t\t<div class=\"elementor-widget-container\">\n\t\t\t\t\t<h2 class=\"elementor-heading-title elementor-size-default\">Mont\u00e1\u017e a p\u0159eprava ocelov\u00fdch konstrukc\u00ed<\/h2>\t\t\t\t<\/div>\n\t\t\t\t<\/div>\n\t\t\t\t\t<\/div>\n\t\t<\/div>\n\t\t\t\t<div class=\"elementor-column elementor-col-66 elementor-top-column elementor-element elementor-element-504612f\" data-id=\"504612f\" data-element_type=\"column\" data-e-type=\"column\">\n\t\t\t<div class=\"elementor-widget-wrap elementor-element-populated\">\n\t\t\t\t\t\t<div class=\"elementor-element elementor-element-b5c45ed elementor-widget elementor-widget-text-editor\" data-id=\"b5c45ed\" data-element_type=\"widget\" data-e-type=\"widget\" data-widget_type=\"text-editor.default\">\n\t\t\t\t<div class=\"elementor-widget-container\">\n\t\t\t\t\t\t\t\t\t<p>Pokud hled\u00e1te bezpe\u010dnou a odolnou plechovou konstrukci, nap\u0159\u00edklad skladovac\u00ed k\u016flnu, kontaktujte n\u00e1s. Na\u0161i pracovn\u00edci v\u00e1m zodpov\u00ed v\u0161echny va\u0161e dotazy, porad\u00ed v\u00e1m a navrhnou nejlep\u0161\u00ed \u0159e\u0161en\u00ed. Nab\u00edz\u00edme <strong>celost\u00e1tn\u00ed mont\u00e1\u017e a p\u0159eprava<\/strong>, a zejm\u00e9na oblasti kolem Limanowa, Jod\u0142owniku, Rupniowa, Tymbarku, Nowy S\u0105cz, S\u0142opnice, M\u0119ciny, Siekierczyna, \u017begociny, Ujanowic a Mszany.<\/p><p><span style=\"color: #333333;\"> <\/span><\/p>\t\t\t\t\t\t\t\t<\/div>\n\t\t\t\t<\/div>\n\t\t\t\t\t<\/div>\n\t\t<\/div>\n\t\t\t\t\t<\/div>\n\t\t<\/section>\n\t\t\t\t<\/div>\n\t\t","protected":false},"excerpt":{"rendered":"<p>Plechov\u00e9 p\u0159\u00edst\u0159e\u0161ky, z\u00e1sobn\u00edky a dal\u0161\u00ed ocelov\u00e9 konstrukce Plechov\u00e9 p\u0159\u00edst\u0159e\u0161ky, z\u00e1sobn\u00edky a dal\u0161\u00ed ocelov\u00e9 konstrukce Na\u0161e nab\u00eddka zahrnuje i dal\u0161\u00ed ocelov\u00e9 konstrukce, mimo jin\u00e9 mont\u00e1\u017e r\u016fzn\u00fdch typ\u016f konstrukc\u00ed. wiat (odpadkov\u00e9 ko\u0161e, sklady odpadk\u016f, skladovac\u00ed prostory, technick\u00e9 m\u00edstnosti). P\u0159\u00edst\u0159e\u0161ky na odpadky Jsou obzvl\u00e1\u0161t\u011b vhodn\u00e9 pro pou\u017eit\u00ed v bl\u00edzkosti bytov\u00fdch dom\u016f &#8211; jednak chr\u00e1n\u00ed ko\u0161e p\u0159ed vandalismem a [&hellip;]<\/p>\n","protected":false},"author":1,"featured_media":0,"parent":0,"menu_order":0,"comment_status":"closed","ping_status":"closed","template":"","meta":{"site-sidebar-layout":"no-sidebar","site-content-layout":"page-builder","ast-site-content-layout":"default","site-content-style":"default","site-sidebar-style":"default","ast-global-header-display":"","ast-banner-title-visibility":"","ast-main-header-display":"","ast-hfb-above-header-display":"","ast-hfb-below-header-display":"","ast-hfb-mobile-header-display":"","site-post-title":"disabled","ast-breadcrumbs-content":"","ast-featured-img":"disabled","footer-sml-layout":"","ast-disable-related-posts":"","theme-transparent-header-meta":"","adv-header-id-meta":"","stick-header-meta":"","header-above-stick-meta":"","header-main-stick-meta":"","header-below-stick-meta":"","astra-migrate-meta-layouts":"default","ast-page-background-enabled":"default","ast-page-background-meta":{"desktop":{"background-color":"","background-image":"","background-repeat":"repeat","background-position":"center center","background-size":"auto","background-attachment":"scroll","background-type":"","background-media":"","overlay-type":"","overlay-color":"","overlay-opacity":"","overlay-gradient":""},"tablet":{"background-color":"","background-image":"","background-repeat":"repeat","background-position":"center center","background-size":"auto","background-attachment":"scroll","background-type":"","background-media":"","overlay-type":"","overlay-color":"","overlay-opacity":"","overlay-gradient":""},"mobile":{"background-color":"","background-image":"","background-repeat":"repeat","background-position":"center center","background-size":"auto","background-attachment":"scroll","background-type":"","background-media":"","overlay-type":"","overlay-color":"","overlay-opacity":"","overlay-gradient":""}},"ast-content-background-meta":{"desktop":{"background-color":"var(--ast-global-color-5)","background-image":"","background-repeat":"repeat","background-position":"center center","background-size":"auto","background-attachment":"scroll","background-type":"","background-media":"","overlay-type":"","overlay-color":"","overlay-opacity":"","overlay-gradient":""},"tablet":{"background-color":"var(--ast-global-color-5)","background-image":"","background-repeat":"repeat","background-position":"center center","background-size":"auto","background-attachment":"scroll","background-type":"","background-media":"","overlay-type":"","overlay-color":"","overlay-opacity":"","overlay-gradient":""},"mobile":{"background-color":"var(--ast-global-color-5)","background-image":"","background-repeat":"repeat","background-position":"center center","background-size":"auto","background-attachment":"scroll","background-type":"","background-media":"","overlay-type":"","overlay-color":"","overlay-opacity":"","overlay-gradient":""}},"footnotes":""},"class_list":["post-26488","page","type-page","status-publish","hentry"],"_links":{"self":[{"href":"https:\/\/www.tanieblaszaki.pl\/cs\/wp-json\/wp\/v2\/pages\/26488","targetHints":{"allow":["GET"]}}],"collection":[{"href":"https:\/\/www.tanieblaszaki.pl\/cs\/wp-json\/wp\/v2\/pages"}],"about":[{"href":"https:\/\/www.tanieblaszaki.pl\/cs\/wp-json\/wp\/v2\/types\/page"}],"author":[{"embeddable":true,"href":"https:\/\/www.tanieblaszaki.pl\/cs\/wp-json\/wp\/v2\/users\/1"}],"replies":[{"embeddable":true,"href":"https:\/\/www.tanieblaszaki.pl\/cs\/wp-json\/wp\/v2\/comments?post=26488"}],"version-history":[{"count":0,"href":"https:\/\/www.tanieblaszaki.pl\/cs\/wp-json\/wp\/v2\/pages\/26488\/revisions"}],"wp:attachment":[{"href":"https:\/\/www.tanieblaszaki.pl\/cs\/wp-json\/wp\/v2\/media?parent=26488"}],"curies":[{"name":"wp","href":"https:\/\/api.w.org\/{rel}","templated":true}]}}