{"id":26464,"date":"2022-06-26T15:13:39","date_gmt":"2022-06-26T15:13:39","guid":{"rendered":"https:\/\/www.tanieblaszaki.pl\/zasady-ochrany-osobnich-udaju\/"},"modified":"2022-07-03T08:02:00","modified_gmt":"2022-07-03T08:02:00","slug":"zasady-ochrany-osobnich-udaju","status":"publish","type":"page","link":"https:\/\/www.tanieblaszaki.pl\/cs\/zasady-ochrany-osobnich-udaju\/","title":{"rendered":"Z\u00e1sady ochrany osobn\u00edch \u00fadaj\u016f"},"content":{"rendered":"\t\t<div data-elementor-type=\"wp-page\" data-elementor-id=\"26464\" class=\"elementor elementor-26464\">\n\t\t\t\t\t\t<section class=\"elementor-section elementor-top-section elementor-element elementor-element-790f50c elementor-section-boxed elementor-section-height-default elementor-section-height-default\" data-id=\"790f50c\" data-element_type=\"section\" data-e-type=\"section\" data-settings=\"{&quot;background_background&quot;:&quot;gradient&quot;}\">\n\t\t\t\t\t\t<div class=\"elementor-container elementor-column-gap-default\">\n\t\t\t\t\t<div class=\"elementor-column elementor-col-100 elementor-top-column elementor-element elementor-element-adecf87\" data-id=\"adecf87\" data-element_type=\"column\" data-e-type=\"column\">\n\t\t\t<div class=\"elementor-widget-wrap elementor-element-populated\">\n\t\t\t\t\t\t<div class=\"elementor-element elementor-element-96b0496 elementor-widget elementor-widget-image-box\" data-id=\"96b0496\" data-element_type=\"widget\" data-e-type=\"widget\" data-widget_type=\"image-box.default\">\n\t\t\t\t<div class=\"elementor-widget-container\">\n\t\t\t\t\t<div class=\"elementor-image-box-wrapper\"><div class=\"elementor-image-box-content\"><h1 class=\"elementor-image-box-title\">Z\u00e1sady ochrany osobn\u00edch \u00fadaj\u016f<\/h1><\/div><\/div>\t\t\t\t<\/div>\n\t\t\t\t<\/div>\n\t\t\t\t\t<\/div>\n\t\t<\/div>\n\t\t\t\t\t<\/div>\n\t\t<\/section>\n\t\t\t\t<section class=\"elementor-section elementor-top-section elementor-element elementor-element-2ecab58 elementor-section-boxed elementor-section-height-default elementor-section-height-default\" data-id=\"2ecab58\" data-element_type=\"section\" data-e-type=\"section\">\n\t\t\t\t\t\t<div class=\"elementor-container elementor-column-gap-default\">\n\t\t\t\t\t<div class=\"elementor-column elementor-col-100 elementor-top-column elementor-element elementor-element-c399b87\" data-id=\"c399b87\" data-element_type=\"column\" data-e-type=\"column\">\n\t\t\t<div class=\"elementor-widget-wrap elementor-element-populated\">\n\t\t\t\t\t\t<div class=\"elementor-element elementor-element-57c1323 elementor-widget elementor-widget-text-editor\" data-id=\"57c1323\" data-element_type=\"widget\" data-e-type=\"widget\" data-widget_type=\"text-editor.default\">\n\t\t\t\t<div class=\"elementor-widget-container\">\n\t\t\t\t\t\t\t\t\t<p>Pro proveden\u00ed objedn\u00e1vky je nutn\u00e9 poskytnout \u00fadaje, tj. jm\u00e9no, e-mailovou adresu, telefonn\u00ed \u010d\u00edslo a doru\u010dovac\u00ed adresu. Poskytnut\u00ed \u00fadaj\u016f je dobrovoln\u00e9, ale je nezbytn\u00e9 pro zad\u00e1n\u00ed objedn\u00e1vky. Spr\u00e1vcem va\u0161ich osobn\u00edch \u00fadaj\u016f je <strong>EKOSTAL Damian Bia\u0142o\u0144, se s\u00eddlem v Rupni\u00f3w 296, 34-652 Nowe Rybie<\/strong>.<\/p><p>V z\u00e1jmu bezpe\u010dnosti sv\u011b\u0159en\u00fdch \u00fadaj\u016f jsme vypracovali postupy, kter\u00e9 zabra\u0148uj\u00ed zp\u0159\u00edstupn\u011bn\u00ed \u00fadaj\u016f neopr\u00e1vn\u011bn\u00fdm osob\u00e1m. V ka\u017ed\u00e9 f\u00e1zi kontrolujeme pou\u017eit\u00ed va\u0161ich osobn\u00edch \u00fadaj\u016f a soulad postup\u016f s p\u0159\u00edslu\u0161n\u00fdmi pr\u00e1vn\u00edmi p\u0159edpisy &#8211; v\u010detn\u011b z\u00e1kona o ochran\u011b osobn\u00edch \u00fadaj\u016f, poskytov\u00e1n\u00ed elektronick\u00fdch slu\u017eeb, RODO.<\/p><p>\u00dadaje o objedn\u00e1vce budou zpracov\u00e1v\u00e1ny po dobu nezbytnou k vy\u0159\u00edzen\u00ed objedn\u00e1vky a do uplynut\u00ed proml\u010dec\u00ed lh\u016fty pro n\u00e1roky z uzav\u0159en\u00e9 smlouvy. Po uplynut\u00ed t\u00e9to doby m\u016f\u017eeme va\u0161e \u00fadaje zpracov\u00e1vat pro statistick\u00e9 \u00fa\u010dely. Po uplynut\u00ed proml\u010dec\u00ed lh\u016fty pro smluvn\u00ed n\u00e1roky m\u00e1te mo\u017enost vymazat sv\u00e9 osobn\u00ed \u00fadaje z na\u0161\u00ed datab\u00e1ze nebo je p\u0159edat v souladu s \u010dl\u00e1nkem 20 RODO.<\/p><p>Na webov\u00fdch str\u00e1nk\u00e1ch <a href=\"https:\/\/www.tanieblaszaki.pl\">www.tanieblaszaki.pl<\/a> Ke zlep\u0161en\u00ed na\u0161ich obchodn\u00edch nab\u00eddek a spr\u00e1vn\u00e9ho fungov\u00e1n\u00ed webov\u00fdch str\u00e1nek pou\u017e\u00edv\u00e1me analytick\u00e9 n\u00e1stroje, tj. Google Analytics a Google AdWords. Pomoc\u00ed mechanismu spr\u00e1vy soubor\u016f cookie m\u016f\u017eete omezit informace, kter\u00e9 shroma\u017e\u010fujeme o va\u0161em chov\u00e1n\u00ed na na\u0161ich str\u00e1nk\u00e1ch, v\u010detn\u011b obsahu, kter\u00fd si prohl\u00ed\u017e\u00edte.<\/p><p>Pokud m\u00e1te jak\u00e9koli obavy ohledn\u011b na\u0161ich z\u00e1sad ochrany osobn\u00edch \u00fadaj\u016f, nev\u00e1hejte n\u00e1s kontaktovat.: <a href=\"mailto:kontakt@tanieblaszaki.pl\">kontakt@tanieblaszaki.pl<\/a><\/p>\t\t\t\t\t\t\t\t<\/div>\n\t\t\t\t<\/div>\n\t\t\t\t\t<\/div>\n\t\t<\/div>\n\t\t\t\t\t<\/div>\n\t\t<\/section>\n\t\t\t\t<\/div>\n\t\t","protected":false},"excerpt":{"rendered":"<p>Z\u00e1sady ochrany osobn\u00edch \u00fadaj\u016f Pro proveden\u00ed objedn\u00e1vky je nutn\u00e9 poskytnout \u00fadaje, tj. jm\u00e9no, e-mailovou adresu, telefonn\u00ed \u010d\u00edslo a doru\u010dovac\u00ed adresu. Poskytnut\u00ed \u00fadaj\u016f je dobrovoln\u00e9, ale je nezbytn\u00e9 pro zad\u00e1n\u00ed objedn\u00e1vky. Spr\u00e1vcem va\u0161ich osobn\u00edch \u00fadaj\u016f je EKOSTAL Damian Bia\u0142o\u0144, se s\u00eddlem v Rupni\u00f3w 296, 34-652 Nowe Rybie. V z\u00e1jmu bezpe\u010dnosti sv\u011b\u0159en\u00fdch \u00fadaj\u016f jsme vypracovali postupy, kter\u00e9 [&hellip;]<\/p>\n","protected":false},"author":1,"featured_media":0,"parent":0,"menu_order":0,"comment_status":"closed","ping_status":"open","template":"","meta":{"site-sidebar-layout":"no-sidebar","site-content-layout":"page-builder","ast-site-content-layout":"default","site-content-style":"default","site-sidebar-style":"default","ast-global-header-display":"","ast-banner-title-visibility":"","ast-main-header-display":"","ast-hfb-above-header-display":"","ast-hfb-below-header-display":"","ast-hfb-mobile-header-display":"","site-post-title":"disabled","ast-breadcrumbs-content":"","ast-featured-img":"disabled","footer-sml-layout":"","ast-disable-related-posts":"","theme-transparent-header-meta":"","adv-header-id-meta":"","stick-header-meta":"","header-above-stick-meta":"","header-main-stick-meta":"","header-below-stick-meta":"","astra-migrate-meta-layouts":"default","ast-page-background-enabled":"default","ast-page-background-meta":{"desktop":{"background-color":"","background-image":"","background-repeat":"repeat","background-position":"center center","background-size":"auto","background-attachment":"scroll","background-type":"","background-media":"","overlay-type":"","overlay-color":"","overlay-opacity":"","overlay-gradient":""},"tablet":{"background-color":"","background-image":"","background-repeat":"repeat","background-position":"center center","background-size":"auto","background-attachment":"scroll","background-type":"","background-media":"","overlay-type":"","overlay-color":"","overlay-opacity":"","overlay-gradient":""},"mobile":{"background-color":"","background-image":"","background-repeat":"repeat","background-position":"center center","background-size":"auto","background-attachment":"scroll","background-type":"","background-media":"","overlay-type":"","overlay-color":"","overlay-opacity":"","overlay-gradient":""}},"ast-content-background-meta":{"desktop":{"background-color":"var(--ast-global-color-5)","background-image":"","background-repeat":"repeat","background-position":"center center","background-size":"auto","background-attachment":"scroll","background-type":"","background-media":"","overlay-type":"","overlay-color":"","overlay-opacity":"","overlay-gradient":""},"tablet":{"background-color":"var(--ast-global-color-5)","background-image":"","background-repeat":"repeat","background-position":"center center","background-size":"auto","background-attachment":"scroll","background-type":"","background-media":"","overlay-type":"","overlay-color":"","overlay-opacity":"","overlay-gradient":""},"mobile":{"background-color":"var(--ast-global-color-5)","background-image":"","background-repeat":"repeat","background-position":"center center","background-size":"auto","background-attachment":"scroll","background-type":"","background-media":"","overlay-type":"","overlay-color":"","overlay-opacity":"","overlay-gradient":""}},"footnotes":""},"class_list":["post-26464","page","type-page","status-publish","hentry"],"_links":{"self":[{"href":"https:\/\/www.tanieblaszaki.pl\/cs\/wp-json\/wp\/v2\/pages\/26464","targetHints":{"allow":["GET"]}}],"collection":[{"href":"https:\/\/www.tanieblaszaki.pl\/cs\/wp-json\/wp\/v2\/pages"}],"about":[{"href":"https:\/\/www.tanieblaszaki.pl\/cs\/wp-json\/wp\/v2\/types\/page"}],"author":[{"embeddable":true,"href":"https:\/\/www.tanieblaszaki.pl\/cs\/wp-json\/wp\/v2\/users\/1"}],"replies":[{"embeddable":true,"href":"https:\/\/www.tanieblaszaki.pl\/cs\/wp-json\/wp\/v2\/comments?post=26464"}],"version-history":[{"count":0,"href":"https:\/\/www.tanieblaszaki.pl\/cs\/wp-json\/wp\/v2\/pages\/26464\/revisions"}],"wp:attachment":[{"href":"https:\/\/www.tanieblaszaki.pl\/cs\/wp-json\/wp\/v2\/media?parent=26464"}],"curies":[{"name":"wp","href":"https:\/\/api.w.org\/{rel}","templated":true}]}}