{"id":26463,"date":"2022-06-29T16:17:42","date_gmt":"2022-06-29T16:17:42","guid":{"rendered":"https:\/\/www.tanieblaszaki.pl\/barevna-paleta-pro-plechove-garaze\/"},"modified":"2022-07-03T07:59:57","modified_gmt":"2022-07-03T07:59:57","slug":"barevna-paleta-pro-plechove-garaze","status":"publish","type":"page","link":"https:\/\/www.tanieblaszaki.pl\/cs\/barevna-paleta-pro-plechove-garaze\/","title":{"rendered":"Barevn\u00e1 paleta pro plechov\u00e9 gar\u00e1\u017ee"},"content":{"rendered":"\t\t<div data-elementor-type=\"wp-page\" data-elementor-id=\"26463\" class=\"elementor elementor-26463\">\n\t\t\t\t\t\t<section class=\"elementor-section elementor-top-section elementor-element elementor-element-79768fe elementor-section-boxed elementor-section-height-default elementor-section-height-default\" data-id=\"79768fe\" data-element_type=\"section\" data-e-type=\"section\" data-settings=\"{&quot;background_background&quot;:&quot;gradient&quot;}\">\n\t\t\t\t\t\t<div class=\"elementor-container elementor-column-gap-default\">\n\t\t\t\t\t<div class=\"elementor-column elementor-col-100 elementor-top-column elementor-element elementor-element-0c04cdf\" data-id=\"0c04cdf\" data-element_type=\"column\" data-e-type=\"column\">\n\t\t\t<div class=\"elementor-widget-wrap elementor-element-populated\">\n\t\t\t\t\t\t<div class=\"elementor-element elementor-element-7bcd3ab elementor-widget elementor-widget-image-box\" data-id=\"7bcd3ab\" data-element_type=\"widget\" data-e-type=\"widget\" data-widget_type=\"image-box.default\">\n\t\t\t\t<div class=\"elementor-widget-container\">\n\t\t\t\t\t<div class=\"elementor-image-box-wrapper\"><div class=\"elementor-image-box-content\"><h1 class=\"elementor-image-box-title\">PALETA BAREV PRO PLECHOV\u00c9 GAR\u00c1\u017dE<\/h1><\/div><\/div>\t\t\t\t<\/div>\n\t\t\t\t<\/div>\n\t\t\t\t\t<\/div>\n\t\t<\/div>\n\t\t\t\t\t<\/div>\n\t\t<\/section>\n\t\t\t\t<section class=\"elementor-section elementor-top-section elementor-element elementor-element-919aeb0 elementor-section-content-middle elementor-section-boxed elementor-section-height-default elementor-section-height-default\" data-id=\"919aeb0\" data-element_type=\"section\" data-e-type=\"section\">\n\t\t\t\t\t\t<div class=\"elementor-container elementor-column-gap-no\">\n\t\t\t\t\t<div class=\"elementor-column elementor-col-33 elementor-top-column elementor-element elementor-element-9d65410\" data-id=\"9d65410\" data-element_type=\"column\" data-e-type=\"column\">\n\t\t\t<div class=\"elementor-widget-wrap elementor-element-populated\">\n\t\t\t\t\t\t<div class=\"elementor-element elementor-element-8785167 elementor-widget elementor-widget-heading\" data-id=\"8785167\" data-element_type=\"widget\" data-e-type=\"widget\" data-widget_type=\"heading.default\">\n\t\t\t\t<div class=\"elementor-widget-container\">\n\t\t\t\t\t<h2 class=\"elementor-heading-title elementor-size-default\">Barevn\u00e1 paleta pro plechov\u00e9 gar\u00e1\u017ee<\/h2>\t\t\t\t<\/div>\n\t\t\t\t<\/div>\n\t\t\t\t\t<\/div>\n\t\t<\/div>\n\t\t\t\t<div class=\"elementor-column elementor-col-66 elementor-top-column elementor-element elementor-element-50b8077\" data-id=\"50b8077\" data-element_type=\"column\" data-e-type=\"column\">\n\t\t\t<div class=\"elementor-widget-wrap elementor-element-populated\">\n\t\t\t\t\t\t<div class=\"elementor-element elementor-element-8c5a59d elementor-widget elementor-widget-text-editor\" data-id=\"8c5a59d\" data-element_type=\"widget\" data-e-type=\"widget\" data-widget_type=\"text-editor.default\">\n\t\t\t\t<div class=\"elementor-widget-container\">\n\t\t\t\t\t\t\t\t\t<p>Opl\u00e1\u0161t\u011bn\u00ed plechov\u00e9 gar\u00e1\u017ee m\u016f\u017ee b\u00fdt provedeno v barv\u011b podle va\u0161eho v\u00fdb\u011bru, aby ladilo nap\u0159\u00edklad s fas\u00e1dou budovy. N\u00ed\u017ee naleznete paletu barev RAL, kter\u00fdmi lze plech pokr\u00fdt. Pokud nenajdete barevnou variantu podle sv\u00e9ho v\u00fdb\u011bru, kontaktujte n\u00e1s.<\/p>.\t\t\t\t\t\t\t\t<\/div>\n\t\t\t\t<\/div>\n\t\t\t\t\t<\/div>\n\t\t<\/div>\n\t\t\t\t\t<\/div>\n\t\t<\/section>\n\t\t\t\t<section class=\"elementor-section elementor-top-section elementor-element elementor-element-2e57d2e elementor-section-boxed elementor-section-height-default elementor-section-height-default\" data-id=\"2e57d2e\" data-element_type=\"section\" data-e-type=\"section\">\n\t\t\t\t\t\t<div class=\"elementor-container elementor-column-gap-default\">\n\t\t\t\t\t<div class=\"elementor-column elementor-col-100 elementor-top-column elementor-element elementor-element-17e4715\" data-id=\"17e4715\" data-element_type=\"column\" data-e-type=\"column\">\n\t\t\t<div class=\"elementor-widget-wrap elementor-element-populated\">\n\t\t\t\t\t\t<div class=\"elementor-element elementor-element-8b39749 elementor-widget elementor-widget-text-editor\" data-id=\"8b39749\" data-element_type=\"widget\" data-e-type=\"widget\" data-widget_type=\"text-editor.default\">\n\t\t\t\t<div class=\"elementor-widget-container\">\n\t\t\t\t\t\t\t\t\t<table style=\"height: 702px;\" border=\"0\" width=\"545\" cellspacing=\"0\" cellpadding=\"2\"><tbody><tr><td bgcolor=\"#faffff\" width=\"127\"> <\/td><td bgcolor=\"#a6abb5\" width=\"101\"> <\/td><td bgcolor=\"#03050a\" width=\"105\"> <\/td><td bgcolor=\"#2b2629\" width=\"164\"> <\/td><td bgcolor=\"#2e1c1c\" width=\"126\"> <\/td><\/tr><tr><td width=\"127\"><p align=\"CENTER\"><strong>B\u00cdL\u00c1<\/strong><br \/>[RAL &#8211; 9010]<\/p><\/td><td width=\"101\"><p align=\"CENTER\"><strong>SILVER<\/strong><br \/>[RAL &#8211; 9006]<\/p><\/td><td width=\"105\"><p align=\"CENTER\"><strong>\u010cERN\u00dd MAT<\/strong><br \/>[RAL &#8211; 9005]<\/p><\/td><td width=\"164\"><p align=\"CENTER\"><strong>\u010cOKOL\u00c1DA MATT<\/strong><br \/>[RAL &#8211; 8019]<\/p><\/td><td width=\"126\"><p align=\"CENTER\"><strong>BRONZOV\u00dd MATT<\/strong><br \/>[RAL &#8211; 8017]<\/p><\/td><\/tr><tr><td bgcolor=\"#47261c\" width=\"127\"> <\/td><td bgcolor=\"#9c4529\" width=\"101\"> <\/td><td bgcolor=\"#262e38\" width=\"105\"> <\/td><td bgcolor=\"#303845\" width=\"164\"> <\/td><td bgcolor=\"#127826\" width=\"126\"> <\/td><\/tr><tr><td width=\"127\"><p align=\"CENTER\"><strong>BRONZOV\u00c1<\/strong><br \/>[RAL &#8211; 8011]<\/p><\/td><td width=\"101\"><p align=\"CENTER\"><strong>CEGLAS<\/strong><br \/>[RAL &#8211; 8023]<\/p><\/td><td width=\"105\"><p align=\"CENTER\"><strong>GRAFIT<\/strong><br \/>[RAL &#8211; 7016]<\/p><\/td><td width=\"164\"><p align=\"CENTER\"><strong>GRAFITOV\u00c1 PODLO\u017dKA<\/strong><br \/>[RAL &#8211; 7024]<\/p><\/td><td width=\"126\"><p align=\"CENTER\"><strong>MINT<\/strong><br \/>[RAL &#8211; 6029]<\/p><\/td><\/tr><tr><td bgcolor=\"#0a381f\" width=\"127\"> <\/td><td bgcolor=\"#263829\" width=\"101\"> <\/td><td bgcolor=\"#002b70\" width=\"105\"> <\/td><td bgcolor=\"#781417\" width=\"164\"> <\/td><td bgcolor=\"#4f121a\" width=\"126\"> <\/td><\/tr><tr><td width=\"127\"><p align=\"CENTER\"><strong>TMAV\u011a ZELEN\u00c1<\/strong><br \/>[RAL &#8211; 6005]<\/p><\/td><td width=\"101\"><p align=\"CENTER\"><strong>MAT GREEN<\/strong><br \/>[RAL &#8211; 6020]<\/p><\/td><td width=\"105\"><p align=\"CENTER\"><strong>BLUE<\/strong><br \/>[RAL &#8211; 5010]<\/p><\/td><td width=\"164\"><p align=\"CENTER\"><strong>SV\u011aTL\u00c9 JARO<\/strong><br \/>[RAL &#8211; 3011]<\/p><\/td><td width=\"126\"><p align=\"CENTER\"><strong>DARK CHERRY<\/strong><br \/>[RAL &#8211; 3005]<\/p><\/td><\/tr><tr><td bgcolor=\"#ab1f1c\" width=\"127\"> <\/td><td bgcolor=\"#d6b075\" width=\"101\"> <\/td><td colspan=\"3\" valign=\"TOP\" width=\"403\"> <\/td><\/tr><tr><td width=\"127\"><p align=\"CENTER\"><strong>RED<\/strong><br \/>[RAL &#8211; 3000]<\/p><\/td><td width=\"101\"><p align=\"CENTER\"><strong>P\u00cdSEK<\/strong><br \/>[RAL &#8211; 1002]<\/p><\/td><td colspan=\"3\" valign=\"TOP\" width=\"403\"> <\/td><\/tr><\/tbody><\/table>\t\t\t\t\t\t\t\t<\/div>\n\t\t\t\t<\/div>\n\t\t\t\t\t<\/div>\n\t\t<\/div>\n\t\t\t\t\t<\/div>\n\t\t<\/section>\n\t\t\t\t<\/div>\n\t\t","protected":false},"excerpt":{"rendered":"<p>PALETA BAREV PRO PLECHOV\u00c9 GAR\u00c1\u017dE Barevn\u00e1 paleta pro plechov\u00e9 gar\u00e1\u017ee Opl\u00e1\u0161t\u011bn\u00ed plechov\u00e9 gar\u00e1\u017ee m\u016f\u017ee b\u00fdt provedeno v barv\u011b podle va\u0161eho v\u00fdb\u011bru, aby ladilo nap\u0159\u00edklad s fas\u00e1dou budovy. N\u00ed\u017ee naleznete paletu barev RAL, kter\u00fdmi lze plech pokr\u00fdt. Pokud nenajdete barevnou variantu podle sv\u00e9ho v\u00fdb\u011bru, kontaktujte n\u00e1s. . B\u00cdL\u00c1[RAL &#8211; 9010] SILVER[RAL &#8211; 9006] \u010cERN\u00dd MAT[RAL &#8211; [&hellip;]<\/p>\n","protected":false},"author":1,"featured_media":0,"parent":0,"menu_order":0,"comment_status":"closed","ping_status":"closed","template":"","meta":{"site-sidebar-layout":"no-sidebar","site-content-layout":"page-builder","ast-site-content-layout":"default","site-content-style":"default","site-sidebar-style":"default","ast-global-header-display":"","ast-banner-title-visibility":"","ast-main-header-display":"","ast-hfb-above-header-display":"","ast-hfb-below-header-display":"","ast-hfb-mobile-header-display":"","site-post-title":"disabled","ast-breadcrumbs-content":"","ast-featured-img":"disabled","footer-sml-layout":"","ast-disable-related-posts":"","theme-transparent-header-meta":"","adv-header-id-meta":"","stick-header-meta":"","header-above-stick-meta":"","header-main-stick-meta":"","header-below-stick-meta":"","astra-migrate-meta-layouts":"default","ast-page-background-enabled":"default","ast-page-background-meta":{"desktop":{"background-color":"","background-image":"","background-repeat":"repeat","background-position":"center center","background-size":"auto","background-attachment":"scroll","background-type":"","background-media":"","overlay-type":"","overlay-color":"","overlay-opacity":"","overlay-gradient":""},"tablet":{"background-color":"","background-image":"","background-repeat":"repeat","background-position":"center center","background-size":"auto","background-attachment":"scroll","background-type":"","background-media":"","overlay-type":"","overlay-color":"","overlay-opacity":"","overlay-gradient":""},"mobile":{"background-color":"","background-image":"","background-repeat":"repeat","background-position":"center center","background-size":"auto","background-attachment":"scroll","background-type":"","background-media":"","overlay-type":"","overlay-color":"","overlay-opacity":"","overlay-gradient":""}},"ast-content-background-meta":{"desktop":{"background-color":"var(--ast-global-color-5)","background-image":"","background-repeat":"repeat","background-position":"center center","background-size":"auto","background-attachment":"scroll","background-type":"","background-media":"","overlay-type":"","overlay-color":"","overlay-opacity":"","overlay-gradient":""},"tablet":{"background-color":"var(--ast-global-color-5)","background-image":"","background-repeat":"repeat","background-position":"center center","background-size":"auto","background-attachment":"scroll","background-type":"","background-media":"","overlay-type":"","overlay-color":"","overlay-opacity":"","overlay-gradient":""},"mobile":{"background-color":"var(--ast-global-color-5)","background-image":"","background-repeat":"repeat","background-position":"center center","background-size":"auto","background-attachment":"scroll","background-type":"","background-media":"","overlay-type":"","overlay-color":"","overlay-opacity":"","overlay-gradient":""}},"footnotes":""},"class_list":["post-26463","page","type-page","status-publish","hentry"],"_links":{"self":[{"href":"https:\/\/www.tanieblaszaki.pl\/cs\/wp-json\/wp\/v2\/pages\/26463","targetHints":{"allow":["GET"]}}],"collection":[{"href":"https:\/\/www.tanieblaszaki.pl\/cs\/wp-json\/wp\/v2\/pages"}],"about":[{"href":"https:\/\/www.tanieblaszaki.pl\/cs\/wp-json\/wp\/v2\/types\/page"}],"author":[{"embeddable":true,"href":"https:\/\/www.tanieblaszaki.pl\/cs\/wp-json\/wp\/v2\/users\/1"}],"replies":[{"embeddable":true,"href":"https:\/\/www.tanieblaszaki.pl\/cs\/wp-json\/wp\/v2\/comments?post=26463"}],"version-history":[{"count":0,"href":"https:\/\/www.tanieblaszaki.pl\/cs\/wp-json\/wp\/v2\/pages\/26463\/revisions"}],"wp:attachment":[{"href":"https:\/\/www.tanieblaszaki.pl\/cs\/wp-json\/wp\/v2\/media?parent=26463"}],"curies":[{"name":"wp","href":"https:\/\/api.w.org\/{rel}","templated":true}]}}