{"id":26462,"date":"2018-12-06T12:49:02","date_gmt":"2018-12-06T12:49:02","guid":{"rendered":"https:\/\/www.tanieblaszaki.pl\/nabidka\/"},"modified":"2022-07-03T07:56:13","modified_gmt":"2022-07-03T07:56:13","slug":"nabidka","status":"publish","type":"page","link":"https:\/\/www.tanieblaszaki.pl\/cs\/nabidka\/","title":{"rendered":"Nab\u00eddka"},"content":{"rendered":"\t\t<div data-elementor-type=\"wp-post\" data-elementor-id=\"26462\" class=\"elementor elementor-26462\">\n\t\t\t\t\t\t<section class=\"elementor-section elementor-top-section elementor-element elementor-element-bbcda5a elementor-section-boxed elementor-section-height-default elementor-section-height-default\" data-id=\"bbcda5a\" data-element_type=\"section\" data-e-type=\"section\" data-settings=\"{&quot;background_background&quot;:&quot;gradient&quot;}\">\n\t\t\t\t\t\t<div class=\"elementor-container elementor-column-gap-default\">\n\t\t\t\t\t<div class=\"elementor-column elementor-col-100 elementor-top-column elementor-element elementor-element-439f00d\" data-id=\"439f00d\" data-element_type=\"column\" data-e-type=\"column\">\n\t\t\t<div class=\"elementor-widget-wrap elementor-element-populated\">\n\t\t\t\t\t\t<div class=\"elementor-element elementor-element-1adaeb1 elementor-widget elementor-widget-image-box\" data-id=\"1adaeb1\" data-element_type=\"widget\" data-e-type=\"widget\" data-widget_type=\"image-box.default\">\n\t\t\t\t<div class=\"elementor-widget-container\">\n\t\t\t\t\t<div class=\"elementor-image-box-wrapper\"><div class=\"elementor-image-box-content\"><h1 class=\"elementor-image-box-title\">Nab\u00eddka - v\u00fdrobce plechov\u00fdch gar\u00e1\u017e\u00ed<\/h1><\/div><\/div>\t\t\t\t<\/div>\n\t\t\t\t<\/div>\n\t\t\t\t\t<\/div>\n\t\t<\/div>\n\t\t\t\t\t<\/div>\n\t\t<\/section>\n\t\t\t\t<section class=\"elementor-section elementor-top-section elementor-element elementor-element-ef24309 elementor-section-boxed elementor-section-height-default elementor-section-height-default\" data-id=\"ef24309\" data-element_type=\"section\" data-e-type=\"section\" data-settings=\"{&quot;shape_divider_bottom&quot;:&quot;waves&quot;}\">\n\t\t\t\t\t<div class=\"elementor-shape elementor-shape-bottom\" aria-hidden=\"true\" data-negative=\"false\">\n\t\t\t<svg xmlns=\"http:\/\/www.w3.org\/2000\/svg\" viewBox=\"0 0 1000 100\" preserveAspectRatio=\"none\">\n\t<path class=\"elementor-shape-fill\" d=\"M421.9,6.5c22.6-2.5,51.5,0.4,75.5,5.3c23.6,4.9,70.9,23.5,100.5,35.7c75.8,32.2,133.7,44.5,192.6,49.7\n\tc23.6,2.1,48.7,3.5,103.4-2.5c54.7-6,106.2-25.6,106.2-25.6V0H0v30.3c0,0,72,32.6,158.4,30.5c39.2-0.7,92.8-6.7,134-22.4\n\tc21.2-8.1,52.2-18.2,79.7-24.2C399.3,7.9,411.6,7.5,421.9,6.5z\"\/>\n<\/svg>\t\t<\/div>\n\t\t\t\t\t<div class=\"elementor-container elementor-column-gap-default\">\n\t\t\t\t\t<div class=\"elementor-column elementor-col-100 elementor-top-column elementor-element elementor-element-be0c39b\" data-id=\"be0c39b\" data-element_type=\"column\" data-e-type=\"column\">\n\t\t\t<div class=\"elementor-widget-wrap elementor-element-populated\">\n\t\t\t\t\t\t<section class=\"elementor-section elementor-inner-section elementor-element elementor-element-5d74773 elementor-section-full_width elementor-section-height-default elementor-section-height-default\" data-id=\"5d74773\" data-element_type=\"section\" data-e-type=\"section\">\n\t\t\t\t\t\t<div class=\"elementor-container elementor-column-gap-default\">\n\t\t\t\t\t<div class=\"elementor-column elementor-col-33 elementor-inner-column elementor-element elementor-element-06217a3\" data-id=\"06217a3\" data-element_type=\"column\" data-e-type=\"column\" data-settings=\"{&quot;background_background&quot;:&quot;classic&quot;}\">\n\t\t\t<div class=\"elementor-widget-wrap elementor-element-populated\">\n\t\t\t\t\t\t<div class=\"elementor-element elementor-element-4abd9f0 elementor-widget elementor-widget-image\" data-id=\"4abd9f0\" data-element_type=\"widget\" data-e-type=\"widget\" data-widget_type=\"image.default\">\n\t\t\t\t<div class=\"elementor-widget-container\">\n\t\t\t\t\t\t\t\t\t\t\t\t\t\t\t<img fetchpriority=\"high\" decoding=\"async\" width=\"1024\" height=\"768\" src=\"https:\/\/www.tanieblaszaki.pl\/wp-content\/uploads\/2022\/06\/received_188948206044721-1024x768.jpeg\" class=\"elementor-animation-grow attachment-large size-large wp-image-25924\" alt=\"\" srcset=\"https:\/\/www.tanieblaszaki.pl\/wp-content\/uploads\/2022\/06\/received_188948206044721-1024x768.jpeg 1024w, https:\/\/www.tanieblaszaki.pl\/wp-content\/uploads\/2022\/06\/received_188948206044721-300x225.jpeg 300w, https:\/\/www.tanieblaszaki.pl\/wp-content\/uploads\/2022\/06\/received_188948206044721-768x576.jpeg 768w, https:\/\/www.tanieblaszaki.pl\/wp-content\/uploads\/2022\/06\/received_188948206044721-1536x1152.jpeg 1536w, https:\/\/www.tanieblaszaki.pl\/wp-content\/uploads\/2022\/06\/received_188948206044721-2048x1536.jpeg 2048w, https:\/\/www.tanieblaszaki.pl\/wp-content\/uploads\/2022\/06\/received_188948206044721-600x450.jpeg 600w, https:\/\/www.tanieblaszaki.pl\/wp-content\/uploads\/2022\/06\/received_188948206044721-scaled.jpeg 1920w\" sizes=\"(max-width: 1024px) 100vw, 1024px\" \/>\t\t\t\t\t\t\t\t\t\t\t\t\t\t\t<\/div>\n\t\t\t\t<\/div>\n\t\t\t\t<div class=\"elementor-element elementor-element-dc7bf0f elementor-widget elementor-widget-heading\" data-id=\"dc7bf0f\" data-element_type=\"widget\" data-e-type=\"widget\" data-widget_type=\"heading.default\">\n\t\t\t\t<div class=\"elementor-widget-container\">\n\t\t\t\t\t<h2 class=\"elementor-heading-title elementor-size-default\">PLECHOV\u00c9 GAR\u00c1\u017dE<\/h2>\t\t\t\t<\/div>\n\t\t\t\t<\/div>\n\t\t\t\t\t<\/div>\n\t\t<\/div>\n\t\t\t\t<div class=\"elementor-column elementor-col-33 elementor-inner-column elementor-element elementor-element-fc80b4f\" data-id=\"fc80b4f\" data-element_type=\"column\" data-e-type=\"column\" data-settings=\"{&quot;background_background&quot;:&quot;classic&quot;}\">\n\t\t\t<div class=\"elementor-widget-wrap elementor-element-populated\">\n\t\t\t\t\t\t<div class=\"elementor-element elementor-element-99fcb38 elementor-widget elementor-widget-image\" data-id=\"99fcb38\" data-element_type=\"widget\" data-e-type=\"widget\" data-widget_type=\"image.default\">\n\t\t\t\t<div class=\"elementor-widget-container\">\n\t\t\t\t\t\t\t\t\t\t\t\t\t\t\t<img decoding=\"async\" width=\"1024\" height=\"768\" src=\"https:\/\/www.tanieblaszaki.pl\/wp-content\/uploads\/2022\/06\/IMG_20171130_134721-1024x768.jpg\" class=\"elementor-animation-grow attachment-large size-large wp-image-25918\" alt=\"\" srcset=\"https:\/\/www.tanieblaszaki.pl\/wp-content\/uploads\/2022\/06\/IMG_20171130_134721-1024x768.jpg 1024w, https:\/\/www.tanieblaszaki.pl\/wp-content\/uploads\/2022\/06\/IMG_20171130_134721-300x225.jpg 300w, https:\/\/www.tanieblaszaki.pl\/wp-content\/uploads\/2022\/06\/IMG_20171130_134721-768x576.jpg 768w, https:\/\/www.tanieblaszaki.pl\/wp-content\/uploads\/2022\/06\/IMG_20171130_134721-1536x1152.jpg 1536w, https:\/\/www.tanieblaszaki.pl\/wp-content\/uploads\/2022\/06\/IMG_20171130_134721-600x450.jpg 600w, https:\/\/www.tanieblaszaki.pl\/wp-content\/uploads\/2022\/06\/IMG_20171130_134721.jpg 2000w\" sizes=\"(max-width: 1024px) 100vw, 1024px\" \/>\t\t\t\t\t\t\t\t\t\t\t\t\t\t\t<\/div>\n\t\t\t\t<\/div>\n\t\t\t\t<div class=\"elementor-element elementor-element-163fe92 elementor-widget elementor-widget-heading\" data-id=\"163fe92\" data-element_type=\"widget\" data-e-type=\"widget\" data-widget_type=\"heading.default\">\n\t\t\t\t<div class=\"elementor-widget-container\">\n\t\t\t\t\t<h2 class=\"elementor-heading-title elementor-size-default\">PEL\u00cd\u0160KY PRO PSY<\/h2>\t\t\t\t<\/div>\n\t\t\t\t<\/div>\n\t\t\t\t\t<\/div>\n\t\t<\/div>\n\t\t\t\t<div class=\"elementor-column elementor-col-33 elementor-inner-column elementor-element elementor-element-c27bfd4\" data-id=\"c27bfd4\" data-element_type=\"column\" data-e-type=\"column\" data-settings=\"{&quot;background_background&quot;:&quot;classic&quot;}\">\n\t\t\t<div class=\"elementor-widget-wrap elementor-element-populated\">\n\t\t\t\t\t\t<div class=\"elementor-element elementor-element-95d3f40 elementor-widget elementor-widget-image\" data-id=\"95d3f40\" data-element_type=\"widget\" data-e-type=\"widget\" data-widget_type=\"image.default\">\n\t\t\t\t<div class=\"elementor-widget-container\">\n\t\t\t\t\t\t\t\t\t\t\t\t\t\t\t<img decoding=\"async\" width=\"1024\" height=\"768\" src=\"https:\/\/www.tanieblaszaki.pl\/wp-content\/uploads\/2022\/06\/received_1092682377909726-1024x768.jpeg\" class=\"elementor-animation-grow attachment-large size-large wp-image-25939\" alt=\"\" srcset=\"https:\/\/www.tanieblaszaki.pl\/wp-content\/uploads\/2022\/06\/received_1092682377909726-1024x768.jpeg 1024w, https:\/\/www.tanieblaszaki.pl\/wp-content\/uploads\/2022\/06\/received_1092682377909726-300x225.jpeg 300w, https:\/\/www.tanieblaszaki.pl\/wp-content\/uploads\/2022\/06\/received_1092682377909726-768x576.jpeg 768w, https:\/\/www.tanieblaszaki.pl\/wp-content\/uploads\/2022\/06\/received_1092682377909726-1536x1152.jpeg 1536w, https:\/\/www.tanieblaszaki.pl\/wp-content\/uploads\/2022\/06\/received_1092682377909726-2048x1536.jpeg 2048w, https:\/\/www.tanieblaszaki.pl\/wp-content\/uploads\/2022\/06\/received_1092682377909726-600x450.jpeg 600w, https:\/\/www.tanieblaszaki.pl\/wp-content\/uploads\/2022\/06\/received_1092682377909726-scaled.jpeg 1920w\" sizes=\"(max-width: 1024px) 100vw, 1024px\" \/>\t\t\t\t\t\t\t\t\t\t\t\t\t\t\t<\/div>\n\t\t\t\t<\/div>\n\t\t\t\t<div class=\"elementor-element elementor-element-2e7f656 elementor-widget elementor-widget-heading\" data-id=\"2e7f656\" data-element_type=\"widget\" data-e-type=\"widget\" data-widget_type=\"heading.default\">\n\t\t\t\t<div class=\"elementor-widget-container\">\n\t\t\t\t\t<h2 class=\"elementor-heading-title elementor-size-default\">OCELOV\u00c9 KONSTRUKCE<\/h2>\t\t\t\t<\/div>\n\t\t\t\t<\/div>\n\t\t\t\t\t<\/div>\n\t\t<\/div>\n\t\t\t\t\t<\/div>\n\t\t<\/section>\n\t\t\t\t\t<\/div>\n\t\t<\/div>\n\t\t\t\t\t<\/div>\n\t\t<\/section>\n\t\t\t\t<section class=\"elementor-section elementor-top-section elementor-element elementor-element-a6d5879 elementor-section-content-middle elementor-section-boxed elementor-section-height-default elementor-section-height-default\" data-id=\"a6d5879\" data-element_type=\"section\" data-e-type=\"section\">\n\t\t\t\t\t\t<div class=\"elementor-container elementor-column-gap-no\">\n\t\t\t\t\t<div class=\"elementor-column elementor-col-33 elementor-top-column elementor-element elementor-element-3eddbe6\" data-id=\"3eddbe6\" data-element_type=\"column\" data-e-type=\"column\">\n\t\t\t<div class=\"elementor-widget-wrap elementor-element-populated\">\n\t\t\t\t\t\t<div class=\"elementor-element elementor-element-484264f elementor-widget elementor-widget-heading\" data-id=\"484264f\" data-element_type=\"widget\" data-e-type=\"widget\" data-widget_type=\"heading.default\">\n\t\t\t\t<div class=\"elementor-widget-container\">\n\t\t\t\t\t<h2 class=\"elementor-heading-title elementor-size-default\">Nab\u00eddka - v\u00fdrobce plechov\u00fdch gar\u00e1\u017e\u00ed<\/h2>\t\t\t\t<\/div>\n\t\t\t\t<\/div>\n\t\t\t\t\t<\/div>\n\t\t<\/div>\n\t\t\t\t<div class=\"elementor-column elementor-col-66 elementor-top-column elementor-element elementor-element-3fc0f08\" data-id=\"3fc0f08\" data-element_type=\"column\" data-e-type=\"column\">\n\t\t\t<div class=\"elementor-widget-wrap elementor-element-populated\">\n\t\t\t\t\t\t<div class=\"elementor-element elementor-element-7739d28 elementor-widget elementor-widget-text-editor\" data-id=\"7739d28\" data-element_type=\"widget\" data-e-type=\"widget\" data-widget_type=\"text-editor.default\">\n\t\t\t\t<div class=\"elementor-widget-container\">\n\t\t\t\t\t\t\t\t\t<p>Pil\u00ed\u0159em na\u0161\u00ed nab\u00eddky je v\u00fdroba a mont\u00e1\u017e levn\u00fdch plechov\u00fdch gar\u00e1\u017e\u00ed a dal\u0161\u00edch ocelov\u00fdch konstrukc\u00ed s \u0161irok\u00fdm vyu\u017eit\u00edm, mimo jin\u00e9: kotc\u016f pro psy, plechov\u00fdch p\u0159\u00edst\u0159e\u0161k\u016f, skladovac\u00edch hal, kiosk\u016f. Mezi gar\u00e1\u017eemi v\u00e1m nab\u00edz\u00edme standardn\u00ed gar\u00e1\u017e o rozm\u011brech 3&#215;5 m nebo nestandardn\u00ed gar\u00e1\u017e libovoln\u00e9 velikosti. P\u0159i v\u00fdrob\u011b pou\u017e\u00edv\u00e1me vysoce kvalitn\u00ed pozinkovan\u00fd\/akryl\u00e1tov\u00fd plech a uzav\u0159en\u00e9 profily, kter\u00e9 po se\u0161roubov\u00e1n\u00ed tvo\u0159\u00ed kompaktn\u00ed a odolnou konstrukci.<\/p>\t\t\t\t\t\t\t\t<\/div>\n\t\t\t\t<\/div>\n\t\t\t\t<div class=\"elementor-element elementor-element-c37df34 elementor-widget elementor-widget-text-editor\" data-id=\"c37df34\" data-element_type=\"widget\" data-e-type=\"widget\" data-widget_type=\"text-editor.default\">\n\t\t\t\t<div class=\"elementor-widget-container\">\n\t\t\t\t\t\t\t\t\t<p>Na\u0161e gar\u00e1\u017ee lze vyu\u017e\u00edt jako:<\/p><ul><li>technick\u00e9 m\u00edstnosti<\/li><li>skladovac\u00ed haly<\/li><li>skladovac\u00ed prostory pro automobily a jin\u00e1 vozidla<\/li><\/ul><p>Doporu\u010dujeme v\u00e1m, abyste se sezn\u00e1mili s <a href=\"https:\/\/www.tanieblaszaki.pl\/paleta-kolorow-garazy-blaszanych\/\">paleta barev<\/a>.<\/p>\t\t\t\t\t\t\t\t<\/div>\n\t\t\t\t<\/div>\n\t\t\t\t<div class=\"elementor-element elementor-element-9eef3b4 elementor-widget elementor-widget-text-editor\" data-id=\"9eef3b4\" data-element_type=\"widget\" data-e-type=\"widget\" data-widget_type=\"text-editor.default\">\n\t\t\t\t<div class=\"elementor-widget-container\">\n\t\t\t\t\t\t\t\t\t<p>V\u011bt\u0161ina standardn\u00edch objedn\u00e1vek <strong>je doru\u010dena do 1 t\u00fddne<\/strong> \u2013 p\u0159ed dokon\u010den\u00edm objedn\u00e1vky v\u00e1m zavol\u00e1me a potvrd\u00edme vhodn\u00fd term\u00edn dod\u00e1n\u00ed.<\/p>\t\t\t\t\t\t\t\t<\/div>\n\t\t\t\t<\/div>\n\t\t\t\t<div class=\"elementor-element elementor-element-e033ac5 elementor-align-center elementor-widget elementor-widget-button\" data-id=\"e033ac5\" data-element_type=\"widget\" data-e-type=\"widget\" data-widget_type=\"button.default\">\n\t\t\t\t<div class=\"elementor-widget-container\">\n\t\t\t\t\t\t\t\t\t<div class=\"elementor-button-wrapper\">\n\t\t\t\t\t<a class=\"elementor-button elementor-button-link elementor-size-sm\" href=\"https:\/\/www.tanieblaszaki.pl\/cs\/objednavani-plechovych-garazi\/\">\n\t\t\t\t\t\t<span class=\"elementor-button-content-wrapper\">\n\t\t\t\t\t\t\t\t\t<span class=\"elementor-button-text\">OBJEDNAT GAR\u00c1\u017d<\/span>\n\t\t\t\t\t<\/span>\n\t\t\t\t\t<\/a>\n\t\t\t\t<\/div>\n\t\t\t\t\t\t\t\t<\/div>\n\t\t\t\t<\/div>\n\t\t\t\t\t<\/div>\n\t\t<\/div>\n\t\t\t\t\t<\/div>\n\t\t<\/section>\n\t\t\t\t<section class=\"elementor-section elementor-top-section elementor-element elementor-element-f73bf73 elementor-section-boxed elementor-section-height-default elementor-section-height-default\" data-id=\"f73bf73\" data-element_type=\"section\" data-e-type=\"section\" data-settings=\"{&quot;background_background&quot;:&quot;classic&quot;}\">\n\t\t\t\t\t\t<div class=\"elementor-container elementor-column-gap-default\">\n\t\t\t\t\t<div class=\"elementor-column elementor-col-50 elementor-top-column elementor-element elementor-element-9098f00\" data-id=\"9098f00\" data-element_type=\"column\" data-e-type=\"column\" data-settings=\"{&quot;background_background&quot;:&quot;classic&quot;}\">\n\t\t\t<div class=\"elementor-widget-wrap elementor-element-populated\">\n\t\t\t\t\t\t<div class=\"elementor-element elementor-element-de34470 elementor-widget elementor-widget-text-editor\" data-id=\"de34470\" data-element_type=\"widget\" data-e-type=\"widget\" data-widget_type=\"text-editor.default\">\n\t\t\t\t<div class=\"elementor-widget-container\">\n\t\t\t\t\t\t\t\t\t<div class=\"su-note\"><div class=\"su-note-inner su-u-clearfix su-u-trim\"><strong>Standardn\u00ed gar\u00e1\u017e<\/strong><p> <\/p><p>Nejobl\u00edben\u011bj\u0161\u00ed z prod\u00e1van\u00fdch plechov\u00fdch gar\u00e1\u017e\u00ed je 3 m \u0161irok\u00e1, 5 m dlouh\u00e1 a 2 m vysok\u00e1 (v\u00fd\u0161ka vrat). Na p\u0159\u00e1n\u00ed je mo\u017en\u00e9 dodate\u010dn\u011b nainstalovat <strong>skl\u00e1p\u011bc\u00ed br\u00e1nu<\/strong>, <strong>op\u011brky nohou u dve\u0159\u00ed atd.<\/strong> Nen\u00ed pro n\u00e1s probl\u00e9m vyrobit konstrukci v barv\u00e1ch podle p\u0159\u00e1n\u00ed z\u00e1kazn\u00edka.<\/p><\/div><\/div>\t\t\t\t\t\t\t\t<\/div>\n\t\t\t\t<\/div>\n\t\t\t\t\t<\/div>\n\t\t<\/div>\n\t\t\t\t<div class=\"elementor-column elementor-col-50 elementor-top-column elementor-element elementor-element-faca151\" data-id=\"faca151\" data-element_type=\"column\" data-e-type=\"column\" data-settings=\"{&quot;background_background&quot;:&quot;classic&quot;}\">\n\t\t\t<div class=\"elementor-widget-wrap elementor-element-populated\">\n\t\t\t\t\t\t<div class=\"elementor-element elementor-element-335b9bb elementor-widget elementor-widget-text-editor\" data-id=\"335b9bb\" data-element_type=\"widget\" data-e-type=\"widget\" data-widget_type=\"text-editor.default\">\n\t\t\t\t<div class=\"elementor-widget-container\">\n\t\t\t\t\t\t\t\t\t<div class=\"su-note\"><div class=\"su-note-inner su-u-clearfix su-u-trim\"><div class=\"su-note\"><div class=\"su-note-inner su-u-clearfix su-u-trim\"><strong>Gar\u00e1\u017e na m\u00edru<\/strong><p> <\/p><p>Plechov\u00e9 gar\u00e1\u017ee vyr\u00e1b\u00edme v libovoln\u00e9m rozm\u011bru (\u0161\u00ed\u0159ka\/d\u00e9lka\/v\u00fd\u0161ka) podle p\u0159\u00e1n\u00ed z\u00e1kazn\u00edka.<\/p><\/div><\/div><\/div><\/div>\t\t\t\t\t\t\t\t<\/div>\n\t\t\t\t<\/div>\n\t\t\t\t\t<\/div>\n\t\t<\/div>\n\t\t\t\t\t<\/div>\n\t\t<\/section>\n\t\t\t\t<\/div>\n\t\t","protected":false},"excerpt":{"rendered":"<p>Nab\u00eddka &#8211; v\u00fdrobce plechov\u00fdch gar\u00e1\u017e\u00ed PLECHOV\u00c9 GAR\u00c1\u017dE PEL\u00cd\u0160KY PRO PSY OCELOV\u00c9 KONSTRUKCE Nab\u00eddka &#8211; v\u00fdrobce plechov\u00fdch gar\u00e1\u017e\u00ed Pil\u00ed\u0159em na\u0161\u00ed nab\u00eddky je v\u00fdroba a mont\u00e1\u017e levn\u00fdch plechov\u00fdch gar\u00e1\u017e\u00ed a dal\u0161\u00edch ocelov\u00fdch konstrukc\u00ed s \u0161irok\u00fdm vyu\u017eit\u00edm, mimo jin\u00e9: kotc\u016f pro psy, plechov\u00fdch p\u0159\u00edst\u0159e\u0161k\u016f, skladovac\u00edch hal, kiosk\u016f. Mezi gar\u00e1\u017eemi v\u00e1m nab\u00edz\u00edme standardn\u00ed gar\u00e1\u017e o rozm\u011brech 3&#215;5 m nebo [&hellip;]<\/p>\n","protected":false},"author":1,"featured_media":0,"parent":0,"menu_order":0,"comment_status":"closed","ping_status":"closed","template":"","meta":{"site-sidebar-layout":"no-sidebar","site-content-layout":"page-builder","ast-site-content-layout":"default","site-content-style":"default","site-sidebar-style":"default","ast-global-header-display":"","ast-banner-title-visibility":"","ast-main-header-display":"","ast-hfb-above-header-display":"","ast-hfb-below-header-display":"","ast-hfb-mobile-header-display":"","site-post-title":"disabled","ast-breadcrumbs-content":"","ast-featured-img":"disabled","footer-sml-layout":"","ast-disable-related-posts":"","theme-transparent-header-meta":"enabled","adv-header-id-meta":"","stick-header-meta":"","header-above-stick-meta":"","header-main-stick-meta":"","header-below-stick-meta":"","astra-migrate-meta-layouts":"default","ast-page-background-enabled":"default","ast-page-background-meta":{"desktop":{"background-color":"","background-image":"","background-repeat":"repeat","background-position":"center center","background-size":"auto","background-attachment":"scroll","background-type":"","background-media":"","overlay-type":"","overlay-color":"","overlay-opacity":"","overlay-gradient":""},"tablet":{"background-color":"","background-image":"","background-repeat":"repeat","background-position":"center center","background-size":"auto","background-attachment":"scroll","background-type":"","background-media":"","overlay-type":"","overlay-color":"","overlay-opacity":"","overlay-gradient":""},"mobile":{"background-color":"","background-image":"","background-repeat":"repeat","background-position":"center center","background-size":"auto","background-attachment":"scroll","background-type":"","background-media":"","overlay-type":"","overlay-color":"","overlay-opacity":"","overlay-gradient":""}},"ast-content-background-meta":{"desktop":{"background-color":"var(--ast-global-color-5)","background-image":"","background-repeat":"repeat","background-position":"center center","background-size":"auto","background-attachment":"scroll","background-type":"","background-media":"","overlay-type":"","overlay-color":"","overlay-opacity":"","overlay-gradient":""},"tablet":{"background-color":"var(--ast-global-color-5)","background-image":"","background-repeat":"repeat","background-position":"center center","background-size":"auto","background-attachment":"scroll","background-type":"","background-media":"","overlay-type":"","overlay-color":"","overlay-opacity":"","overlay-gradient":""},"mobile":{"background-color":"var(--ast-global-color-5)","background-image":"","background-repeat":"repeat","background-position":"center center","background-size":"auto","background-attachment":"scroll","background-type":"","background-media":"","overlay-type":"","overlay-color":"","overlay-opacity":"","overlay-gradient":""}},"footnotes":""},"class_list":["post-26462","page","type-page","status-publish","hentry"],"_links":{"self":[{"href":"https:\/\/www.tanieblaszaki.pl\/cs\/wp-json\/wp\/v2\/pages\/26462","targetHints":{"allow":["GET"]}}],"collection":[{"href":"https:\/\/www.tanieblaszaki.pl\/cs\/wp-json\/wp\/v2\/pages"}],"about":[{"href":"https:\/\/www.tanieblaszaki.pl\/cs\/wp-json\/wp\/v2\/types\/page"}],"author":[{"embeddable":true,"href":"https:\/\/www.tanieblaszaki.pl\/cs\/wp-json\/wp\/v2\/users\/1"}],"replies":[{"embeddable":true,"href":"https:\/\/www.tanieblaszaki.pl\/cs\/wp-json\/wp\/v2\/comments?post=26462"}],"version-history":[{"count":0,"href":"https:\/\/www.tanieblaszaki.pl\/cs\/wp-json\/wp\/v2\/pages\/26462\/revisions"}],"wp:attachment":[{"href":"https:\/\/www.tanieblaszaki.pl\/cs\/wp-json\/wp\/v2\/media?parent=26462"}],"curies":[{"name":"wp","href":"https:\/\/api.w.org\/{rel}","templated":true}]}}