{"id":26459,"date":"2022-06-29T16:27:23","date_gmt":"2022-06-29T16:27:23","guid":{"rendered":"https:\/\/www.tanieblaszaki.pl\/kotce-pro-psy\/"},"modified":"2022-07-03T07:44:24","modified_gmt":"2022-07-03T07:44:24","slug":"kotce-pro-psy","status":"publish","type":"page","link":"https:\/\/www.tanieblaszaki.pl\/cs\/kotce-pro-psy\/","title":{"rendered":"Kotce pro psy"},"content":{"rendered":"\t\t<div data-elementor-type=\"wp-page\" data-elementor-id=\"26459\" class=\"elementor elementor-26459\">\n\t\t\t\t\t\t<section class=\"elementor-section elementor-top-section elementor-element elementor-element-2cd5bf9 elementor-section-boxed elementor-section-height-default elementor-section-height-default\" data-id=\"2cd5bf9\" data-element_type=\"section\" data-e-type=\"section\" data-settings=\"{&quot;background_background&quot;:&quot;gradient&quot;}\">\n\t\t\t\t\t\t<div class=\"elementor-container elementor-column-gap-default\">\n\t\t\t\t\t<div class=\"elementor-column elementor-col-100 elementor-top-column elementor-element elementor-element-42e5326\" data-id=\"42e5326\" data-element_type=\"column\" data-e-type=\"column\">\n\t\t\t<div class=\"elementor-widget-wrap elementor-element-populated\">\n\t\t\t\t\t\t<div class=\"elementor-element elementor-element-3f57987 elementor-widget elementor-widget-image-box\" data-id=\"3f57987\" data-element_type=\"widget\" data-e-type=\"widget\" data-widget_type=\"image-box.default\">\n\t\t\t\t<div class=\"elementor-widget-container\">\n\t\t\t\t\t<div class=\"elementor-image-box-wrapper\"><div class=\"elementor-image-box-content\"><h1 class=\"elementor-image-box-title\">PEL\u00cd\u0160KY PRO PSY<\/h1><\/div><\/div>\t\t\t\t<\/div>\n\t\t\t\t<\/div>\n\t\t\t\t\t<\/div>\n\t\t<\/div>\n\t\t\t\t\t<\/div>\n\t\t<\/section>\n\t\t\t\t<section class=\"elementor-section elementor-top-section elementor-element elementor-element-3c90eca elementor-section-content-middle elementor-section-boxed elementor-section-height-default elementor-section-height-default\" data-id=\"3c90eca\" data-element_type=\"section\" data-e-type=\"section\">\n\t\t\t\t\t\t<div class=\"elementor-container elementor-column-gap-no\">\n\t\t\t\t\t<div class=\"elementor-column elementor-col-33 elementor-top-column elementor-element elementor-element-8cc07bd\" data-id=\"8cc07bd\" data-element_type=\"column\" data-e-type=\"column\">\n\t\t\t<div class=\"elementor-widget-wrap elementor-element-populated\">\n\t\t\t\t\t\t<div class=\"elementor-element elementor-element-1acd8c1 elementor-widget elementor-widget-heading\" data-id=\"1acd8c1\" data-element_type=\"widget\" data-e-type=\"widget\" data-widget_type=\"heading.default\">\n\t\t\t\t<div class=\"elementor-widget-container\">\n\t\t\t\t\t<h2 class=\"elementor-heading-title elementor-size-default\">PEL\u00cd\u0160KY PRO PSY<\/h2>\t\t\t\t<\/div>\n\t\t\t\t<\/div>\n\t\t\t\t\t<\/div>\n\t\t<\/div>\n\t\t\t\t<div class=\"elementor-column elementor-col-66 elementor-top-column elementor-element elementor-element-ef0c3a2\" data-id=\"ef0c3a2\" data-element_type=\"column\" data-e-type=\"column\">\n\t\t\t<div class=\"elementor-widget-wrap elementor-element-populated\">\n\t\t\t\t\t\t<div class=\"elementor-element elementor-element-cbebfdc elementor-widget elementor-widget-text-editor\" data-id=\"cbebfdc\" data-element_type=\"widget\" data-e-type=\"widget\" data-widget_type=\"text-editor.default\">\n\t\t\t\t<div class=\"elementor-widget-container\">\n\t\t\t\t\t\t\t\t\t<p>Nab\u00edz\u00edme tak\u00e9 <strong>profesion\u00e1ln\u00ed a bezpe\u010dn\u00e9 kotce pro psy<\/strong>, kter\u00e9 na\u0161im mazl\u00ed\u010dk\u016fm poskytuj\u00ed p\u0159\u00edjemn\u00e9 prost\u0159ed\u00ed. Kotce \u00fa\u010dinn\u011b odstra\u0148uj\u00ed probl\u00e9my spojen\u00e9 s ni\u010den\u00edm zahrady psy a eliminuj\u00ed nebezpe\u010d\u00ed spojen\u00e9 s \u00fatokem psa. Jako p\u0159\u00edm\u00fd v\u00fdrobce kotc\u016f pro psy v\u00e1m m\u016f\u017eeme nab\u00eddnout jakoukoli velikost i dal\u0161\u00ed vybaven\u00ed. Nab\u00edz\u00edme <strong>mont\u00e1\u017e a dopravu po cel\u00e9 republice<\/strong>, zejm\u00e9na v okol\u00ed Limanowa, Jod\u0142owniku, Rupniowa, Tymbarku, Now\u00e9ho S\u0105cze, S\u0142opnice, M\u0119ciny, Siekierczyna, \u017begociny, Ujanowic a Mszany.<\/p>\t\t\t\t\t\t\t\t<\/div>\n\t\t\t\t<\/div>\n\t\t\t\t\t<\/div>\n\t\t<\/div>\n\t\t\t\t\t<\/div>\n\t\t<\/section>\n\t\t\t\t<section class=\"elementor-section elementor-top-section elementor-element elementor-element-7d13e12 elementor-section-boxed elementor-section-height-default elementor-section-height-default\" data-id=\"7d13e12\" data-element_type=\"section\" data-e-type=\"section\">\n\t\t\t\t\t\t<div class=\"elementor-container elementor-column-gap-default\">\n\t\t\t\t\t<div class=\"elementor-column elementor-col-100 elementor-top-column elementor-element elementor-element-de5ede3\" data-id=\"de5ede3\" data-element_type=\"column\" data-e-type=\"column\">\n\t\t\t<div class=\"elementor-widget-wrap elementor-element-populated\">\n\t\t\t\t\t\t<div class=\"elementor-element elementor-element-09d0d2e elementor-widget elementor-widget-image-gallery\" data-id=\"09d0d2e\" data-element_type=\"widget\" data-e-type=\"widget\" data-widget_type=\"image-gallery.default\">\n\t\t\t\t<div class=\"elementor-widget-container\">\n\t\t\t\t\t\t\t<div class=\"elementor-image-gallery\">\n\t\t\t<div id='gallery-1' class='gallery galleryid-26459 gallery-columns-3 gallery-size-shop_catalog'><figure class='gallery-item'>\n\t\t\t<div class='gallery-icon landscape'>\n\t\t\t\t<a data-elementor-open-lightbox=\"yes\" data-elementor-lightbox-slideshow=\"09d0d2e\" data-elementor-lightbox-title=\"received_1043132616071218\" data-e-action-hash=\"#elementor-action%3Aaction%3Dlightbox%26settings%3DeyJpZCI6MjYxMTcsInVybCI6Imh0dHBzOlwvXC93d3cudGFuaWVibGFzemFraS5wbFwvd3AtY29udGVudFwvdXBsb2Fkc1wvMjAyMlwvMDZcL3JlY2VpdmVkXzEwNDMxMzI2MTYwNzEyMTgtMS1zY2FsZWQuanBlZyIsInNsaWRlc2hvdyI6IjA5ZDBkMmUifQ%3D%3D\" href='https:\/\/www.tanieblaszaki.pl\/wp-content\/uploads\/2022\/06\/received_1043132616071218-1-scaled.jpeg'><img fetchpriority=\"high\" decoding=\"async\" width=\"300\" height=\"300\" src=\"https:\/\/www.tanieblaszaki.pl\/wp-content\/uploads\/2022\/06\/received_1043132616071218-1-300x300.jpeg\" class=\"attachment-shop_catalog size-shop_catalog\" alt=\"\" srcset=\"https:\/\/www.tanieblaszaki.pl\/wp-content\/uploads\/2022\/06\/received_1043132616071218-1-300x300.jpeg 300w, https:\/\/www.tanieblaszaki.pl\/wp-content\/uploads\/2022\/06\/received_1043132616071218-1-150x150.jpeg 150w, https:\/\/www.tanieblaszaki.pl\/wp-content\/uploads\/2022\/06\/received_1043132616071218-1-100x100.jpeg 100w\" sizes=\"(max-width: 300px) 100vw, 300px\" \/><\/a>\n\t\t\t<\/div><\/figure><figure class='gallery-item'>\n\t\t\t<div class='gallery-icon landscape'>\n\t\t\t\t<a data-elementor-open-lightbox=\"yes\" data-elementor-lightbox-slideshow=\"09d0d2e\" data-elementor-lightbox-title=\"20220624_164215\" data-e-action-hash=\"#elementor-action%3Aaction%3Dlightbox%26settings%3DeyJpZCI6MjYxOTUsInVybCI6Imh0dHBzOlwvXC93d3cudGFuaWVibGFzemFraS5wbFwvd3AtY29udGVudFwvdXBsb2Fkc1wvMjAyMlwvMDZcLzIwMjIwNjI0XzE2NDIxNS1zY2FsZWQuanBnIiwic2xpZGVzaG93IjoiMDlkMGQyZSJ9\" href='https:\/\/www.tanieblaszaki.pl\/wp-content\/uploads\/2022\/06\/20220624_164215-scaled.jpg'><img decoding=\"async\" width=\"300\" height=\"300\" src=\"https:\/\/www.tanieblaszaki.pl\/wp-content\/uploads\/2022\/06\/20220624_164215-300x300.jpg\" class=\"attachment-shop_catalog size-shop_catalog\" alt=\"\" srcset=\"https:\/\/www.tanieblaszaki.pl\/wp-content\/uploads\/2022\/06\/20220624_164215-300x300.jpg 300w, https:\/\/www.tanieblaszaki.pl\/wp-content\/uploads\/2022\/06\/20220624_164215-150x150.jpg 150w, https:\/\/www.tanieblaszaki.pl\/wp-content\/uploads\/2022\/06\/20220624_164215-100x100.jpg 100w\" sizes=\"(max-width: 300px) 100vw, 300px\" \/><\/a>\n\t\t\t<\/div><\/figure><figure class='gallery-item'>\n\t\t\t<div class='gallery-icon landscape'>\n\t\t\t\t<a data-elementor-open-lightbox=\"yes\" data-elementor-lightbox-slideshow=\"09d0d2e\" data-elementor-lightbox-title=\"IMG_20171130_134721\" data-e-action-hash=\"#elementor-action%3Aaction%3Dlightbox%26settings%3DeyJpZCI6MjU5MTgsInVybCI6Imh0dHBzOlwvXC93d3cudGFuaWVibGFzemFraS5wbFwvd3AtY29udGVudFwvdXBsb2Fkc1wvMjAyMlwvMDZcL0lNR18yMDE3MTEzMF8xMzQ3MjEuanBnIiwic2xpZGVzaG93IjoiMDlkMGQyZSJ9\" href='https:\/\/www.tanieblaszaki.pl\/wp-content\/uploads\/2022\/06\/IMG_20171130_134721.jpg'><img decoding=\"async\" width=\"300\" height=\"300\" src=\"https:\/\/www.tanieblaszaki.pl\/wp-content\/uploads\/2022\/06\/IMG_20171130_134721-300x300.jpg\" class=\"attachment-shop_catalog size-shop_catalog\" alt=\"\" srcset=\"https:\/\/www.tanieblaszaki.pl\/wp-content\/uploads\/2022\/06\/IMG_20171130_134721-300x300.jpg 300w, https:\/\/www.tanieblaszaki.pl\/wp-content\/uploads\/2022\/06\/IMG_20171130_134721-150x150.jpg 150w, https:\/\/www.tanieblaszaki.pl\/wp-content\/uploads\/2022\/06\/IMG_20171130_134721-100x100.jpg 100w\" sizes=\"(max-width: 300px) 100vw, 300px\" \/><\/a>\n\t\t\t<\/div><\/figure><figure class='gallery-item'>\n\t\t\t<div class='gallery-icon landscape'>\n\t\t\t\t<a data-elementor-open-lightbox=\"yes\" data-elementor-lightbox-slideshow=\"09d0d2e\" data-elementor-lightbox-title=\"received_1043132616071218\" data-e-action-hash=\"#elementor-action%3Aaction%3Dlightbox%26settings%3DeyJpZCI6MjU5MjEsInVybCI6Imh0dHBzOlwvXC93d3cudGFuaWVibGFzemFraS5wbFwvd3AtY29udGVudFwvdXBsb2Fkc1wvMjAyMlwvMDZcL3JlY2VpdmVkXzEwNDMxMzI2MTYwNzEyMTgtc2NhbGVkLmpwZWciLCJzbGlkZXNob3ciOiIwOWQwZDJlIn0%3D\" href='https:\/\/www.tanieblaszaki.pl\/wp-content\/uploads\/2022\/06\/received_1043132616071218-scaled.jpeg'><img loading=\"lazy\" decoding=\"async\" width=\"300\" height=\"300\" src=\"https:\/\/www.tanieblaszaki.pl\/wp-content\/uploads\/2022\/06\/received_1043132616071218-300x300.jpeg\" class=\"attachment-shop_catalog size-shop_catalog\" alt=\"\" srcset=\"https:\/\/www.tanieblaszaki.pl\/wp-content\/uploads\/2022\/06\/received_1043132616071218-300x300.jpeg 300w, https:\/\/www.tanieblaszaki.pl\/wp-content\/uploads\/2022\/06\/received_1043132616071218-150x150.jpeg 150w, https:\/\/www.tanieblaszaki.pl\/wp-content\/uploads\/2022\/06\/received_1043132616071218-100x100.jpeg 100w\" sizes=\"(max-width: 300px) 100vw, 300px\" \/><\/a>\n\t\t\t<\/div><\/figure><figure class='gallery-item'>\n\t\t\t<div class='gallery-icon landscape'>\n\t\t\t\t<a data-elementor-open-lightbox=\"yes\" data-elementor-lightbox-slideshow=\"09d0d2e\" data-elementor-lightbox-title=\"20210611_161004\" data-e-action-hash=\"#elementor-action%3Aaction%3Dlightbox%26settings%3DeyJpZCI6MjYyMTYsInVybCI6Imh0dHBzOlwvXC93d3cudGFuaWVibGFzemFraS5wbFwvd3AtY29udGVudFwvdXBsb2Fkc1wvMjAyMlwvMDZcLzIwMjEwNjExXzE2MTAwNC1zY2FsZWQuanBnIiwic2xpZGVzaG93IjoiMDlkMGQyZSJ9\" href='https:\/\/www.tanieblaszaki.pl\/wp-content\/uploads\/2022\/06\/20210611_161004-scaled.jpg'><img loading=\"lazy\" decoding=\"async\" width=\"300\" height=\"300\" src=\"https:\/\/www.tanieblaszaki.pl\/wp-content\/uploads\/2022\/06\/20210611_161004-300x300.jpg\" class=\"attachment-shop_catalog size-shop_catalog\" alt=\"\" srcset=\"https:\/\/www.tanieblaszaki.pl\/wp-content\/uploads\/2022\/06\/20210611_161004-300x300.jpg 300w, https:\/\/www.tanieblaszaki.pl\/wp-content\/uploads\/2022\/06\/20210611_161004-150x150.jpg 150w, https:\/\/www.tanieblaszaki.pl\/wp-content\/uploads\/2022\/06\/20210611_161004-100x100.jpg 100w\" sizes=\"(max-width: 300px) 100vw, 300px\" \/><\/a>\n\t\t\t<\/div><\/figure><figure class='gallery-item'>\n\t\t\t<div class='gallery-icon landscape'>\n\t\t\t\t<a data-elementor-open-lightbox=\"yes\" data-elementor-lightbox-slideshow=\"09d0d2e\" data-elementor-lightbox-title=\"received_337973425160271\" data-e-action-hash=\"#elementor-action%3Aaction%3Dlightbox%26settings%3DeyJpZCI6MjYyMTksInVybCI6Imh0dHBzOlwvXC93d3cudGFuaWVibGFzemFraS5wbFwvd3AtY29udGVudFwvdXBsb2Fkc1wvMjAyMlwvMDZcL3JlY2VpdmVkXzMzNzk3MzQyNTE2MDI3MS5qcGVnIiwic2xpZGVzaG93IjoiMDlkMGQyZSJ9\" href='https:\/\/www.tanieblaszaki.pl\/wp-content\/uploads\/2022\/06\/received_337973425160271.jpeg'><img loading=\"lazy\" decoding=\"async\" width=\"300\" height=\"300\" src=\"https:\/\/www.tanieblaszaki.pl\/wp-content\/uploads\/2022\/06\/received_337973425160271-300x300.jpeg\" class=\"attachment-shop_catalog size-shop_catalog\" alt=\"\" srcset=\"https:\/\/www.tanieblaszaki.pl\/wp-content\/uploads\/2022\/06\/received_337973425160271-300x300.jpeg 300w, https:\/\/www.tanieblaszaki.pl\/wp-content\/uploads\/2022\/06\/received_337973425160271-150x150.jpeg 150w, https:\/\/www.tanieblaszaki.pl\/wp-content\/uploads\/2022\/06\/received_337973425160271-100x100.jpeg 100w\" sizes=\"(max-width: 300px) 100vw, 300px\" \/><\/a>\n\t\t\t<\/div><\/figure><figure class='gallery-item'>\n\t\t\t<div class='gallery-icon landscape'>\n\t\t\t\t<a data-elementor-open-lightbox=\"yes\" data-elementor-lightbox-slideshow=\"09d0d2e\" data-elementor-lightbox-title=\"received_1442628239490624\" data-e-action-hash=\"#elementor-action%3Aaction%3Dlightbox%26settings%3DeyJpZCI6MjYyMjIsInVybCI6Imh0dHBzOlwvXC93d3cudGFuaWVibGFzemFraS5wbFwvd3AtY29udGVudFwvdXBsb2Fkc1wvMjAyMlwvMDZcL3JlY2VpdmVkXzE0NDI2MjgyMzk0OTA2MjQuanBlZyIsInNsaWRlc2hvdyI6IjA5ZDBkMmUifQ%3D%3D\" href='https:\/\/www.tanieblaszaki.pl\/wp-content\/uploads\/2022\/06\/received_1442628239490624.jpeg'><img loading=\"lazy\" decoding=\"async\" width=\"300\" height=\"300\" src=\"https:\/\/www.tanieblaszaki.pl\/wp-content\/uploads\/2022\/06\/received_1442628239490624-300x300.jpeg\" class=\"attachment-shop_catalog size-shop_catalog\" alt=\"\" srcset=\"https:\/\/www.tanieblaszaki.pl\/wp-content\/uploads\/2022\/06\/received_1442628239490624-300x300.jpeg 300w, https:\/\/www.tanieblaszaki.pl\/wp-content\/uploads\/2022\/06\/received_1442628239490624-150x150.jpeg 150w, https:\/\/www.tanieblaszaki.pl\/wp-content\/uploads\/2022\/06\/received_1442628239490624-100x100.jpeg 100w\" sizes=\"(max-width: 300px) 100vw, 300px\" \/><\/a>\n\t\t\t<\/div><\/figure><figure class='gallery-item'>\n\t\t\t<div class='gallery-icon landscape'>\n\t\t\t\t<a data-elementor-open-lightbox=\"yes\" data-elementor-lightbox-slideshow=\"09d0d2e\" data-elementor-lightbox-title=\"received_1366725993846424\" data-e-action-hash=\"#elementor-action%3Aaction%3Dlightbox%26settings%3DeyJpZCI6MjYyMjUsInVybCI6Imh0dHBzOlwvXC93d3cudGFuaWVibGFzemFraS5wbFwvd3AtY29udGVudFwvdXBsb2Fkc1wvMjAyMlwvMDZcL3JlY2VpdmVkXzEzNjY3MjU5OTM4NDY0MjQuanBlZyIsInNsaWRlc2hvdyI6IjA5ZDBkMmUifQ%3D%3D\" href='https:\/\/www.tanieblaszaki.pl\/wp-content\/uploads\/2022\/06\/received_1366725993846424.jpeg'><img loading=\"lazy\" decoding=\"async\" width=\"300\" height=\"300\" src=\"https:\/\/www.tanieblaszaki.pl\/wp-content\/uploads\/2022\/06\/received_1366725993846424-300x300.jpeg\" class=\"attachment-shop_catalog size-shop_catalog\" alt=\"\" srcset=\"https:\/\/www.tanieblaszaki.pl\/wp-content\/uploads\/2022\/06\/received_1366725993846424-300x300.jpeg 300w, https:\/\/www.tanieblaszaki.pl\/wp-content\/uploads\/2022\/06\/received_1366725993846424-150x150.jpeg 150w, https:\/\/www.tanieblaszaki.pl\/wp-content\/uploads\/2022\/06\/received_1366725993846424-100x100.jpeg 100w\" sizes=\"(max-width: 300px) 100vw, 300px\" \/><\/a>\n\t\t\t<\/div><\/figure><figure class='gallery-item'>\n\t\t\t<div class='gallery-icon landscape'>\n\t\t\t\t<a data-elementor-open-lightbox=\"yes\" data-elementor-lightbox-slideshow=\"09d0d2e\" data-elementor-lightbox-title=\"received_2682951382024927\" data-e-action-hash=\"#elementor-action%3Aaction%3Dlightbox%26settings%3DeyJpZCI6MjYyMjgsInVybCI6Imh0dHBzOlwvXC93d3cudGFuaWVibGFzemFraS5wbFwvd3AtY29udGVudFwvdXBsb2Fkc1wvMjAyMlwvMDZcL3JlY2VpdmVkXzI2ODI5NTEzODIwMjQ5MjcuanBlZyIsInNsaWRlc2hvdyI6IjA5ZDBkMmUifQ%3D%3D\" href='https:\/\/www.tanieblaszaki.pl\/wp-content\/uploads\/2022\/06\/received_2682951382024927.jpeg'><img loading=\"lazy\" decoding=\"async\" width=\"300\" height=\"300\" src=\"https:\/\/www.tanieblaszaki.pl\/wp-content\/uploads\/2022\/06\/received_2682951382024927-300x300.jpeg\" class=\"attachment-shop_catalog size-shop_catalog\" alt=\"\" srcset=\"https:\/\/www.tanieblaszaki.pl\/wp-content\/uploads\/2022\/06\/received_2682951382024927-300x300.jpeg 300w, https:\/\/www.tanieblaszaki.pl\/wp-content\/uploads\/2022\/06\/received_2682951382024927-150x150.jpeg 150w, https:\/\/www.tanieblaszaki.pl\/wp-content\/uploads\/2022\/06\/received_2682951382024927-100x100.jpeg 100w\" sizes=\"(max-width: 300px) 100vw, 300px\" \/><\/a>\n\t\t\t<\/div><\/figure>\n\t\t<\/div>\n\t\t<\/div>\n\t\t\t\t\t\t<\/div>\n\t\t\t\t<\/div>\n\t\t\t\t\t<\/div>\n\t\t<\/div>\n\t\t\t\t\t<\/div>\n\t\t<\/section>\n\t\t\t\t<section class=\"elementor-section elementor-top-section elementor-element elementor-element-93c5c6a elementor-section-content-middle elementor-section-boxed elementor-section-height-default elementor-section-height-default\" data-id=\"93c5c6a\" data-element_type=\"section\" data-e-type=\"section\" data-settings=\"{&quot;background_background&quot;:&quot;classic&quot;}\">\n\t\t\t\t\t\t<div class=\"elementor-container elementor-column-gap-no\">\n\t\t\t\t\t<div class=\"elementor-column elementor-col-100 elementor-top-column elementor-element elementor-element-5b31354\" data-id=\"5b31354\" data-element_type=\"column\" data-e-type=\"column\" data-settings=\"{&quot;background_background&quot;:&quot;classic&quot;}\">\n\t\t\t<div class=\"elementor-widget-wrap elementor-element-populated\">\n\t\t\t\t\t\t<div class=\"elementor-element elementor-element-bcd48e7 elementor-widget elementor-widget-heading\" data-id=\"bcd48e7\" data-element_type=\"widget\" data-e-type=\"widget\" data-widget_type=\"heading.default\">\n\t\t\t\t<div class=\"elementor-widget-container\">\n\t\t\t\t\t<h2 class=\"elementor-heading-title elementor-size-default\">Levn\u00e9 kotce pro psy<\/h2>\t\t\t\t<\/div>\n\t\t\t\t<\/div>\n\t\t\t\t<div class=\"elementor-element elementor-element-299fb2a elementor-widget elementor-widget-text-editor\" data-id=\"299fb2a\" data-element_type=\"widget\" data-e-type=\"widget\" data-widget_type=\"text-editor.default\">\n\t\t\t\t<div class=\"elementor-widget-container\">\n\t\t\t\t\t\t\t\t\t<ul><li><p>Nab\u00edz\u00edme levn\u00e9, odoln\u00e9 a bezpe\u010dn\u00e9 kotce pro psy, kter\u00e9 va\u0161emu psovi poskytnou ty spr\u00e1vn\u00e9 podm\u00ednky.<\/p><ul><li><p>Standardn\u00ed ohr\u00e1dka m\u00e1 rozm\u011bry 2&#215;3 m.<\/p><\/li><li><p>St\u0159e\u0161n\u00ed krytina z pozinkovan\u00e9ho trap\u00e9zov\u00e9ho plechu nebo akryl\u00e1tov\u00e9ho plechu (sklon st\u0159echy sm\u011brem dozadu).<\/p><\/li><li><p>Cel\u00e1 konstrukce je se\u0161roubovan\u00e1, tak\u017ee ji lze snadno rozebrat a slo\u017eit.<\/p><\/li><li><p>Dve\u0159e se z\u00e1padkou.<\/p><\/li><\/ul><\/li><\/ul>\t\t\t\t\t\t\t\t<\/div>\n\t\t\t\t<\/div>\n\t\t\t\t\t<\/div>\n\t\t<\/div>\n\t\t\t\t\t<\/div>\n\t\t<\/section>\n\t\t\t\t<section class=\"elementor-section elementor-top-section elementor-element elementor-element-cbce258 elementor-section-content-middle elementor-section-boxed elementor-section-height-default elementor-section-height-default\" data-id=\"cbce258\" data-element_type=\"section\" data-e-type=\"section\">\n\t\t\t\t\t\t<div class=\"elementor-container elementor-column-gap-no\">\n\t\t\t\t\t<div class=\"elementor-column elementor-col-33 elementor-top-column elementor-element elementor-element-2930327\" data-id=\"2930327\" data-element_type=\"column\" data-e-type=\"column\">\n\t\t\t<div class=\"elementor-widget-wrap elementor-element-populated\">\n\t\t\t\t\t\t<div class=\"elementor-element elementor-element-11578d1 elementor-widget elementor-widget-heading\" data-id=\"11578d1\" data-element_type=\"widget\" data-e-type=\"widget\" data-widget_type=\"heading.default\">\n\t\t\t\t<div class=\"elementor-widget-container\">\n\t\t\t\t\t<h2 class=\"elementor-heading-title elementor-size-default\">Jakou ohr\u00e1dku pro psa si m\u00e1m vybrat?<\/h2>\t\t\t\t<\/div>\n\t\t\t\t<\/div>\n\t\t\t\t\t<\/div>\n\t\t<\/div>\n\t\t\t\t<div class=\"elementor-column elementor-col-66 elementor-top-column elementor-element elementor-element-3cbfaba\" data-id=\"3cbfaba\" data-element_type=\"column\" data-e-type=\"column\">\n\t\t\t<div class=\"elementor-widget-wrap elementor-element-populated\">\n\t\t\t\t\t\t<div class=\"elementor-element elementor-element-9db0b52 elementor-widget elementor-widget-text-editor\" data-id=\"9db0b52\" data-element_type=\"widget\" data-e-type=\"widget\" data-widget_type=\"text-editor.default\">\n\t\t\t\t<div class=\"elementor-widget-container\">\n\t\t\t\t\t\t\t\t\t<p><span style=\"color: #333333;\">Pero lze vyrobit v <\/span><strong><span style=\"color: #333333;\">jak\u00fdkoli rozm\u011br<\/span><\/strong><span style=\"color: #333333;\">. Nab\u00edz\u00edme dal\u0161\u00ed vybaven\u00ed kotc\u016f, v\u010detn\u011b plechov\u00e9ho oblo\u017een\u00ed st\u011bn, podlahy z impregnovan\u00fdch desek, barevn\u00e9 st\u0159echy, zhotoven\u00ed otvoru pro boudu, misky, oto\u010dn\u00e9 misky.<\/span><\/p>\t\t\t\t\t\t\t\t<\/div>\n\t\t\t\t<\/div>\n\t\t\t\t\t<\/div>\n\t\t<\/div>\n\t\t\t\t\t<\/div>\n\t\t<\/section>\n\t\t\t\t<\/div>\n\t\t","protected":false},"excerpt":{"rendered":"<p>PEL\u00cd\u0160KY PRO PSY PEL\u00cd\u0160KY PRO PSY Nab\u00edz\u00edme tak\u00e9 profesion\u00e1ln\u00ed a bezpe\u010dn\u00e9 kotce pro psy, kter\u00e9 na\u0161im mazl\u00ed\u010dk\u016fm poskytuj\u00ed p\u0159\u00edjemn\u00e9 prost\u0159ed\u00ed. Kotce \u00fa\u010dinn\u011b odstra\u0148uj\u00ed probl\u00e9my spojen\u00e9 s ni\u010den\u00edm zahrady psy a eliminuj\u00ed nebezpe\u010d\u00ed spojen\u00e9 s \u00fatokem psa. Jako p\u0159\u00edm\u00fd v\u00fdrobce kotc\u016f pro psy v\u00e1m m\u016f\u017eeme nab\u00eddnout jakoukoli velikost i dal\u0161\u00ed vybaven\u00ed. Nab\u00edz\u00edme mont\u00e1\u017e a dopravu po [&hellip;]<\/p>\n","protected":false},"author":1,"featured_media":0,"parent":0,"menu_order":0,"comment_status":"closed","ping_status":"closed","template":"","meta":{"site-sidebar-layout":"no-sidebar","site-content-layout":"page-builder","ast-site-content-layout":"default","site-content-style":"default","site-sidebar-style":"default","ast-global-header-display":"","ast-banner-title-visibility":"","ast-main-header-display":"","ast-hfb-above-header-display":"","ast-hfb-below-header-display":"","ast-hfb-mobile-header-display":"","site-post-title":"disabled","ast-breadcrumbs-content":"","ast-featured-img":"disabled","footer-sml-layout":"","ast-disable-related-posts":"","theme-transparent-header-meta":"","adv-header-id-meta":"","stick-header-meta":"","header-above-stick-meta":"","header-main-stick-meta":"","header-below-stick-meta":"","astra-migrate-meta-layouts":"default","ast-page-background-enabled":"default","ast-page-background-meta":{"desktop":{"background-color":"","background-image":"","background-repeat":"repeat","background-position":"center center","background-size":"auto","background-attachment":"scroll","background-type":"","background-media":"","overlay-type":"","overlay-color":"","overlay-opacity":"","overlay-gradient":""},"tablet":{"background-color":"","background-image":"","background-repeat":"repeat","background-position":"center center","background-size":"auto","background-attachment":"scroll","background-type":"","background-media":"","overlay-type":"","overlay-color":"","overlay-opacity":"","overlay-gradient":""},"mobile":{"background-color":"","background-image":"","background-repeat":"repeat","background-position":"center center","background-size":"auto","background-attachment":"scroll","background-type":"","background-media":"","overlay-type":"","overlay-color":"","overlay-opacity":"","overlay-gradient":""}},"ast-content-background-meta":{"desktop":{"background-color":"var(--ast-global-color-5)","background-image":"","background-repeat":"repeat","background-position":"center center","background-size":"auto","background-attachment":"scroll","background-type":"","background-media":"","overlay-type":"","overlay-color":"","overlay-opacity":"","overlay-gradient":""},"tablet":{"background-color":"var(--ast-global-color-5)","background-image":"","background-repeat":"repeat","background-position":"center center","background-size":"auto","background-attachment":"scroll","background-type":"","background-media":"","overlay-type":"","overlay-color":"","overlay-opacity":"","overlay-gradient":""},"mobile":{"background-color":"var(--ast-global-color-5)","background-image":"","background-repeat":"repeat","background-position":"center center","background-size":"auto","background-attachment":"scroll","background-type":"","background-media":"","overlay-type":"","overlay-color":"","overlay-opacity":"","overlay-gradient":""}},"footnotes":""},"class_list":["post-26459","page","type-page","status-publish","hentry"],"_links":{"self":[{"href":"https:\/\/www.tanieblaszaki.pl\/cs\/wp-json\/wp\/v2\/pages\/26459","targetHints":{"allow":["GET"]}}],"collection":[{"href":"https:\/\/www.tanieblaszaki.pl\/cs\/wp-json\/wp\/v2\/pages"}],"about":[{"href":"https:\/\/www.tanieblaszaki.pl\/cs\/wp-json\/wp\/v2\/types\/page"}],"author":[{"embeddable":true,"href":"https:\/\/www.tanieblaszaki.pl\/cs\/wp-json\/wp\/v2\/users\/1"}],"replies":[{"embeddable":true,"href":"https:\/\/www.tanieblaszaki.pl\/cs\/wp-json\/wp\/v2\/comments?post=26459"}],"version-history":[{"count":0,"href":"https:\/\/www.tanieblaszaki.pl\/cs\/wp-json\/wp\/v2\/pages\/26459\/revisions"}],"wp:attachment":[{"href":"https:\/\/www.tanieblaszaki.pl\/cs\/wp-json\/wp\/v2\/media?parent=26459"}],"curies":[{"name":"wp","href":"https:\/\/api.w.org\/{rel}","templated":true}]}}