{"id":26420,"date":"2022-06-28T17:20:27","date_gmt":"2022-06-28T17:20:27","guid":{"rendered":"https:\/\/www.tanieblaszaki.pl\/dodavka-a-instalace\/"},"modified":"2022-07-03T07:40:44","modified_gmt":"2022-07-03T07:40:44","slug":"dodavka-a-instalace","status":"publish","type":"page","link":"https:\/\/www.tanieblaszaki.pl\/cs\/dodavka-a-instalace\/","title":{"rendered":"Dod\u00e1vka a instalace"},"content":{"rendered":"\t\t<div data-elementor-type=\"wp-page\" data-elementor-id=\"26420\" class=\"elementor elementor-26420\">\n\t\t\t\t\t\t<section class=\"elementor-section elementor-top-section elementor-element elementor-element-538563b elementor-section-boxed elementor-section-height-default elementor-section-height-default\" data-id=\"538563b\" data-element_type=\"section\" data-e-type=\"section\" data-settings=\"{&quot;background_background&quot;:&quot;gradient&quot;}\">\n\t\t\t\t\t\t<div class=\"elementor-container elementor-column-gap-default\">\n\t\t\t\t\t<div class=\"elementor-column elementor-col-100 elementor-top-column elementor-element elementor-element-fe81376\" data-id=\"fe81376\" data-element_type=\"column\" data-e-type=\"column\">\n\t\t\t<div class=\"elementor-widget-wrap elementor-element-populated\">\n\t\t\t\t\t\t<div class=\"elementor-element elementor-element-d356ba8 elementor-widget elementor-widget-image-box\" data-id=\"d356ba8\" data-element_type=\"widget\" data-e-type=\"widget\" data-widget_type=\"image-box.default\">\n\t\t\t\t<div class=\"elementor-widget-container\">\n\t\t\t\t\t<div class=\"elementor-image-box-wrapper\"><div class=\"elementor-image-box-content\"><h1 class=\"elementor-image-box-title\">DOD\u00c1VKA A INSTALACE<\/h1><\/div><\/div>\t\t\t\t<\/div>\n\t\t\t\t<\/div>\n\t\t\t\t\t<\/div>\n\t\t<\/div>\n\t\t\t\t\t<\/div>\n\t\t<\/section>\n\t\t\t\t<section class=\"elementor-section elementor-top-section elementor-element elementor-element-5e30532 elementor-section-boxed elementor-section-height-default elementor-section-height-default\" data-id=\"5e30532\" data-element_type=\"section\" data-e-type=\"section\">\n\t\t\t\t\t\t<div class=\"elementor-container elementor-column-gap-default\">\n\t\t\t\t\t<div class=\"elementor-column elementor-col-100 elementor-top-column elementor-element elementor-element-28bf885\" data-id=\"28bf885\" data-element_type=\"column\" data-e-type=\"column\" data-settings=\"{&quot;background_background&quot;:&quot;classic&quot;}\">\n\t\t\t<div class=\"elementor-widget-wrap elementor-element-populated\">\n\t\t\t\t\t\t<div class=\"elementor-element elementor-element-5943fd9 elementor-widget elementor-widget-text-editor\" data-id=\"5943fd9\" data-element_type=\"widget\" data-e-type=\"widget\" data-widget_type=\"text-editor.default\">\n\t\t\t\t<div class=\"elementor-widget-container\">\n\t\t\t\t\t\t\t\t\t<p>Na\u0161e spole\u010dnost je schopna zajistit komplexn\u00ed slu\u017eby spojen\u00e9 s n\u00e1kupem gar\u00e1\u017ee od dopravy a\u017e po mont\u00e1\u017e po cel\u00e9 zemi. Mont\u00e1\u017e prov\u00e1d\u011bj\u00ed kvalifikovan\u00ed pracovn\u00edci a p\u0159eprava plechov\u00fdch gar\u00e1\u017e\u00ed po cel\u00e9 zemi. Nez\u00e1le\u017e\u00ed na tom, odkud jste &#8211; nev\u00e1hejte se obr\u00e1tit na na\u0161i spole\u010dnost.<\/p><p><strong>Pozn\u00e1mka:<\/strong> Za ukotven\u00ed gar\u00e1\u017ee k podlaze odpov\u00edd\u00e1 z\u00e1kazn\u00edk. Ukotven\u00ed gar\u00e1\u017ee k zemi nen\u00ed sou\u010d\u00e1st\u00ed mont\u00e1\u017ee..<\/p><div class=\"notranslate\" style=\"all: initial;\"> <\/div>\t\t\t\t\t\t\t\t<\/div>\n\t\t\t\t<\/div>\n\t\t\t\t<div class=\"elementor-element elementor-element-7f31046 elementor-widget elementor-widget-image\" data-id=\"7f31046\" data-element_type=\"widget\" data-e-type=\"widget\" data-widget_type=\"image.default\">\n\t\t\t\t<div class=\"elementor-widget-container\">\n\t\t\t\t\t\t\t\t\t\t\t\t\t\t\t<img fetchpriority=\"high\" decoding=\"async\" width=\"1024\" height=\"320\" src=\"https:\/\/www.tanieblaszaki.pl\/wp-content\/uploads\/2022\/06\/Montaz-1024x320-1.jpg\" class=\"attachment-large size-large wp-image-26198\" alt=\"\" srcset=\"https:\/\/www.tanieblaszaki.pl\/wp-content\/uploads\/2022\/06\/Montaz-1024x320-1.jpg 1024w, https:\/\/www.tanieblaszaki.pl\/wp-content\/uploads\/2022\/06\/Montaz-1024x320-1-300x94.jpg 300w, https:\/\/www.tanieblaszaki.pl\/wp-content\/uploads\/2022\/06\/Montaz-1024x320-1-768x240.jpg 768w, https:\/\/www.tanieblaszaki.pl\/wp-content\/uploads\/2022\/06\/Montaz-1024x320-1-600x188.jpg 600w\" sizes=\"(max-width: 1024px) 100vw, 1024px\" \/>\t\t\t\t\t\t\t\t\t\t\t\t\t\t\t<\/div>\n\t\t\t\t<\/div>\n\t\t\t\t\t<\/div>\n\t\t<\/div>\n\t\t\t\t\t<\/div>\n\t\t<\/section>\n\t\t\t\t<\/div>\n\t\t","protected":false},"excerpt":{"rendered":"<p>DOD\u00c1VKA A INSTALACE Na\u0161e spole\u010dnost je schopna zajistit komplexn\u00ed slu\u017eby spojen\u00e9 s n\u00e1kupem gar\u00e1\u017ee od dopravy a\u017e po mont\u00e1\u017e po cel\u00e9 zemi. Mont\u00e1\u017e prov\u00e1d\u011bj\u00ed kvalifikovan\u00ed pracovn\u00edci a p\u0159eprava plechov\u00fdch gar\u00e1\u017e\u00ed po cel\u00e9 zemi. Nez\u00e1le\u017e\u00ed na tom, odkud jste &#8211; nev\u00e1hejte se obr\u00e1tit na na\u0161i spole\u010dnost. Pozn\u00e1mka: Za ukotven\u00ed gar\u00e1\u017ee k podlaze odpov\u00edd\u00e1 z\u00e1kazn\u00edk. Ukotven\u00ed gar\u00e1\u017ee [&hellip;]<\/p>\n","protected":false},"author":1,"featured_media":0,"parent":0,"menu_order":0,"comment_status":"closed","ping_status":"closed","template":"","meta":{"site-sidebar-layout":"no-sidebar","site-content-layout":"page-builder","ast-site-content-layout":"default","site-content-style":"default","site-sidebar-style":"default","ast-global-header-display":"","ast-banner-title-visibility":"","ast-main-header-display":"","ast-hfb-above-header-display":"","ast-hfb-below-header-display":"","ast-hfb-mobile-header-display":"","site-post-title":"disabled","ast-breadcrumbs-content":"","ast-featured-img":"disabled","footer-sml-layout":"","ast-disable-related-posts":"","theme-transparent-header-meta":"","adv-header-id-meta":"","stick-header-meta":"","header-above-stick-meta":"","header-main-stick-meta":"","header-below-stick-meta":"","astra-migrate-meta-layouts":"default","ast-page-background-enabled":"default","ast-page-background-meta":{"desktop":{"background-color":"","background-image":"","background-repeat":"repeat","background-position":"center center","background-size":"auto","background-attachment":"scroll","background-type":"","background-media":"","overlay-type":"","overlay-color":"","overlay-opacity":"","overlay-gradient":""},"tablet":{"background-color":"","background-image":"","background-repeat":"repeat","background-position":"center center","background-size":"auto","background-attachment":"scroll","background-type":"","background-media":"","overlay-type":"","overlay-color":"","overlay-opacity":"","overlay-gradient":""},"mobile":{"background-color":"","background-image":"","background-repeat":"repeat","background-position":"center center","background-size":"auto","background-attachment":"scroll","background-type":"","background-media":"","overlay-type":"","overlay-color":"","overlay-opacity":"","overlay-gradient":""}},"ast-content-background-meta":{"desktop":{"background-color":"var(--ast-global-color-5)","background-image":"","background-repeat":"repeat","background-position":"center center","background-size":"auto","background-attachment":"scroll","background-type":"","background-media":"","overlay-type":"","overlay-color":"","overlay-opacity":"","overlay-gradient":""},"tablet":{"background-color":"var(--ast-global-color-5)","background-image":"","background-repeat":"repeat","background-position":"center center","background-size":"auto","background-attachment":"scroll","background-type":"","background-media":"","overlay-type":"","overlay-color":"","overlay-opacity":"","overlay-gradient":""},"mobile":{"background-color":"var(--ast-global-color-5)","background-image":"","background-repeat":"repeat","background-position":"center center","background-size":"auto","background-attachment":"scroll","background-type":"","background-media":"","overlay-type":"","overlay-color":"","overlay-opacity":"","overlay-gradient":""}},"footnotes":""},"class_list":["post-26420","page","type-page","status-publish","hentry"],"_links":{"self":[{"href":"https:\/\/www.tanieblaszaki.pl\/cs\/wp-json\/wp\/v2\/pages\/26420","targetHints":{"allow":["GET"]}}],"collection":[{"href":"https:\/\/www.tanieblaszaki.pl\/cs\/wp-json\/wp\/v2\/pages"}],"about":[{"href":"https:\/\/www.tanieblaszaki.pl\/cs\/wp-json\/wp\/v2\/types\/page"}],"author":[{"embeddable":true,"href":"https:\/\/www.tanieblaszaki.pl\/cs\/wp-json\/wp\/v2\/users\/1"}],"replies":[{"embeddable":true,"href":"https:\/\/www.tanieblaszaki.pl\/cs\/wp-json\/wp\/v2\/comments?post=26420"}],"version-history":[{"count":0,"href":"https:\/\/www.tanieblaszaki.pl\/cs\/wp-json\/wp\/v2\/pages\/26420\/revisions"}],"wp:attachment":[{"href":"https:\/\/www.tanieblaszaki.pl\/cs\/wp-json\/wp\/v2\/media?parent=26420"}],"curies":[{"name":"wp","href":"https:\/\/api.w.org\/{rel}","templated":true}]}}